{"id":1020,"date":"2019-10-22T09:32:31","date_gmt":"2019-10-22T07:32:31","guid":{"rendered":"http:\/\/s1073265861.online.de\/?page_id=1020"},"modified":"2025-01-29T09:40:26","modified_gmt":"2025-01-29T08:40:26","slug":"aktuelles","status":"publish","type":"page","link":"https:\/\/schatzkammer-thueringen.de\/en\/aktuelles\/","title":{"rendered":"News"},"content":{"rendered":"<div class=\"wpb-content-wrapper\"><div data-vc-full-width=\"true\" data-vc-full-width-temp=\"true\" data-vc-full-width-init=\"false\" class=\"vc_row wpb_row vc_row-fluid bg-lichtgrau\"><div class=\"wpb_column vc_column_container vc_col-sm-12\"><div class=\"vc_column-inner\"><div class=\"wpb_wrapper\">\n\t<div class=\"wpb_text_column wpb_content_element null pb-2 pt-2\" >\n\t\t<div class=\"wpb_wrapper\">\n\t\t\t<div class=\"breadcrumb\"><div class=\"breadcrumb-box with_sepperators\"><p>You are here: <a href=\"https:\/\/schatzkammer-thueringen.de\/en\/\">Home<\/a><\/div><\/div>\n\n\t\t<\/div>\n\t<\/div>\n<\/div><\/div><\/div><\/div><div class=\"vc_row-full-width vc_clearfix\"><\/div><div class=\"vc_row wpb_row vc_row-fluid\"><div class=\"wpb_column vc_column_container vc_col-sm-12\"><div class=\"vc_column-inner\"><div class=\"wpb_wrapper\"><div class=\"ult-spacer spacer-69dd35c87f4d2\" data-id=\"69dd35c87f4d2\" data-height=\"35\" data-height-mobile=\"35\" data-height-tab=\"35\" data-height-tab-portrait=\"\" data-height-mobile-landscape=\"\" style=\"clear:both;display:block;\"><\/div><h2 style=\"text-align: left\" class=\"vc_custom_heading vc_do_custom_heading rot\" >News<\/h2>\n\t<div class=\"wpb_text_column wpb_content_element\" >\n\t\t<div class=\"wpb_wrapper\">\n\t\t\t\n\n\n<div id=\"wpv-view-layout-4966\" class=\"js-wpv-view-layout js-wpv-layout-responsive js-wpv-view-layout-4966\" data-viewnumber=\"4966\" data-pagination=\"{&quot;id&quot;:&quot;4966&quot;,&quot;query&quot;:&quot;normal&quot;,&quot;type&quot;:&quot;disabled&quot;,&quot;effect&quot;:&quot;fade&quot;,&quot;duration&quot;:500,&quot;speed&quot;:5,&quot;pause_on_hover&quot;:&quot;disabled&quot;,&quot;stop_rollover&quot;:&quot;false&quot;,&quot;cache_pages&quot;:&quot;enabled&quot;,&quot;preload_images&quot;:&quot;enabled&quot;,&quot;preload_pages&quot;:&quot;enabled&quot;,&quot;preload_reach&quot;:1,&quot;spinner&quot;:&quot;builtin&quot;,&quot;spinner_image&quot;:&quot;https:\/\/schatzkammer-thueringen.de\/wp-content\/plugins\/wp-views\/embedded\/res\/img\/ajax-loader.gif&quot;,&quot;callback_next&quot;:&quot;&quot;,&quot;manage_history&quot;:&quot;disabled&quot;,&quot;has_controls_in_form&quot;:&quot;disabled&quot;,&quot;infinite_tolerance&quot;:&quot;0&quot;,&quot;max_pages&quot;:0,&quot;page&quot;:1,&quot;base_permalink&quot;:&quot;\/en\/wp-json\/wp\/v2\/pages\/1020?wpv_view_count=4966&amp;wpv_paged=WPV_PAGE_NUM&quot;,&quot;loop&quot;:{&quot;type&quot;:&quot;&quot;,&quot;name&quot;:&quot;&quot;,&quot;data&quot;:[],&quot;id&quot;:0}}\" data-permalink=\"\/en\/wp-json\/wp\/v2\/pages\/1020?wpv_view_count=4966\">\n\n\t\n\t\n\t\n      <div class=\"row justify-content-center\">\n\t\t<div class=\"col-xl-10 col-lg-12\">\n<div class=\"row hg-grau\">\n\t<div class=\"col-xl-3 col-lg-4 col-md-5 p-0\"><img loading=\"lazy\" decoding=\"async\" class=\"attachment-600x600 size-600x600\" src=\"https:\/\/schatzkammer-thueringen.de\/wp-content\/uploads\/2026\/03\/Plakat-KretzschmarSondermann-wpv_600x600_center_center.jpg\" width=\"600\" height=\"600\" alt=\"\" \/><\/div>\n    <div class=\"col-xl-9 col-lg-8 col-md-7 p-3 grid-inhalt\"><h3 class=\"rot\">Sonderausstellung im Sommerpalais Greiz<\/h3>\n      <p>Zwei Sonderausstellungen zur Karikatur Im Sommerpalais Greiz werden zeitgleich zwei Sonderausstellungen pr\u00e4sentiert, die sich bedeutenden Karikaturisten und ihrem Blick auf Gesellschaft, Politik und Alltag widmen. &#8230;<\/p>\n\n      <a href=\"https:\/\/schatzkammer-thueringen.de\/en\/kretzschmar\/\" class=\"btn btn-rot\">read more<\/a>\n\t<\/div>\n<\/div>\n<\/div>\n        <\/div>\n\t\n      <div class=\"row justify-content-center\">\n\t\t<div class=\"col-xl-10 col-lg-12\">\n<div class=\"row hg-grau\">\n\t<div class=\"col-xl-3 col-lg-4 col-md-5 p-0\"><img loading=\"lazy\" decoding=\"async\" class=\"attachment-600x600 size-600x600\" src=\"https:\/\/schatzkammer-thueringen.de\/wp-content\/uploads\/2019\/08\/slide_schloss-burgk_1-wpv_600x600_center_center.jpg\" width=\"600\" height=\"600\" alt=\"Schloss Burgk\" \/><\/div>\n    <div class=\"col-xl-9 col-lg-8 col-md-7 p-3 grid-inhalt\"><h3 class=\"rot\">Sonderausstellung auf Schlo\u00df Burgk<\/h3>\n      <p>N\u00fcrnberg, China und gemalte Musik \u2013 Die Kunst des Eugen F. Strobel-Matza Die Sonderausstellung widmet sich dem vielseitigen Werk von Eugen F. Strobel-Matza und zeigt &#8230;<\/p>\n\n      <a href=\"https:\/\/schatzkammer-thueringen.de\/en\/strobel-matza\/\" class=\"btn btn-rot\">read more<\/a>\n\t<\/div>\n<\/div>\n<\/div>\n        <\/div>\n\t\n      <div class=\"row justify-content-center\">\n\t\t<div class=\"col-xl-10 col-lg-12\">\n<div class=\"row hg-grau\">\n\t<div class=\"col-xl-3 col-lg-4 col-md-5 p-0\"><img loading=\"lazy\" decoding=\"async\" class=\"attachment-600x600 size-600x600\" src=\"https:\/\/schatzkammer-thueringen.de\/wp-content\/uploads\/2026\/03\/Pracht-und-Prunk-Sonderausstellung-2026-wpv_600x600_center_center.jpg\" width=\"600\" height=\"600\" alt=\"\" \/><\/div>\n    <div class=\"col-xl-9 col-lg-8 col-md-7 p-3 grid-inhalt\"><h3 class=\"rot\">Sonderausstellung im Neuen Palais Arnstadt<\/h3>\n      <p>Pracht und Prunk \u2013 Schierholz-Porzellan Die Sonderausstellung widmet sich der traditionsreichen Porzellanmanufaktur Schierholz aus Plaue und pr\u00e4sentiert \u00fcber 100 ausgew\u00e4hlte Exponate aus dem 19. und &#8230;<\/p>\n\n      <a href=\"https:\/\/schatzkammer-thueringen.de\/en\/pracht-und-prunk\/\" class=\"btn btn-rot\">read more<\/a>\n\t<\/div>\n<\/div>\n<\/div>\n        <\/div>\n\t\n      <div class=\"row justify-content-center\">\n\t\t<div class=\"col-xl-10 col-lg-12\">\n<div class=\"row hg-grau\">\n\t<div class=\"col-xl-3 col-lg-4 col-md-5 p-0\"><img loading=\"lazy\" decoding=\"async\" class=\"attachment-600x600 size-600x600\" src=\"https:\/\/schatzkammer-thueringen.de\/wp-content\/uploads\/2026\/03\/Anzeige-KarikaturZensur-wpv_600x600_center_center.jpg\" width=\"600\" height=\"600\" alt=\"\" \/><\/div>\n    <div class=\"col-xl-9 col-lg-8 col-md-7 p-3 grid-inhalt\"><h3 class=\"rot\">Sonderausstellung im Sommerpalais Greiz<\/h3>\n      <p>Unterm Strich &#8211; Karikatur und Zensur in der DDR Die Ausstellung beleuchtet die besondere Rolle der Karikatur in der DDR: Als Mittel der Agitation und &#8230;<\/p>\n\n      <a href=\"https:\/\/schatzkammer-thueringen.de\/en\/karikatur-und-zensur\/\" class=\"btn btn-rot\">read more<\/a>\n\t<\/div>\n<\/div>\n<\/div>\n        <\/div>\n\t\n      <div class=\"row justify-content-center\">\n\t\t<div class=\"col-xl-10 col-lg-12\">\n<div class=\"row hg-grau\">\n\t<div class=\"col-xl-3 col-lg-4 col-md-5 p-0\"><img loading=\"lazy\" decoding=\"async\" class=\"attachment-600x600 size-600x600\" src=\"https:\/\/schatzkammer-thueringen.de\/wp-content\/uploads\/2026\/03\/Veste_Heldburg-Georg_Plakat-final-kl-724x1024-2-e1772546191796-wpv_600x600_center_center.jpg\" width=\"600\" height=\"600\" alt=\"\" \/><\/div>\n    <div class=\"col-xl-9 col-lg-8 col-md-7 p-3 grid-inhalt\"><h3 class=\"rot\">Sonderausstellung auf der Veste Heldburg<\/h3>\n      <p>Herzog \u2013 Bauherr \u2013 K\u00fcnstler. Georg II. von Sachsen-Meiningen und die Veste Heldburg Anl\u00e4sslich des 200. Geburtstags von Georg II. von Sachsen-Meiningen (1826\u20131914) zeigt das &#8230;<\/p>\n\n      <a href=\"https:\/\/schatzkammer-thueringen.de\/en\/herzog-bauherr-kuenstler\/\" class=\"btn btn-rot\">read more<\/a>\n\t<\/div>\n<\/div>\n<\/div>\n        <\/div>\n\t\n      <div class=\"row justify-content-center\">\n\t\t<div class=\"col-xl-10 col-lg-12\">\n<div class=\"row hg-grau\">\n\t<div class=\"col-xl-3 col-lg-4 col-md-5 p-0\"><img loading=\"lazy\" decoding=\"async\" class=\"attachment-600x600 size-600x600\" src=\"https:\/\/schatzkammer-thueringen.de\/wp-content\/uploads\/2026\/01\/20240119_082820-wpv_600x600_center_center.jpg\" width=\"600\" height=\"600\" alt=\"\" \/><\/div>\n    <div class=\"col-xl-9 col-lg-8 col-md-7 p-3 grid-inhalt\"><h3 class=\"rot\">Winter magic at the Rococo palace in Dornburg<\/h3>\n      <p>An atmospheric afternoon for young and old alike\nOn January 18th, 2026, the Rococo Dornburg Castle invites culture and connoisseurs to a heartwarming winter wonderland \u2013 amidst the enchanting winter landscape...<\/p>\n\n      <a href=\"https:\/\/schatzkammer-thueringen.de\/en\/winterzauber2026\/\" class=\"btn btn-rot\">read more<\/a>\n\t<\/div>\n<\/div>\n<\/div>\n        <\/div>\n\t\n      <div class=\"row justify-content-center\">\n\t\t<div class=\"col-xl-10 col-lg-12\">\n<div class=\"row hg-grau\">\n\t<div class=\"col-xl-3 col-lg-4 col-md-5 p-0\"><img loading=\"lazy\" decoding=\"async\" class=\"attachment-600x600 size-600x600\" src=\"https:\/\/schatzkammer-thueringen.de\/wp-content\/uploads\/2025\/10\/HP-Halloween-Kids-wpv_600x600_center_center.jpg\" width=\"600\" height=\"600\" alt=\"\" \/><\/div>\n    <div class=\"col-xl-9 col-lg-8 col-md-7 p-3 grid-inhalt\"><h3 class=\"rot\">Halloween in Thuringia's residences<\/h3>\n      <p>As October draws to a close, Thuringia's castles and palaces take on a mysterious air. Lights flicker between ancient walls, quiet footsteps...<\/p>\n\n      <a href=\"https:\/\/schatzkammer-thueringen.de\/en\/schloesserkindertag_2025\/\" class=\"btn btn-rot\">read more<\/a>\n\t<\/div>\n<\/div>\n<\/div>\n        <\/div>\n\t\n      <div class=\"row justify-content-center\">\n\t\t<div class=\"col-xl-10 col-lg-12\">\n<div class=\"row hg-grau\">\n\t<div class=\"col-xl-3 col-lg-4 col-md-5 p-0\"><img loading=\"lazy\" decoding=\"async\" class=\"attachment-600x600 size-600x600\" src=\"https:\/\/schatzkammer-thueringen.de\/wp-content\/uploads\/2025\/10\/Online_Friedensteinfest_500-x-500-wpv_600x600_center_center.png\" width=\"600\" height=\"600\" alt=\"\" \/><\/div>\n    <div class=\"col-xl-9 col-lg-8 col-md-7 p-3 grid-inhalt\"><h3 class=\"rot\">Friedenstein Palace: Friedenstein Festival<\/h3>\n      <p>Today, Friedenstein Palace\u2013 Gotha's landmark and member of the Treasure Chamber of Thuringia \u2013 kicks off the grand Friedenstein Festival under the motto \u20181250 Years of Gotha's History\u2019...<\/p>\n\n      <a href=\"https:\/\/schatzkammer-thueringen.de\/en\/schloesserkindertag_2025-4\/\" class=\"btn btn-rot\">read more<\/a>\n\t<\/div>\n<\/div>\n<\/div>\n        <\/div>\n\t\n      <div class=\"row justify-content-center\">\n\t\t<div class=\"col-xl-10 col-lg-12\">\n<div class=\"row hg-grau\">\n\t<div class=\"col-xl-3 col-lg-4 col-md-5 p-0\"><img loading=\"lazy\" decoding=\"async\" class=\"attachment-600x600 size-600x600\" src=\"https:\/\/schatzkammer-thueringen.de\/wp-content\/uploads\/2025\/10\/muna_1-wpv_600x600_center_center.jpg\" width=\"600\" height=\"600\" alt=\"\" \/><\/div>\n    <div class=\"col-xl-9 col-lg-8 col-md-7 p-3 grid-inhalt\"><h3 class=\"rot\">Heldburg Castle: Museum Night<\/h3>\n      <p>On October 18, 2025, Heldburg Castle invites you to a special evening as part of the Regional Museums Night. Under the motto \u2018Sustainable,\u2019...<\/p>\n\n      <a href=\"https:\/\/schatzkammer-thueringen.de\/en\/schloesserkindertag_2025-3\/\" class=\"btn btn-rot\">read more<\/a>\n\t<\/div>\n<\/div>\n<\/div>\n        <\/div>\n\t\n      <div class=\"row justify-content-center\">\n\t\t<div class=\"col-xl-10 col-lg-12\">\n<div class=\"row hg-grau\">\n\t<div class=\"col-xl-3 col-lg-4 col-md-5 p-0\"><img loading=\"lazy\" decoding=\"async\" class=\"attachment-600x600 size-600x600\" src=\"https:\/\/schatzkammer-thueringen.de\/wp-content\/uploads\/2025\/01\/Schloesserkindertag_2025_Web_Kachel-Startseite_800x570px-wpv_600x600_center_center.jpg\" width=\"600\" height=\"600\" alt=\"Plakat zum Schl\u00f6sserkindertag mit Figur in historischer Kleidung und Text: \u201eKomm ins Schloss und reise in die Vergangenheit\u201c.\" \/><\/div>\n    <div class=\"col-xl-9 col-lg-8 col-md-7 p-3 grid-inhalt\"><h3 class=\"rot\">Thuringian Castle Children's Day<\/h3>\n      <p>Little explorers make a big impression: Family time in Thuringia's castles on September 20, 2025<\/p>\n\n      <a href=\"https:\/\/schatzkammer-thueringen.de\/en\/schloesserkindertag_2025-2\/\" class=\"btn btn-rot\">read more<\/a>\n\t<\/div>\n<\/div>\n<\/div>\n        <\/div>\n\t\n      <div class=\"row justify-content-center\">\n\t\t<div class=\"col-xl-10 col-lg-12\">\n<div class=\"row hg-grau\">\n\t<div class=\"col-xl-3 col-lg-4 col-md-5 p-0\"><img loading=\"lazy\" decoding=\"async\" class=\"attachment-600x600 size-600x600\" src=\"https:\/\/schatzkammer-thueringen.de\/wp-content\/uploads\/2025\/08\/Sommerpalais_SATIRICUM-wpv_600x600_center_center.jpg\" width=\"600\" height=\"600\" alt=\"Plakat zur Ausstellung \u201e50 Jahre SATIRICUM\u201c im Sommerpalais Greiz, Laufzeit: 21. Juni 2025 bis 1. M\u00e4rz 2026, Karikatur im Fokus.\" \/><\/div>\n    <div class=\"col-xl-9 col-lg-8 col-md-7 p-3 grid-inhalt\"><h3 class=\"rot\">50 years of SATIRICUM<\/h3>\n      <p>Anniversary exhibition at the Summer Palace in Greiz Half a century of graphic art: The exhibition and collection center for East German caricature, SATIRICUM in the Summer Palace in Greiz, will celebrate its 50th...<\/p>\n\n      <a href=\"https:\/\/schatzkammer-thueringen.de\/en\/50-jahre-satiricum\/\" class=\"btn btn-rot\">read more<\/a>\n\t<\/div>\n<\/div>\n<\/div>\n        <\/div>\n\t\n      <div class=\"row justify-content-center\">\n\t\t<div class=\"col-xl-10 col-lg-12\">\n<div class=\"row hg-grau\">\n\t<div class=\"col-xl-3 col-lg-4 col-md-5 p-0\"><img loading=\"lazy\" decoding=\"async\" class=\"attachment-600x600 size-600x600\" src=\"https:\/\/schatzkammer-thueringen.de\/wp-content\/uploads\/2025\/10\/Dornburger_Schloessernacht_1-wpv_600x600_center_center.jpg\" width=\"600\" height=\"600\" alt=\"Farbenpr\u00e4chtiges Feuerwerk \u00fcber dem festlich beleuchteten Rokokoschloss Dornburg bei Nacht \u2013 stimmungsvolles Finale der Dornburger Schl\u00f6ssernacht in Th\u00fcringen.\" \/><\/div>\n    <div class=\"col-xl-9 col-lg-8 col-md-7 p-3 grid-inhalt\"><h3 class=\"rot\">Dornburg Palaces Night<\/h3>\n      <p>Palace park meets candlelight: Dornburg Palaces Night 2025 invites you to enjoy yourself\nA late summer evening full of music, light, and atmosphere awaits visitors to the Dornburg Palaces Night 2025. ...<\/p>\n\n      <a href=\"https:\/\/schatzkammer-thueringen.de\/en\/dornburger-schloessernacht-2\/\" class=\"btn btn-rot\">read more<\/a>\n\t<\/div>\n<\/div>\n<\/div>\n        <\/div>\n\t\n      <div class=\"row justify-content-center\">\n\t\t<div class=\"col-xl-10 col-lg-12\">\n<div class=\"row hg-grau\">\n\t<div class=\"col-xl-3 col-lg-4 col-md-5 p-0\"><img loading=\"lazy\" decoding=\"async\" class=\"attachment-600x600 size-600x600\" src=\"https:\/\/schatzkammer-thueringen.de\/wp-content\/uploads\/2023\/11\/DSCF5172_klein-wpv_600x600_center_center.jpg\" width=\"600\" height=\"600\" alt=\"Kinder und Familien bei den M\u00e4rchensonntagen im Schloss \u2013 lachende Kinder mit Gesichtsbemalung auf Kissen im Veranstaltungsraum.\" \/><\/div>\n    <div class=\"col-xl-9 col-lg-8 col-md-7 p-3 grid-inhalt\"><h3 class=\"rot\">Fairytale Sundays at Burgk Castle \u2013 enchanting stories<\/h3>\n      <p>A summer full of magic for children and families\nSince June 29th, 2025, Burgk Castle has been whisking guests of all ages into the world of fantasy with its popular Fairy Tale Sundays. The magic of storytelling comes to life within the historic walls of the castle...<\/p>\n\n      <a href=\"https:\/\/schatzkammer-thueringen.de\/en\/maerchensonntage\/\" class=\"btn btn-rot\">read more<\/a>\n\t<\/div>\n<\/div>\n<\/div>\n        <\/div>\n\t\n      <div class=\"row justify-content-center\">\n\t\t<div class=\"col-xl-10 col-lg-12\">\n<div class=\"row hg-grau\">\n\t<div class=\"col-xl-3 col-lg-4 col-md-5 p-0\"><img loading=\"lazy\" decoding=\"async\" class=\"attachment-600x600 size-600x600\" src=\"https:\/\/schatzkammer-thueringen.de\/wp-content\/uploads\/2019\/08\/slide_dornburger_schloesser_1-wpv_600x600_center_center.jpg\" width=\"600\" height=\"600\" alt=\"Rokokoschloss mit pastellfarbener Fassade, umgeben von symmetrischem Schlossgarten und gr\u00fcner Landschaft bei Sonnenschein\" \/><\/div>\n    <div class=\"col-xl-9 col-lg-8 col-md-7 p-3 grid-inhalt\"><h3 class=\"rot\">ZDF Morgenmagazin<\/h3>\n      <p>Summer series \u2018Platz im Schlossgarten\u2019 visits Dornburg\nA special television moment for the Treasure Chamber of Thuringia...<\/p>\n\n      <a href=\"https:\/\/schatzkammer-thueringen.de\/en\/zdf-morgenmagazin\/\" class=\"btn btn-rot\">read more<\/a>\n\t<\/div>\n<\/div>\n<\/div>\n        <\/div>\n\t\n      <div class=\"row justify-content-center\">\n\t\t<div class=\"col-xl-10 col-lg-12\">\n<div class=\"row hg-grau\">\n\t<div class=\"col-xl-3 col-lg-4 col-md-5 p-0\"><img loading=\"lazy\" decoding=\"async\" class=\"attachment-600x600 size-600x600\" src=\"https:\/\/schatzkammer-thueringen.de\/wp-content\/uploads\/2025\/07\/250725-Weltkunst_Sonderheft_SchatzkammerThueringen_Kachel-wpv_600x600_center_center.jpg\" width=\"600\" height=\"600\" alt=\"Weltkunst Magazin 2025: Titelbild der Sonderausgabe zur Schatzkammer Th\u00fcringen mit stilisierter Burglandschaft\" \/><\/div>\n    <div class=\"col-xl-9 col-lg-8 col-md-7 p-3 grid-inhalt\"><h3 class=\"rot\">WELTKUNST &#8211; Das Kunstmagazin der ZEIT<\/h3>\n      <p>Available from July 25, 2025: Special edition of WELTKUNST on the \u201cTreasury of Thuringia\u201d It will be officially available in stores from July 25, 2025: The special edition of WELTKUNST, ...<\/p>\n\n      <a href=\"https:\/\/schatzkammer-thueringen.de\/en\/weltkunst-magazin\/\" class=\"btn btn-rot\">read more<\/a>\n\t<\/div>\n<\/div>\n<\/div>\n        <\/div>\n\t\n      <div class=\"row justify-content-center\">\n\t\t<div class=\"col-xl-10 col-lg-12\">\n<div class=\"row hg-grau\">\n\t<div class=\"col-xl-3 col-lg-4 col-md-5 p-0\"><img loading=\"lazy\" decoding=\"async\" class=\"attachment-600x600 size-600x600\" src=\"https:\/\/schatzkammer-thueringen.de\/wp-content\/uploads\/2024\/10\/Baroqueblockbuster-wpv_600x600_center_center.jpg\" width=\"600\" height=\"600\" alt=\"Der Influencer Baroqueblockbuster mit Brille, Bart und M\u00fctze steht vor einer kunstvoll verzierten Holzt\u00fcr. Die T\u00fcr hat aufw\u00e4ndige Schnitzereien im barocken Stil, die Pflanzenmotive und filigrane Muster zeigen. Der Mann tr\u00e4gt einen karierten Mantel, einen Schal und eine schwarze M\u00fctze und blickt ruhig in die Kamera.\" \/><\/div>\n    <div class=\"col-xl-9 col-lg-8 col-md-7 p-3 grid-inhalt\"><h3 class=\"rot\">Influencer cooperation with Baroqueblockbuster - a highlight for the Thuringian Treasure Chamber<\/h3>\n      <p>Germany has many castles and fortresses, so why go to Thuringia? I had never heard of these places before. There was this untouched piece of ...<\/p>\n\n      <a href=\"https:\/\/schatzkammer-thueringen.de\/en\/influencer-kooperation-mit-baroqueblockbuster-ein-highlight-fuer-die-schatzkammer-thueringen\/\" class=\"btn btn-rot\">read more<\/a>\n\t<\/div>\n<\/div>\n<\/div>\n        <\/div>\n\t  \n\t\n\t\n\t\n<\/div>\n\n\n\t\t<\/div>\n\t<\/div>\n<\/div><\/div><\/div><\/div>\n<\/div>","protected":false},"excerpt":{"rendered":"Sie befinden sich hier: Startseite Aktuelles {!{wpv-view name='darstellung-aktuelles-komplett'}!}","protected":false},"author":3,"featured_media":0,"parent":0,"menu_order":0,"comment_status":"closed","ping_status":"closed","template":"startseite.php","meta":{"footnotes":""},"class_list":["post-1020","page","type-page","status-publish","hentry"],"_links":{"self":[{"href":"https:\/\/schatzkammer-thueringen.de\/en\/wp-json\/wp\/v2\/pages\/1020","targetHints":{"allow":["GET"]}}],"collection":[{"href":"https:\/\/schatzkammer-thueringen.de\/en\/wp-json\/wp\/v2\/pages"}],"about":[{"href":"https:\/\/schatzkammer-thueringen.de\/en\/wp-json\/wp\/v2\/types\/page"}],"author":[{"embeddable":true,"href":"https:\/\/schatzkammer-thueringen.de\/en\/wp-json\/wp\/v2\/users\/3"}],"replies":[{"embeddable":true,"href":"https:\/\/schatzkammer-thueringen.de\/en\/wp-json\/wp\/v2\/comments?post=1020"}],"version-history":[{"count":4,"href":"https:\/\/schatzkammer-thueringen.de\/en\/wp-json\/wp\/v2\/pages\/1020\/revisions"}],"predecessor-version":[{"id":4968,"href":"https:\/\/schatzkammer-thueringen.de\/en\/wp-json\/wp\/v2\/pages\/1020\/revisions\/4968"}],"wp:attachment":[{"href":"https:\/\/schatzkammer-thueringen.de\/en\/wp-json\/wp\/v2\/media?parent=1020"}],"curies":[{"name":"wp","href":"https:\/\/api.w.org\/{rel}","templated":true}]}}