{"id":1248,"date":"2019-10-31T13:13:07","date_gmt":"2019-10-31T12:13:07","guid":{"rendered":"http:\/\/s1073265861.online.de\/?page_id=1248"},"modified":"2026-03-03T11:44:57","modified_gmt":"2026-03-03T10:44:57","slug":"ueber-uns","status":"publish","type":"page","link":"https:\/\/schatzkammer-thueringen.de\/en\/ueber-uns\/","title":{"rendered":"About Us"},"content":{"rendered":"<div class=\"wpb-content-wrapper\"><div data-vc-full-width=\"true\" data-vc-full-width-temp=\"true\" data-vc-full-width-init=\"false\" class=\"vc_row wpb_row vc_row-fluid bg-lichtgrau\"><div class=\"wpb_column vc_column_container vc_col-sm-12\"><div class=\"vc_column-inner\"><div class=\"wpb_wrapper\">\n\t<div class=\"wpb_text_column wpb_content_element null pb-2 pt-2\" >\n\t\t<div class=\"wpb_wrapper\">\n\t\t\t<div class=\"breadcrumb\"><div class=\"breadcrumb-box with_sepperators\"><p>You are here: <a href=\"https:\/\/schatzkammer-thueringen.de\/en\/\">Home<\/a><\/div><\/div>\n\n\t\t<\/div>\n\t<\/div>\n<\/div><\/div><\/div><\/div><div class=\"vc_row-full-width vc_clearfix\"><\/div><div class=\"vc_row wpb_row vc_row-fluid\"><div class=\"wpb_column vc_column_container vc_col-sm-12\"><div class=\"vc_column-inner\"><div class=\"wpb_wrapper\"><div class=\"ult-spacer spacer-69dd3a14e9c6d\" data-id=\"69dd3a14e9c6d\" data-height=\"35\" data-height-mobile=\"35\" data-height-tab=\"35\" data-height-tab-portrait=\"\" data-height-mobile-landscape=\"\" style=\"clear:both;display:block;\"><\/div><h2 style=\"text-align: left\" class=\"vc_custom_heading vc_do_custom_heading\" >The Treasure Chamber of Thuringia<\/h2><div class=\"ult-spacer spacer-69dd3a14e9e7c\" data-id=\"69dd3a14e9e7c\" data-height=\"30\" data-height-mobile=\"30\" data-height-tab=\"30\" data-height-tab-portrait=\"\" data-height-mobile-landscape=\"\" style=\"clear:both;display:block;\"><\/div><\/div><\/div><\/div><\/div><div class=\"vc_row wpb_row vc_row-fluid\"><div class=\"wpb_column vc_column_container vc_col-sm-8\"><div class=\"vc_column-inner\"><div class=\"wpb_wrapper\">\n\t<div class=\"wpb_text_column wpb_content_element\" >\n\t\t<div class=\"wpb_wrapper\">\n\t\t\t<p data-start=\"2447\" data-end=\"2716\">Die Schatzkammer Th\u00fcringen macht das reiche Erbe h\u00f6fischer Kultur sichtbar und zug\u00e4nglich. Th\u00fcringen war \u00fcber Jahrhunderte in zahlreiche kleine Herrschaftsgebiete gegliedert \u2013 ein Nebeneinander von H\u00f6fen, das Konkurrenz und kulturellen Austausch gleicherma\u00dfen f\u00f6rderte.<\/p>\n<p data-start=\"2718\" data-end=\"2927\">Durch die gezielte F\u00f6rderung von Kunst, Architektur, Musik und Gartenkunst entstand eine Residenzenlandschaft von au\u00dfergew\u00f6hnlicher Dichte und Qualit\u00e4t. Diese historische Entwicklung pr\u00e4gt Th\u00fcringen bis heute.<\/p>\n<p>Important architects and artists created <strong>castle buildings of outstanding quality.<\/strong> In some cases, the castles were gradually evolved from fortress grounds, in others they were newly erected according to ambitious plans. Magnificent halls from the Renaissance to Historicism, representative baroque apartments, playful rococo cabinets, and noble classicist rooms bring alive the courtly life of half a millennium.<\/p>\n<p>Princes were collectors. In the beginning, their cabinets of art and curiosities contained a colorful mixture of exotic finds, paintings, goldsmith's work and much more. Later, the princely collections evolved into <strong>special collections<\/strong> that make each castle museum unique to this day.<\/p>\n<p>Thuringian courts were among <strong>the pioneers of modern European garden art.<\/strong> As early as the 18th century, parks were created based on the model of English landscape gardens. Hermann Prince von P\u00fcckler-Muskau is the most prominent of the important garden virtuosos who left their mark here.<\/p>\n<p style=\"text-align: right;\">\u00bb\u00a0\u00a0<a href=\"https:\/\/schatzkammer-thueringen.de\/wp-content\/uploads\/2025\/07\/SKT_Ueberblicksheft_low.pdf\">Overview booklet for download<\/a><\/p>\n\n\t\t<\/div>\n\t<\/div>\n<\/div><\/div><\/div><div class=\"wpb_column vc_column_container vc_col-sm-4\" id=\"kontakt\"><div class=\"vc_column-inner\"><div class=\"wpb_wrapper\"><div class=\"ult-content-box-container box-grau hinweis\" >\t\t<div class=\"ult-content-box\" style=\"box-shadow: px px px px none;padding-top:25px;padding-right:15px;padding-bottom:25px;padding-left:15px;-webkit-transition: all 700ms ease;-moz-transition: all 700ms ease;-ms-transition: all 700ms ease;-o-transition: all 700ms ease;transition: all 700ms ease;\"  data-hover_box_shadow=\"none\"    ><h4 style=\"text-align: center\" class=\"vc_custom_heading vc_do_custom_heading\" >Contact<\/h4>\n\t<div class=\"wpb_text_column wpb_content_element\" >\n\t\t<div class=\"wpb_wrapper\">\n\t\t\t<hr \/>\n<p><b>Treasure Chamber of Thuringia<\/b><\/p>\n<p>Janine B\u00f6hm<\/p>\n<p>Office:<br \/>\nFriedenstein Foundation Gotha<br \/>\nSchlossplatz 1 | 99867 Gotha<br \/>\nPhone: +49 3621 | 82 34 505<\/p>\n<p>E-Mail:<br \/>\n<a href=\"mailto:info@schatzkammer-thueringen.de\">info@schatzkammer-thueringen.de<\/a><\/p>\n\n\t\t<\/div>\n\t<\/div>\n\t\t<\/div><\/div><\/div><\/div><\/div><\/div><div class=\"vc_row wpb_row vc_row-fluid\"><div class=\"wpb_column vc_column_container vc_col-sm-12\"><div class=\"vc_column-inner\"><div class=\"wpb_wrapper\"><div class=\"ult-spacer spacer-69dd3a14ea782\" data-id=\"69dd3a14ea782\" data-height=\"20\" data-height-mobile=\"20\" data-height-tab=\"20\" data-height-tab-portrait=\"\" data-height-mobile-landscape=\"\" style=\"clear:both;display:block;\"><\/div><\/div><\/div><\/div><\/div><div class=\"vc_row wpb_row vc_row-fluid\"><div class=\"wpb_column vc_column_container vc_col-sm-8\"><div class=\"vc_column-inner\"><div class=\"wpb_wrapper\">\n\t<div class=\"wpb_text_column wpb_content_element\" >\n\t\t<div class=\"wpb_wrapper\">\n\t\t\t<p>We are glad to help you with general inquiries and provide you with information and image material. Please feel free to contact us!<\/p>\n\n\t\t<\/div>\n\t<\/div>\n<\/div><\/div><\/div><div class=\"wpb_column vc_column_container vc_col-sm-4\"><div class=\"vc_column-inner\"><div class=\"wpb_wrapper\">\n\t<div  class=\"wpb_single_image wpb_content_element vc_align_left wpb_content_element\">\n\t\t\n\t\t<figure class=\"wpb_wrapper vc_figure\">\n\t\t\t<div class=\"vc_single_image-wrapper   vc_box_border_grey\"><img loading=\"lazy\" decoding=\"async\" width=\"1200\" height=\"901\" src=\"https:\/\/schatzkammer-thueringen.de\/wp-content\/uploads\/2019\/11\/Teaserbox_Schl\u00f6ssertage_P1020185.jpg?ver=1738153131\" class=\"vc_single_image-img attachment-full\" alt=\"Th\u00fcringer Schl\u00f6ssertage zu Pfingsten\" title=\"Teaserbox_Schl\u00f6ssertage_P1020185\" srcset=\"https:\/\/schatzkammer-thueringen.de\/wp-content\/uploads\/2019\/11\/Teaserbox_Schl\u00f6ssertage_P1020185.jpg 1200w, https:\/\/schatzkammer-thueringen.de\/wp-content\/uploads\/2019\/11\/Teaserbox_Schl\u00f6ssertage_P1020185-300x225.jpg 300w, https:\/\/schatzkammer-thueringen.de\/wp-content\/uploads\/2019\/11\/Teaserbox_Schl\u00f6ssertage_P1020185-768x577.jpg 768w, https:\/\/schatzkammer-thueringen.de\/wp-content\/uploads\/2019\/11\/Teaserbox_Schl\u00f6ssertage_P1020185-1024x769.jpg 1024w, https:\/\/schatzkammer-thueringen.de\/wp-content\/uploads\/2019\/11\/Teaserbox_Schl\u00f6ssertage_P1020185-16x12.jpg 16w\" sizes=\"auto, (max-width: 1200px) 100vw, 1200px\" \/><\/div>\n\t\t<\/figure>\n\t<\/div>\n<\/div><\/div><\/div><\/div><div class=\"vc_row wpb_row vc_row-fluid\"><div class=\"wpb_column vc_column_container vc_col-sm-12\"><div class=\"vc_column-inner\"><div class=\"wpb_wrapper\">\n\t<div  class=\"wpb_single_image wpb_content_element vc_align_center wpb_content_element\">\n\t\t\n\t\t<figure class=\"wpb_wrapper vc_figure\">\n\t\t\t<div class=\"vc_single_image-wrapper   vc_box_border_grey\"><img loading=\"lazy\" decoding=\"async\" width=\"1600\" height=\"1141\" src=\"https:\/\/schatzkammer-thueringen.de\/wp-content\/uploads\/2021\/01\/Schatzkammer_U\u2560ebersichtskarte.jpg\" class=\"vc_single_image-img attachment-full\" alt=\"\" title=\"2020-06_Schatzkammer_\u00dcbersichtskarte.indd\" srcset=\"https:\/\/schatzkammer-thueringen.de\/wp-content\/uploads\/2021\/01\/Schatzkammer_U\u2560ebersichtskarte.jpg 1600w, https:\/\/schatzkammer-thueringen.de\/wp-content\/uploads\/2021\/01\/Schatzkammer_U\u2560ebersichtskarte-18x12.jpg 18w, https:\/\/schatzkammer-thueringen.de\/wp-content\/uploads\/2021\/01\/Schatzkammer_U\u2560ebersichtskarte-300x214.jpg 300w, https:\/\/schatzkammer-thueringen.de\/wp-content\/uploads\/2021\/01\/Schatzkammer_U\u2560ebersichtskarte-768x548.jpg 768w, https:\/\/schatzkammer-thueringen.de\/wp-content\/uploads\/2021\/01\/Schatzkammer_U\u2560ebersichtskarte-1024x730.jpg 1024w, https:\/\/schatzkammer-thueringen.de\/wp-content\/uploads\/2021\/01\/Schatzkammer_U\u2560ebersichtskarte-1536x1095.jpg 1536w\" sizes=\"auto, (max-width: 1600px) 100vw, 1600px\" \/><\/div>\n\t\t<\/figure>\n\t<\/div>\n<\/div><\/div><\/div><\/div>\n<\/div>","protected":false},"excerpt":{"rendered":"Sie befinden sich hier: Startseite Die Schatzkammer Th\u00fcringen Die Schatzkammer Th\u00fcringen macht das reiche Erbe h\u00f6fischer Kultur sichtbar und zug\u00e4nglich. Th\u00fcringen war \u00fcber Jahrhunderte in zahlreiche kleine Herrschaftsgebiete gegliedert \u2013 ein Nebeneinander von H\u00f6fen, das Konkurrenz und kulturellen Austausch gleicherma\u00dfen f\u00f6rderte. Durch die gezielte F\u00f6rderung von Kunst, Architektur, Musik und Gartenkunst entstand eine Residenzenlandschaft von [...]","protected":false},"author":3,"featured_media":702,"parent":0,"menu_order":0,"comment_status":"closed","ping_status":"closed","template":"","meta":{"footnotes":""},"class_list":["post-1248","page","type-page","status-publish","has-post-thumbnail","hentry"],"_links":{"self":[{"href":"https:\/\/schatzkammer-thueringen.de\/en\/wp-json\/wp\/v2\/pages\/1248","targetHints":{"allow":["GET"]}}],"collection":[{"href":"https:\/\/schatzkammer-thueringen.de\/en\/wp-json\/wp\/v2\/pages"}],"about":[{"href":"https:\/\/schatzkammer-thueringen.de\/en\/wp-json\/wp\/v2\/types\/page"}],"author":[{"embeddable":true,"href":"https:\/\/schatzkammer-thueringen.de\/en\/wp-json\/wp\/v2\/users\/3"}],"replies":[{"embeddable":true,"href":"https:\/\/schatzkammer-thueringen.de\/en\/wp-json\/wp\/v2\/comments?post=1248"}],"version-history":[{"count":20,"href":"https:\/\/schatzkammer-thueringen.de\/en\/wp-json\/wp\/v2\/pages\/1248\/revisions"}],"predecessor-version":[{"id":6949,"href":"https:\/\/schatzkammer-thueringen.de\/en\/wp-json\/wp\/v2\/pages\/1248\/revisions\/6949"}],"wp:featuredmedia":[{"embeddable":true,"href":"https:\/\/schatzkammer-thueringen.de\/en\/wp-json\/wp\/v2\/media\/702"}],"wp:attachment":[{"href":"https:\/\/schatzkammer-thueringen.de\/en\/wp-json\/wp\/v2\/media?parent=1248"}],"curies":[{"name":"wp","href":"https:\/\/api.w.org\/{rel}","templated":true}]}}