{"id":2186,"date":"2020-05-25T14:58:02","date_gmt":"2020-05-25T12:58:02","guid":{"rendered":"http:\/\/s1073265861.online.de\/?page_id=2186"},"modified":"2025-04-29T14:32:33","modified_gmt":"2025-04-29T12:32:33","slug":"wir-ueber-uns","status":"publish","type":"page","link":"https:\/\/schatzkammer-thueringen.de\/en\/wir-ueber-uns\/","title":{"rendered":"Wir \u00fcber uns"},"content":{"rendered":"<div class=\"wpb-content-wrapper\"><div class=\"vc_row wpb_row vc_row-fluid\"><div class=\"wpb_column vc_column_container vc_col-sm-12\"><div class=\"vc_column-inner\"><div class=\"wpb_wrapper\"><div class=\"ult-spacer spacer-69dac934267f6\" data-id=\"69dac934267f6\" data-height=\"35\" data-height-mobile=\"35\" data-height-tab=\"35\" data-height-tab-portrait=\"\" data-height-mobile-landscape=\"\" style=\"clear:both;display:block;\"><\/div><\/div><\/div><\/div><\/div><div class=\"vc_row wpb_row vc_row-fluid\"><div class=\"wpb_column vc_column_container vc_col-sm-8\"><div class=\"vc_column-inner\"><div class=\"wpb_wrapper\"><h2 style=\"text-align: left\" class=\"vc_custom_heading vc_do_custom_heading\" >Das sind wir<\/h2><div class=\"ult-spacer spacer-69dac9342773e\" data-id=\"69dac9342773e\" data-height=\"30\" data-height-mobile=\"30\" data-height-tab=\"30\" data-height-tab-portrait=\"\" data-height-mobile-landscape=\"\" style=\"clear:both;display:block;\"><\/div>\n\t<div class=\"wpb_text_column wpb_content_element\" >\n\t\t<div class=\"wpb_wrapper\">\n\t\t\t<p>Die Schatzkammer Th\u00fcringen ist der Verbund der Museen in den ehemaligen Residenzschl\u00f6ssern Th\u00fcringens.<\/p>\n<p>Die Th\u00fcringer Vielstaaterei f\u00fchrte zu einer gro\u00dfen Dichte f\u00fcrstlicher Sammlungen von herausragender Qualit\u00e4t.<\/p>\n<p>Die Schatzkammer Th\u00fcringen m\u00f6chte in ihren Museen das vielf\u00e4ltige Erbe der th\u00fcringischen Residenzkultur bewahren, zug\u00e4nglich machen und vermitteln.<\/p>\n\n\t\t<\/div>\n\t<\/div>\n<div class=\"ult-spacer spacer-69dac93427832\" data-id=\"69dac93427832\" data-height=\"10\" data-height-mobile=\"10\" data-height-tab=\"10\" data-height-tab-portrait=\"\" data-height-mobile-landscape=\"\" style=\"clear:both;display:block;\"><\/div><h3 style=\"text-align: left\" class=\"vc_custom_heading vc_do_custom_heading\" >Themendossiers und Bilder f\u00fcr Medienvertreter und Reiseveranstalter<\/h3><div class=\"ult-spacer spacer-69dac93427931\" data-id=\"69dac93427931\" data-height=\"30\" data-height-mobile=\"30\" data-height-tab=\"30\" data-height-tab-portrait=\"\" data-height-mobile-landscape=\"\" style=\"clear:both;display:block;\"><\/div>\n\t<div class=\"wpb_text_column wpb_content_element\" >\n\t\t<div class=\"wpb_wrapper\">\n\t\t\t<p>We are glad to help you with general inquiries and provide you with information and image material. Please feel free to contact us!<\/p>\n<p>Here you will find information about:<\/p>\n<ul>\n<li class=\"translation-block\"><a href=\"https:\/\/schatzkammer-thueringen.de\/wp-content\/uploads\/2020\/06\/Vorlage-Presseinformation-Schatzkammer-Th\u00fcringen.pdf\" target=\"_self\">Treasure Chamber of Thuringia<\/a><\/li>\n<li class=\"translation-block\"><a href=\"https:\/\/schatzkammer-thueringen.de\/wp-content\/uploads\/2020\/06\/Vorlage-Presseinformation-Th\u00fcringer-Schl\u00f6ssertage.pdf\" target=\"_self\">Thuringian Castle Days at Whitsun<\/a><\/li>\n<li class=\"translation-block\"><a href=\"https:\/\/schatzkammer-thueringen.de\/wp-content\/uploads\/2020\/06\/Vorlage-Presseinformation-Schl\u00f6sserkindertag.pdf\" target=\"_self\">Castle Children's Day<\/a> on World Children's Day (September 20)<\/li>\n<\/ul>\n\n\t\t<\/div>\n\t<\/div>\n<\/div><\/div><\/div><div class=\"wpb_column vc_column_container vc_col-sm-4\" id=\"kontakt\"><div class=\"vc_column-inner\"><div class=\"wpb_wrapper\"><div class=\"ult-content-box-container box-grau hinweis\" >\t\t<div class=\"ult-content-box\" style=\"box-shadow: px px px px none;padding-top:25px;padding-right:15px;padding-bottom:25px;padding-left:15px;-webkit-transition: all 700ms ease;-moz-transition: all 700ms ease;-ms-transition: all 700ms ease;-o-transition: all 700ms ease;transition: all 700ms ease;\"  data-hover_box_shadow=\"none\"    ><h4 style=\"text-align: center\" class=\"vc_custom_heading vc_do_custom_heading\" >Contact<\/h4>\n\t<div class=\"wpb_text_column wpb_content_element\" >\n\t\t<div class=\"wpb_wrapper\">\n\t\t\t<hr \/>\n<p><b>Treasure Chamber of Thuringia<\/b><\/p>\n<p>Janine B\u00f6hm<\/p>\n<p>Office:<br \/>\nFriedenstein Foundation Gotha<br \/>\nSchlossplatz 1 | 99867 Gotha<br \/>\nPhone: +49 3621 | 82 34 505<\/p>\n<p>E-Mail:<br \/>\n<a href=\"mailto:info@schatzkammer-thueringen.de\">info@schatzkammer-thueringen.de<\/a><\/p>\n\n\t\t<\/div>\n\t<\/div>\n\t\t<\/div><\/div><\/div><\/div><\/div><\/div><div class=\"vc_row wpb_row vc_row-fluid\"><div class=\"wpb_column vc_column_container vc_col-sm-8\"><div class=\"vc_column-inner\"><div class=\"wpb_wrapper\"><div class=\"vc_tta-container\" data-vc-action=\"collapse\"><h2>Die Schatzkammer Th\u00fcringen steht f\u00fcr<\/h2><div class=\"vc_general vc_tta vc_tta-accordion vc_tta-color-grey vc_tta-style-classic vc_tta-shape-rounded vc_tta-o-shape-group vc_tta-controls-align-default\"><div class=\"vc_tta-panels-container\"><div class=\"vc_tta-panels\"><div class=\"vc_tta-panel\" id=\"1590675499180-af12ee28-cf7f\" data-vc-content=\".vc_tta-panel-body\"><div class=\"vc_tta-panel-heading\"><h4 class=\"vc_tta-panel-title vc_tta-controls-icon-position-left\"><a href=\"#1590675499180-af12ee28-cf7f\" data-vc-accordion data-vc-container=\".vc_tta-container\"><span class=\"vc_tta-title-text\">1 Land<\/span><i class=\"vc_tta-controls-icon vc_tta-controls-icon-plus\"><\/i><\/a><\/h4><\/div><div class=\"vc_tta-panel-body\">\n\t<div class=\"wpb_text_column wpb_content_element\" >\n\t\t<div class=\"wpb_wrapper\">\n\t\t\t<p>Th\u00fcringen zwischen Harz im Norden und Th\u00fcringer Wald im S\u00fcden, zwischen Saale im Osten und Werra im Westen.<\/p>\n\n\t\t<\/div>\n\t<\/div>\n<\/div><\/div><div class=\"vc_tta-panel\" id=\"1591096271907-a6edab3a-3681\" data-vc-content=\".vc_tta-panel-body\"><div class=\"vc_tta-panel-heading\"><h4 class=\"vc_tta-panel-title vc_tta-controls-icon-position-left\"><a href=\"#1591096271907-a6edab3a-3681\" data-vc-accordion data-vc-container=\".vc_tta-container\"><span class=\"vc_tta-title-text\">3 Familien<\/span><i class=\"vc_tta-controls-icon vc_tta-controls-icon-plus\"><\/i><\/a><\/h4><\/div><div class=\"vc_tta-panel-body\">\n\t<div class=\"wpb_text_column wpb_content_element\" >\n\t\t<div class=\"wpb_wrapper\">\n\t\t\t<p>Wettiner (Ernestiner), Schwarzburger und Reu\u00dfen<\/p>\n\n\t\t<\/div>\n\t<\/div>\n<\/div><\/div><div class=\"vc_tta-panel\" id=\"1591097819687-4be5e80d-d960\" data-vc-content=\".vc_tta-panel-body\"><div class=\"vc_tta-panel-heading\"><h4 class=\"vc_tta-panel-title vc_tta-controls-icon-position-left\"><a href=\"#1591097819687-4be5e80d-d960\" data-vc-accordion data-vc-container=\".vc_tta-container\"><span class=\"vc_tta-title-text\">8 F\u00fcrstent\u00fcmer &amp; 1 Exklave<\/span><i class=\"vc_tta-controls-icon vc_tta-controls-icon-plus\"><\/i><\/a><\/h4><\/div><div class=\"vc_tta-panel-body\">\n\t<div class=\"wpb_text_column wpb_content_element\" >\n\t\t<div class=\"wpb_wrapper\">\n\t\t\t<p>Stand 1918: Gro\u00dfherzogtum Sachsen-Weimar-Eisenach, Herzogt\u00fcmer Sachsen-Coburg und Gotha, Sachsen-Altenburg und Sachsen-Meiningen, F\u00fcrstent\u00fcmer Schwarzburg-Rudolstadt, Schwarzburg-Sondershausen, Reu\u00df \u00c4.L., Reu\u00df J.L.<\/p>\n<p>Problem: hessische Exklave Schmalkalden, Reu\u00df J.L. in SK TH mit keinem Schloss vertreten<\/p>\n\n\t\t<\/div>\n\t<\/div>\n<\/div><\/div><div class=\"vc_tta-panel\" id=\"1591097823704-608bb02d-98dd\" data-vc-content=\".vc_tta-panel-body\"><div class=\"vc_tta-panel-heading\"><h4 class=\"vc_tta-panel-title vc_tta-controls-icon-position-left\"><a href=\"#1591097823704-608bb02d-98dd\" data-vc-accordion data-vc-container=\".vc_tta-container\"><span class=\"vc_tta-title-text\">13 Schatzkammer-Mitglieder<\/span><i class=\"vc_tta-controls-icon vc_tta-controls-icon-plus\"><\/i><\/a><\/h4><\/div><div class=\"vc_tta-panel-body\">\n\t<div class=\"wpb_text_column wpb_content_element\" >\n\t\t<div class=\"wpb_wrapper\">\n\t\t\t<p>Zahlende Kooperationspartner (Museen in den Schl\u00f6ssern, KSW, STSG)<\/p>\n\n\t\t<\/div>\n\t<\/div>\n<\/div><\/div><div class=\"vc_tta-panel\" id=\"1591097825381-28fddca2-ebd0\" data-vc-content=\".vc_tta-panel-body\"><div class=\"vc_tta-panel-heading\"><h4 class=\"vc_tta-panel-title vc_tta-controls-icon-position-left\"><a href=\"#1591097825381-28fddca2-ebd0\" data-vc-accordion data-vc-container=\".vc_tta-container\"><span class=\"vc_tta-title-text\">20 historische Anlagen<\/span><i class=\"vc_tta-controls-icon vc_tta-controls-icon-plus\"><\/i><\/a><\/h4><\/div><div class=\"vc_tta-panel-body\">\n\t<div class=\"wpb_text_column wpb_content_element\" >\n\t\t<div class=\"wpb_wrapper\">\n\t\t\t<p>15 Schl\u00f6sser von Altenburg bis Weimar (vgl. Schl\u00f6ssertage) plus: WE-Belvedere, WE-Ettersburg, WE-Tiefurt, Altenstein, Wilhelmsthal<\/p>\n\n\t\t<\/div>\n\t<\/div>\n<\/div><\/div><div class=\"vc_tta-panel\" id=\"1591097827169-ca974b8e-a7b1\" data-vc-content=\".vc_tta-panel-body\"><div class=\"vc_tta-panel-heading\"><h4 class=\"vc_tta-panel-title vc_tta-controls-icon-position-left\"><a href=\"#1591097827169-ca974b8e-a7b1\" data-vc-accordion data-vc-container=\".vc_tta-container\"><span class=\"vc_tta-title-text\">123 Hektar Garten- und Parkanlagen in 17 Liegenschaften<\/span><i class=\"vc_tta-controls-icon vc_tta-controls-icon-plus\"><\/i><\/a><\/h4><\/div><div class=\"vc_tta-panel-body\">\n\t<div class=\"wpb_text_column wpb_content_element\" >\n\t\t<div class=\"wpb_wrapper\">\n\t\t\t<p>keine G\u00e4rten in Arnstadt, Heldburg<\/p>\n<p>Schlosspark Meiningen nicht Miglieder der Schatzkammer?!<\/p>\n\n\t\t<\/div>\n\t<\/div>\n<\/div><\/div><div class=\"vc_tta-panel\" id=\"1591097869908-8a165531-03aa\" data-vc-content=\".vc_tta-panel-body\"><div class=\"vc_tta-panel-heading\"><h4 class=\"vc_tta-panel-title vc_tta-controls-icon-position-left\"><a href=\"#1591097869908-8a165531-03aa\" data-vc-accordion data-vc-container=\".vc_tta-container\"><span class=\"vc_tta-title-text\">Fast ein halbes Jahrtausend Schlossarchitektur von Renaisance bis Historismus<\/span><i class=\"vc_tta-controls-icon vc_tta-controls-icon-plus\"><\/i><\/a><\/h4><\/div><div class=\"vc_tta-panel-body\">\n\t<div class=\"wpb_text_column wpb_content_element\" >\n\t\t<div class=\"wpb_wrapper\">\n\t\t\t<p>von ca. 1500 bis 1918<\/p>\n\n\t\t<\/div>\n\t<\/div>\n<\/div><\/div><div class=\"vc_tta-panel\" id=\"1590675499220-15b33afb-47df\" data-vc-content=\".vc_tta-panel-body\"><div class=\"vc_tta-panel-heading\"><h4 class=\"vc_tta-panel-title vc_tta-controls-icon-position-left\"><a href=\"#1590675499220-15b33afb-47df\" data-vc-accordion data-vc-container=\".vc_tta-container\"><span class=\"vc_tta-title-text\">Weitere Hintergrundinformationen<\/span><i class=\"vc_tta-controls-icon vc_tta-controls-icon-plus\"><\/i><\/a><\/h4><\/div><div class=\"vc_tta-panel-body\">\n\t<div class=\"wpb_text_column wpb_content_element\" >\n\t\t<div class=\"wpb_wrapper\">\n\t\t\t<p>The Treasure Chamber of Thuringia invites you to experience the rich heritage of courtly culture in Thuringia - princely castles with their collections and gardens.<br \/>\nFor centuries, Thuringia consisted of numerous small dominions. Competition and exchange characterized the close relationships between the dukes, princes, and counts. The rulers competed with each other, especially in the promotion of art and culture. Hereby, the great courts of Europe served as a model.<\/p>\n<p>Important architects and artists created <strong>castle buildings of outstanding quality.<\/strong> In some cases, the castles were gradually evolved from fortress grounds, in others they were newly erected according to ambitious plans. Magnificent halls from the Renaissance to Historicism, representative baroque apartments, playful rococo cabinets, and noble classicist rooms bring alive the courtly life of half a millennium.<\/p>\n<p>Princes were collectors. In the beginning, their cabinets of art and curiosities contained a colorful mixture of exotic finds, paintings, goldsmith's work and much more. Later, the princely collections evolved into <strong>special collections<\/strong> that make each castle museum unique to this day.<\/p>\n<p>Thuringian courts were among <strong>the pioneers of modern European garden art.<\/strong> As early as the 18th century, parks were created based on the model of English landscape gardens. Hermann Prince von P\u00fcckler-Muskau is the most prominent of the important garden virtuosos who left their mark here.<\/p>\n\n\t\t<\/div>\n\t<\/div>\n<\/div><\/div><\/div><\/div><\/div><\/div><\/div><\/div><\/div><div class=\"wpb_column vc_column_container vc_col-sm-4\"><div class=\"vc_column-inner\"><div class=\"wpb_wrapper\">\n\t<div  class=\"wpb_single_image wpb_content_element vc_align_center wpb_content_element\">\n\t\t\n\t\t<figure class=\"wpb_wrapper vc_figure\">\n\t\t\t<div class=\"vc_single_image-wrapper   vc_box_border_grey\"><img loading=\"lazy\" decoding=\"async\" width=\"668\" height=\"1000\" src=\"https:\/\/schatzkammer-thueringen.de\/wp-content\/uploads\/2019\/08\/schloss_molsdorf_2.jpg\" class=\"vc_single_image-img attachment-full\" alt=\"Schloss Molsdorf\" title=\"schloss_molsdorf_2\" srcset=\"https:\/\/schatzkammer-thueringen.de\/wp-content\/uploads\/2019\/08\/schloss_molsdorf_2.jpg 668w, https:\/\/schatzkammer-thueringen.de\/wp-content\/uploads\/2019\/08\/schloss_molsdorf_2-8x12.jpg 8w, https:\/\/schatzkammer-thueringen.de\/wp-content\/uploads\/2019\/08\/schloss_molsdorf_2-200x300.jpg 200w\" sizes=\"auto, (max-width: 668px) 100vw, 668px\" \/><\/div>\n\t\t<\/figure>\n\t<\/div>\n<\/div><\/div><\/div><\/div><div class=\"vc_row wpb_row vc_row-fluid\"><div class=\"wpb_column vc_column_container vc_col-sm-12\"><div class=\"vc_column-inner\"><div class=\"wpb_wrapper\"><div class=\"ult-spacer spacer-69dac93429de5\" data-id=\"69dac93429de5\" data-height=\"80\" data-height-mobile=\"80\" data-height-tab=\"80\" data-height-tab-portrait=\"\" data-height-mobile-landscape=\"\" style=\"clear:both;display:block;\"><\/div><\/div><\/div><\/div><\/div><div class=\"vc_row wpb_row vc_row-fluid\"><div class=\"wpb_column vc_column_container vc_col-sm-8\"><div class=\"vc_column-inner\"><div class=\"wpb_wrapper\"><div class=\"vc_tta-container\" data-vc-action=\"collapse\"><h2>J\u00e4hrliche Veranstaltungen<\/h2><div class=\"vc_general vc_tta vc_tta-accordion vc_tta-color-grey vc_tta-style-classic vc_tta-shape-rounded vc_tta-o-shape-group vc_tta-controls-align-default\"><div class=\"vc_tta-panels-container\"><div class=\"vc_tta-panels\"><div class=\"vc_tta-panel vc_active\" id=\"1591096217843-dff5cbbc-ec73\" data-vc-content=\".vc_tta-panel-body\"><div class=\"vc_tta-panel-heading\"><h4 class=\"vc_tta-panel-title vc_tta-controls-icon-position-left\"><a href=\"#1591096217843-dff5cbbc-ec73\" data-vc-accordion data-vc-container=\".vc_tta-container\"><span class=\"vc_tta-title-text\">Thuringian Castle Days at Pentecost<\/span><i class=\"vc_tta-controls-icon vc_tta-controls-icon-plus\"><\/i><\/a><\/h4><\/div><div class=\"vc_tta-panel-body\">\n\t<div class=\"wpb_text_column wpb_content_element\" >\n\t\t<div class=\"wpb_wrapper\">\n\t\t\t<p>Eindrucksvolle Schl\u00f6sser, bl\u00fchende G\u00e4rten, historische Theater und erlesene Sammlungen \u2013 Th\u00fcringen bewahrt ein unvergleichliches Kulturerbe, das j\u00e4hrlich zahlreiche Besucher begeistert. In keinem anderen Landstrich Deutschlands liegen die ehemaligen F\u00fcrstenresidenzen mit ihren herausragenden Sehensw\u00fcrdigkeiten so eng beieinander. Grund genug, dieses Erbe gemeinsam zu pr\u00e4sentieren!<\/p>\n<p>Zu Pfingsten laden die Schl\u00f6sser ein, ihre Sch\u00e4tze w\u00e4hrend der \u201eTh\u00fcringer Schl\u00f6ssertage\u201c unter einem j\u00e4hrlich wechselnden Motto kennenzulernen. Spannende F\u00fchrungen, Aktionen und Veranstaltungen f\u00fcr die ganze Familie lassen Besucher aus Nah und Fern Th\u00fcringer Residenzkultur immer wieder neu entdecken und vermitteln dabei manch ungeahnte Einsicht.<\/p>\n<p>Seit 2014 veranstalten die Museen der Schatzkammer Th\u00fcringen die Schl\u00f6ssertage als erstes gemeinsames Veranstaltungsformat.<\/p>\n<p style=\"text-align: center;\">Auf diese Jahresthemen k\u00f6nnen Sie sich freuen:<\/p>\n<p><em>June 6th - 9th, 2025<\/em><br \/>\nAufgestanden! Herrschaft und Volk<\/p>\n<p><em>May 22nd - 25th, 2026<\/em><br \/>\nAufgef\u00fchrt! Fahrendes Volk und h\u00f6fisches Theater<\/p>\n<p><a href=\"https:\/\/schatzkammer-thueringen.de\/en\/schloessertage-pfingsten\/\">Hier<\/a> finden Sie mehr Informationen.<\/p>\n\n\t\t<\/div>\n\t<\/div>\n<\/div><\/div><div class=\"vc_tta-panel\" id=\"1591096218311-ba6e3435-ecd0\" data-vc-content=\".vc_tta-panel-body\"><div class=\"vc_tta-panel-heading\"><h4 class=\"vc_tta-panel-title vc_tta-controls-icon-position-left\"><a href=\"#1591096218311-ba6e3435-ecd0\" data-vc-accordion data-vc-container=\".vc_tta-container\"><span class=\"vc_tta-title-text\">Schl\u00f6sserkindertag am 20. September<\/span><i class=\"vc_tta-controls-icon vc_tta-controls-icon-plus\"><\/i><\/a><\/h4><\/div><div class=\"vc_tta-panel-body\">\n\t<div class=\"wpb_text_column wpb_content_element\" >\n\t\t<div class=\"wpb_wrapper\">\n\t\t\t<p>Heute stehst Du im Mittelpunkt. Am Internationalen Kindertag (20. September) dreht sich in den Schl\u00f6ssern der Schatzkammer Th\u00fcringen alles nur um Dich und Deine Freunde. Wir feiern Euren Ehrentag mit dem Th\u00fcringer Schl\u00f6sserkindertag.<\/p>\n<p>Seit 2019 ist der Internationale Kindertag gesetzlicher Feiertag in Th\u00fcringen. Dies war f\u00fcr uns Anlass, ebenfalls 2019 den Schl\u00f6sserkindertag ins Leben zu rufen.<\/p>\n<p>Seid dabei und begebt Euch auf eine Zeitreise in vergangene Jahrhunderte. Findet den Prinzen oder die Prinzessin in Euch.<\/p>\n<p><a href=\"https:\/\/schatzkammer-thueringen.de\/en\/schloesserkindertage\/\">Hier<\/a> findet Ihr mehr Informationen.<\/p>\n\n\t\t<\/div>\n\t<\/div>\n<\/div><\/div><\/div><\/div><\/div><\/div><\/div><\/div><\/div><div class=\"wpb_column vc_column_container vc_col-sm-4\"><div class=\"vc_column-inner\"><div class=\"wpb_wrapper\"><div tabindex=\"0\" class=\"ult-new-ib ult-ib-effect-style10  ult-ib-resp\" data-min-width=\"768\" data-max-width=\"900\" style=\"\" data-opacity=\"1\" data-hover-opacity=\"1\" ><img decoding=\"async\" class=\"ult-new-ib-img\" style=\"opacity:1;\" alt=\"null\" src=\"https:\/\/schatzkammer-thueringen.de\/wp-content\/uploads\/2020\/05\/TST_Marken_4C_postiv.jpg\"   \/><div id=\"interactive-banner-wrap-8207\" class=\"ult-new-ib-desc\" style=\"\"><h2 class=\"ult-new-ib-title ult-responsive\"  data-ultimate-target='#interactive-banner-wrap-8207 .ult-new-ib-title'  data-responsive-json-new='{\"font-size\":\"\",\"line-height\":\"\"}'  style=\"font-weight:normal;\"><\/h2><\/div><a class=\"ult-new-ib-link\" href=\"http:\/\/schatzkammer-thueringen.de\/en\/schloessertage-pfingsten\/\" title=\"Schl\u00f6ssertage\"  ><\/a><\/div>\n\t<div  class=\"wpb_single_image wpb_content_element vc_align_center wpb_content_element\">\n\t\t\n\t\t<figure class=\"wpb_wrapper vc_figure\">\n\t\t\t<div class=\"vc_single_image-wrapper   vc_box_border_grey\"><img loading=\"lazy\" decoding=\"async\" width=\"1200\" height=\"901\" src=\"https:\/\/schatzkammer-thueringen.de\/wp-content\/uploads\/2019\/11\/Teaserbox_Schl\u00f6ssertage_P1020185.jpg?ver=1738153131\" class=\"vc_single_image-img attachment-full\" alt=\"Th\u00fcringer Schl\u00f6ssertage zu Pfingsten\" title=\"Teaserbox_Schl\u00f6ssertage_P1020185\" srcset=\"https:\/\/schatzkammer-thueringen.de\/wp-content\/uploads\/2019\/11\/Teaserbox_Schl\u00f6ssertage_P1020185.jpg 1200w, https:\/\/schatzkammer-thueringen.de\/wp-content\/uploads\/2019\/11\/Teaserbox_Schl\u00f6ssertage_P1020185-300x225.jpg 300w, https:\/\/schatzkammer-thueringen.de\/wp-content\/uploads\/2019\/11\/Teaserbox_Schl\u00f6ssertage_P1020185-768x577.jpg 768w, https:\/\/schatzkammer-thueringen.de\/wp-content\/uploads\/2019\/11\/Teaserbox_Schl\u00f6ssertage_P1020185-1024x769.jpg 1024w, https:\/\/schatzkammer-thueringen.de\/wp-content\/uploads\/2019\/11\/Teaserbox_Schl\u00f6ssertage_P1020185-16x12.jpg 16w\" sizes=\"auto, (max-width: 1200px) 100vw, 1200px\" \/><\/div>\n\t\t<\/figure>\n\t<\/div>\n\n\t<div  class=\"wpb_single_image wpb_content_element vc_align_center wpb_content_element\">\n\t\t\n\t\t<figure class=\"wpb_wrapper vc_figure\">\n\t\t\t<div class=\"vc_single_image-wrapper   vc_box_border_grey\"><img loading=\"lazy\" decoding=\"async\" width=\"842\" height=\"454\" src=\"https:\/\/schatzkammer-thueringen.de\/wp-content\/uploads\/2020\/05\/Schlo\u2560\u00easserkindertag_Marke_positiv.jpg\" class=\"vc_single_image-img attachment-full\" alt=\"\" title=\"Schlo\u2560\u00easserkindertag_Marke_positiv\" srcset=\"https:\/\/schatzkammer-thueringen.de\/wp-content\/uploads\/2020\/05\/Schlo\u2560\u00easserkindertag_Marke_positiv.jpg 842w, https:\/\/schatzkammer-thueringen.de\/wp-content\/uploads\/2020\/05\/Schlo\u2560\u00easserkindertag_Marke_positiv-300x162.jpg 300w, https:\/\/schatzkammer-thueringen.de\/wp-content\/uploads\/2020\/05\/Schlo\u2560\u00easserkindertag_Marke_positiv-18x10.jpg 18w, https:\/\/schatzkammer-thueringen.de\/wp-content\/uploads\/2020\/05\/Schlo\u2560\u00easserkindertag_Marke_positiv-768x414.jpg 768w, https:\/\/schatzkammer-thueringen.de\/wp-content\/uploads\/2020\/05\/Schlo\u2560\u00easserkindertag_Marke_positiv-1024x552.jpg 1024w, https:\/\/schatzkammer-thueringen.de\/wp-content\/uploads\/2020\/05\/Schlo\u2560\u00easserkindertag_Marke_positiv-1536x828.jpg 1536w, https:\/\/schatzkammer-thueringen.de\/wp-content\/uploads\/2020\/05\/Schlo\u2560\u00easserkindertag_Marke_positiv-2048x1104.jpg 2048w\" sizes=\"auto, (max-width: 842px) 100vw, 842px\" \/><\/div>\n\t\t<\/figure>\n\t<\/div>\n\n\t<div  class=\"wpb_single_image wpb_content_element vc_align_center wpb_content_element\">\n\t\t\n\t\t<figure class=\"wpb_wrapper vc_figure\">\n\t\t\t<div class=\"vc_single_image-wrapper   vc_box_border_grey\"><img loading=\"lazy\" decoding=\"async\" width=\"801\" height=\"1200\" src=\"https:\/\/schatzkammer-thueringen.de\/wp-content\/uploads\/2019\/09\/Bild-3_Familienf\u00fchrung-auf-den-Dornburger-Schl.jpg?ver=1738153065\" class=\"vc_single_image-img attachment-full\" alt=\"Familienf\u00fchrung\" title=\"Bild 3_Familienf\u00fchrung auf den Dornburger Schl\" srcset=\"https:\/\/schatzkammer-thueringen.de\/wp-content\/uploads\/2019\/09\/Bild-3_Familienf\u00fchrung-auf-den-Dornburger-Schl.jpg 801w, https:\/\/schatzkammer-thueringen.de\/wp-content\/uploads\/2019\/09\/Bild-3_Familienf\u00fchrung-auf-den-Dornburger-Schl-200x300.jpg 200w, https:\/\/schatzkammer-thueringen.de\/wp-content\/uploads\/2019\/09\/Bild-3_Familienf\u00fchrung-auf-den-Dornburger-Schl-768x1151.jpg 768w, https:\/\/schatzkammer-thueringen.de\/wp-content\/uploads\/2019\/09\/Bild-3_Familienf\u00fchrung-auf-den-Dornburger-Schl-684x1024.jpg 684w, https:\/\/schatzkammer-thueringen.de\/wp-content\/uploads\/2019\/09\/Bild-3_Familienf\u00fchrung-auf-den-Dornburger-Schl-8x12.jpg 8w\" sizes=\"auto, (max-width: 801px) 100vw, 801px\" \/><\/div>\n\t\t<\/figure>\n\t<\/div>\n<\/div><\/div><\/div><\/div>\n<\/div>","protected":false},"excerpt":{"rendered":"Das sind wir Die Schatzkammer Th\u00fcringen ist der Verbund der Museen in den ehemaligen Residenzschl\u00f6ssern Th\u00fcringens. Die Th\u00fcringer Vielstaaterei f\u00fchrte zu einer gro\u00dfen Dichte f\u00fcrstlicher Sammlungen von herausragender Qualit\u00e4t. Die Schatzkammer Th\u00fcringen m\u00f6chte in ihren Museen das vielf\u00e4ltige Erbe der th\u00fcringischen Residenzkultur bewahren, zug\u00e4nglich machen und vermitteln. Themendossiers und Bilder f\u00fcr Medienvertreter und Reiseveranstalter Wir [...]","protected":false},"author":3,"featured_media":1885,"parent":0,"menu_order":0,"comment_status":"closed","ping_status":"closed","template":"","meta":{"footnotes":""},"class_list":["post-2186","page","type-page","status-publish","has-post-thumbnail","hentry"],"_links":{"self":[{"href":"https:\/\/schatzkammer-thueringen.de\/en\/wp-json\/wp\/v2\/pages\/2186","targetHints":{"allow":["GET"]}}],"collection":[{"href":"https:\/\/schatzkammer-thueringen.de\/en\/wp-json\/wp\/v2\/pages"}],"about":[{"href":"https:\/\/schatzkammer-thueringen.de\/en\/wp-json\/wp\/v2\/types\/page"}],"author":[{"embeddable":true,"href":"https:\/\/schatzkammer-thueringen.de\/en\/wp-json\/wp\/v2\/users\/3"}],"replies":[{"embeddable":true,"href":"https:\/\/schatzkammer-thueringen.de\/en\/wp-json\/wp\/v2\/comments?post=2186"}],"version-history":[{"count":66,"href":"https:\/\/schatzkammer-thueringen.de\/en\/wp-json\/wp\/v2\/pages\/2186\/revisions"}],"predecessor-version":[{"id":5325,"href":"https:\/\/schatzkammer-thueringen.de\/en\/wp-json\/wp\/v2\/pages\/2186\/revisions\/5325"}],"wp:featuredmedia":[{"embeddable":true,"href":"https:\/\/schatzkammer-thueringen.de\/en\/wp-json\/wp\/v2\/media\/1885"}],"wp:attachment":[{"href":"https:\/\/schatzkammer-thueringen.de\/en\/wp-json\/wp\/v2\/media?parent=2186"}],"curies":[{"name":"wp","href":"https:\/\/api.w.org\/{rel}","templated":true}]}}