{"id":2277,"date":"2020-06-04T15:29:24","date_gmt":"2020-06-04T13:29:24","guid":{"rendered":"http:\/\/s1073265861.online.de\/?page_id=2277"},"modified":"2026-03-16T10:33:01","modified_gmt":"2026-03-16T09:33:01","slug":"themenwelten","status":"publish","type":"page","link":"https:\/\/schatzkammer-thueringen.de\/en\/themenwelten\/","title":{"rendered":"Themenwelten"},"content":{"rendered":"<div class=\"wpb-content-wrapper\"><div data-vc-full-width=\"true\" data-vc-full-width-temp=\"true\" data-vc-full-width-init=\"false\" data-vc-stretch-content=\"true\" class=\"vc_row wpb_row vc_row-fluid no-margin no-padding vc_custom_1772098204410\"><div class=\"no-padding no-margin wpb_column vc_column_container vc_col-sm-12\"><div class=\"vc_column-inner\"><div class=\"wpb_wrapper\"><div class=\"ult-spacer spacer-69de4aec0057b\" data-id=\"69de4aec0057b\" data-height=\"650\" data-height-mobile=\"230\" data-height-tab=\"400\" data-height-tab-portrait=\"400\" data-height-mobile-landscape=\"230\" style=\"clear:both;display:block;\"><\/div><\/div><\/div><\/div><\/div><div class=\"vc_row-full-width vc_clearfix\"><\/div><!-- Row Backgrounds --><div class=\"upb_bg_img\" data-ultimate-bg=\"url(https:\/\/schatzkammer-thueringen.de\/wp-content\/uploads\/2019\/10\/MG_4039.jpg)\" data-image-id=\"id^1885|url^https:\/\/schatzkammer-thueringen.de\/wp-content\/uploads\/2019\/10\/MG_4039.jpg|caption^F\u00fcrstlich Greizer Park mit Sommerpalais|alt^F\u00fcrstlich Greizer Park mit Sommerpalais|title^F\u00fcrstlich Greizer Park mit Sommerpalais|description^F\u00fcrstlich Greizer Park mit Sommerpalais\" data-ultimate-bg-style=\"vcpb-default\" data-bg-img-repeat=\"repeat\" data-bg-img-size=\"cover\" data-bg-img-position=\"\" data-parallx_sense=\"30\" data-bg-override=\"0\" data-bg_img_attach=\"scroll\" data-upb-overlay-color=\"\" data-upb-bg-animation=\"\" data-fadeout=\"\" data-bg-animation=\"left-animation\" data-bg-animation-type=\"h\" data-animation-repeat=\"repeat\" data-fadeout-percentage=\"30\" data-parallax-content=\"\" data-parallax-content-sense=\"30\" data-row-effect-mobile-disable=\"true\" data-img-parallax-mobile-disable=\"true\" data-rtl=\"false\"  data-custom-vc-row=\"\"  data-vc=\"8.7.2\"  data-is_old_vc=\"\"  data-theme-support=\"\"   data-overlay=\"false\" data-overlay-color=\"\" data-overlay-pattern=\"\" data-overlay-pattern-opacity=\"\" data-overlay-pattern-size=\"\"    ><\/div><div class=\"vc_row wpb_row vc_row-fluid\"><div class=\"wpb_column vc_column_container vc_col-sm-12\"><div class=\"vc_column-inner\"><div class=\"wpb_wrapper\"><div class=\"ult-spacer spacer-69de4aec01ba7\" data-id=\"69de4aec01ba7\" data-height=\"35\" data-height-mobile=\"35\" data-height-tab=\"35\" data-height-tab-portrait=\"\" data-height-mobile-landscape=\"\" style=\"clear:both;display:block;\"><\/div><h2 style=\"text-align: center\" class=\"vc_custom_heading vc_do_custom_heading rot\" >Einzigartige Th\u00fcringer Residenzkultur<\/h2><div class=\"ult-spacer spacer-69de4aec01d70\" data-id=\"69de4aec01d70\" data-height=\"10\" data-height-mobile=\"10\" data-height-tab=\"10\" data-height-tab-portrait=\"\" data-height-mobile-landscape=\"\" style=\"clear:both;display:block;\"><\/div><\/div><\/div><\/div><\/div><div class=\"vc_row wpb_row vc_row-fluid vc_row-o-content-middle vc_row-flex\"><div class=\"wpb_column vc_column_container vc_col-sm-12\"><div class=\"vc_column-inner\"><div class=\"wpb_wrapper\"><div class=\"ult-spacer spacer-69de4aec0200c\" data-id=\"69de4aec0200c\" data-height=\"20\" data-height-mobile=\"20\" data-height-tab=\"20\" data-height-tab-portrait=\"\" data-height-mobile-landscape=\"\" style=\"clear:both;display:block;\"><\/div>\n\t<div class=\"wpb_text_column wpb_content_element divider\" >\n\t\t<div class=\"wpb_wrapper\">\n\t\t\t<hr \/>\n\n\t\t<\/div>\n\t<\/div>\n<div class=\"ult-spacer spacer-69de4aec020e7\" data-id=\"69de4aec020e7\" data-height=\"20\" data-height-mobile=\"20\" data-height-tab=\"20\" data-height-tab-portrait=\"\" data-height-mobile-landscape=\"\" style=\"clear:both;display:block;\"><\/div>\n\t<div class=\"wpb_text_column wpb_content_element\" >\n\t\t<div class=\"wpb_wrapper\">\n\t\t\t<h3 style=\"text-align: center;\" data-start=\"931\" data-end=\"1139\"><em><strong>Themenwelten der Schatzkammer Th\u00fcringen<\/strong><\/em><\/h3>\n\n\t\t<\/div>\n\t<\/div>\n\n\t<div class=\"wpb_text_column wpb_content_element\" >\n\t\t<div class=\"wpb_wrapper\">\n\t\t\t<p data-start=\"931\" data-end=\"1139\">Die Residenzen der Schatzkammer Th\u00fcringen sind weit mehr als eindrucksvolle Bauwerke. Sie erz\u00e4hlen von Gartenkunst und B\u00fchnenzauber, von Architekturvisionen, Sammelleidenschaft und h\u00f6fischer Repr\u00e4sentation.<\/p>\n<p data-start=\"1141\" data-end=\"1479\">In unseren Themenwelten entdecken Sie die kulturellen Facetten, die Th\u00fcringens Schl\u00f6sser einzigartig machen \u2013 von historischen Parkanlagen \u00fcber Theatertraditionen bis hin zu bedeutenden Sammlungen. Jede Perspektive er\u00f6ffnet einen neuen Zugang zur Residenzkultur und l\u00e4dt dazu ein, Geschichte aus unterschiedlichen Blickwinkeln zu erleben.<\/p>\n\n\t\t<\/div>\n\t<\/div>\n<div class=\"ult-spacer spacer-69de4aec021ed\" data-id=\"69de4aec021ed\" data-height=\"20\" data-height-mobile=\"20\" data-height-tab=\"20\" data-height-tab-portrait=\"\" data-height-mobile-landscape=\"\" style=\"clear:both;display:block;\"><\/div><\/div><\/div><\/div><\/div><div class=\"vc_row wpb_row vc_row-fluid\"><div class=\"wpb_column vc_column_container vc_col-sm-4\"><div class=\"vc_column-inner vc_custom_1773653548888\"><div class=\"wpb_wrapper\"><h5 style=\"text-align: left\" class=\"vc_custom_heading vc_do_custom_heading\" ><a href=\"https:\/\/schatzkammer-thueringen.de\/en\/parksundgaerten\/\" title=\"Parks und G\u00e4rten\">Parks und G\u00e4rten<\/a><\/h5>\n\t<div  class=\"wpb_single_image wpb_content_element vc_align_left wpb_content_element\">\n\t\t\n\t\t<figure class=\"wpb_wrapper vc_figure\">\n\t\t\t<a href=\"https:\/\/schatzkammer-thueringen.de\/en\/parksundgaerten\/\" target=\"_self\" class=\"vc_single_image-wrapper   vc_box_border_grey\"><img decoding=\"async\" class=\"vc_single_image-img\" src=\"https:\/\/schatzkammer-thueringen.de\/wp-content\/uploads\/2026\/02\/MG_0158-350x250.jpg\" width=\"350\" height=\"250\" alt=\"_MG_0158\" title=\"_MG_0158\" loading=\"lazy\" \/><\/a>\n\t\t<\/figure>\n\t<\/div>\n<\/div><\/div><\/div><div class=\"wpb_column vc_column_container vc_col-sm-4\"><div class=\"vc_column-inner vc_custom_1772099187736\"><div class=\"wpb_wrapper\"><\/div><\/div><\/div><div class=\"wpb_column vc_column_container vc_col-sm-4\"><div class=\"vc_column-inner vc_custom_1772099196931\"><div class=\"wpb_wrapper\"><\/div><\/div><\/div><\/div><div class=\"vc_row wpb_row vc_row-fluid\"><div class=\"wpb_column vc_column_container vc_col-sm-12\"><div class=\"vc_column-inner\"><div class=\"wpb_wrapper\"><div class=\"ult-spacer spacer-69de4aec03640\" data-id=\"69de4aec03640\" data-height=\"30\" data-height-mobile=\"30\" data-height-tab=\"30\" data-height-tab-portrait=\"\" data-height-mobile-landscape=\"\" style=\"clear:both;display:block;\"><\/div><\/div><\/div><\/div><\/div>\n<\/div>","protected":false},"excerpt":{"rendered":"Einzigartige Th\u00fcringer Residenzkultur Themenwelten der Schatzkammer Th\u00fcringen Die Residenzen der Schatzkammer Th\u00fcringen sind weit mehr als eindrucksvolle Bauwerke. Sie erz\u00e4hlen von Gartenkunst und B\u00fchnenzauber, von Architekturvisionen, Sammelleidenschaft und h\u00f6fischer Repr\u00e4sentation. In unseren Themenwelten entdecken Sie die kulturellen Facetten, die Th\u00fcringens Schl\u00f6sser einzigartig machen \u2013 von historischen Parkanlagen \u00fcber Theatertraditionen bis hin zu bedeutenden Sammlungen. Jede [...]","protected":false},"author":3,"featured_media":0,"parent":0,"menu_order":0,"comment_status":"closed","ping_status":"closed","template":"startseite.php","meta":{"footnotes":""},"class_list":["post-2277","page","type-page","status-publish","hentry"],"_links":{"self":[{"href":"https:\/\/schatzkammer-thueringen.de\/en\/wp-json\/wp\/v2\/pages\/2277","targetHints":{"allow":["GET"]}}],"collection":[{"href":"https:\/\/schatzkammer-thueringen.de\/en\/wp-json\/wp\/v2\/pages"}],"about":[{"href":"https:\/\/schatzkammer-thueringen.de\/en\/wp-json\/wp\/v2\/types\/page"}],"author":[{"embeddable":true,"href":"https:\/\/schatzkammer-thueringen.de\/en\/wp-json\/wp\/v2\/users\/3"}],"replies":[{"embeddable":true,"href":"https:\/\/schatzkammer-thueringen.de\/en\/wp-json\/wp\/v2\/comments?post=2277"}],"version-history":[{"count":47,"href":"https:\/\/schatzkammer-thueringen.de\/en\/wp-json\/wp\/v2\/pages\/2277\/revisions"}],"predecessor-version":[{"id":7069,"href":"https:\/\/schatzkammer-thueringen.de\/en\/wp-json\/wp\/v2\/pages\/2277\/revisions\/7069"}],"wp:attachment":[{"href":"https:\/\/schatzkammer-thueringen.de\/en\/wp-json\/wp\/v2\/media?parent=2277"}],"curies":[{"name":"wp","href":"https:\/\/api.w.org\/{rel}","templated":true}]}}