{"id":25,"date":"2019-02-26T15:36:51","date_gmt":"2019-02-26T14:36:51","guid":{"rendered":"http:\/\/s1073265861.online.de\/?page_id=25"},"modified":"2026-03-03T11:34:43","modified_gmt":"2026-03-03T10:34:43","slug":"startseite","status":"publish","type":"page","link":"https:\/\/schatzkammer-thueringen.de\/en\/","title":{"rendered":"Home"},"content":{"rendered":"<div class=\"wpb-content-wrapper\"><div data-vc-full-width=\"true\" data-vc-full-width-temp=\"true\" data-vc-full-width-init=\"false\" data-vc-stretch-content=\"true\" class=\"vc_row wpb_row vc_row-fluid teaser vc_row-no-padding vc_row-o-content-bottom vc_row-flex\"><div class=\"wpb_column vc_column_container vc_col-sm-12\"><div class=\"vc_column-inner\"><div class=\"wpb_wrapper\">\n\t<div class=\"wpb_text_column wpb_content_element\" >\n\t\t<div class=\"wpb_wrapper\">\n\t\t\t\n\n\n<div id=\"wpv-view-layout-4977\" class=\"js-wpv-view-layout js-wpv-layout-responsive js-wpv-view-layout-4977\" data-viewnumber=\"4977\" data-pagination=\"{&quot;id&quot;:&quot;4977&quot;,&quot;query&quot;:&quot;normal&quot;,&quot;type&quot;:&quot;disabled&quot;,&quot;effect&quot;:&quot;fade&quot;,&quot;duration&quot;:500,&quot;speed&quot;:5,&quot;pause_on_hover&quot;:&quot;enabled&quot;,&quot;stop_rollover&quot;:&quot;false&quot;,&quot;cache_pages&quot;:&quot;enabled&quot;,&quot;preload_images&quot;:&quot;enabled&quot;,&quot;preload_pages&quot;:&quot;enabled&quot;,&quot;preload_reach&quot;:1,&quot;spinner&quot;:&quot;builtin&quot;,&quot;spinner_image&quot;:&quot;&quot;,&quot;callback_next&quot;:&quot;&quot;,&quot;manage_history&quot;:&quot;disabled&quot;,&quot;has_controls_in_form&quot;:&quot;disabled&quot;,&quot;infinite_tolerance&quot;:0,&quot;max_pages&quot;:1,&quot;page&quot;:1,&quot;base_permalink&quot;:&quot;\/en\/wp-json\/wp\/v2\/pages\/25?wpv_view_count=4977&amp;wpv_paged=WPV_PAGE_NUM&quot;,&quot;loop&quot;:{&quot;type&quot;:&quot;&quot;,&quot;name&quot;:&quot;&quot;,&quot;data&quot;:[],&quot;id&quot;:0}}\" data-permalink=\"\/en\/wp-json\/wp\/v2\/pages\/25?wpv_view_count=4977\">\n\n\t\n\t\n\t\n\t\t<div class=\"row headerbanner\" style='background-image: url(\"https:\/\/schatzkammer-thueringen.de\/wp-content\/uploads\/2019\/10\/DJI_0330.jpg\");'>\n\t<div class=\"col\"><\/div>\n<\/div>\n\t\n\t\n\t\n\t\n<\/div>\n\n\n\t\t<\/div>\n\t<\/div>\n<div class=\"ult-animation  ult-animate-viewport  ult-no-mobile\" data-animate=\"fadeInLeftBig\" data-animation-delay=\"0\" data-animation-duration=\"2\" data-animation-iteration=\"1\" style=\"opacity:0;\" data-opacity_start_effect=\"\"><div class=\"ult-content-box-container d-inline-flex header-box\" >\t\t<div class=\"ult-content-box\" style=\"box-shadow: px px px px none;padding:30px;-webkit-transition: all 700ms ease;-moz-transition: all 700ms ease;-ms-transition: all 700ms ease;-o-transition: all 700ms ease;transition: all 700ms ease;\"  data-hover_box_shadow=\"none\"    ><h1 style=\"text-align: left\" class=\"vc_custom_heading vc_do_custom_heading weiss\" >Discover Germany's<br \/>\nunique castles and parks<\/h1>\t\t<\/div><\/div><\/div><div class=\"ult-spacer spacer-69dd38aa2fb20\" data-id=\"69dd38aa2fb20\" data-height=\"30\" data-height-mobile=\"30\" data-height-tab=\"30\" data-height-tab-portrait=\"\" data-height-mobile-landscape=\"\" style=\"clear:both;display:block;\"><\/div><\/div><\/div><\/div><\/div><div class=\"vc_row-full-width vc_clearfix\"><\/div><!-- Row Backgrounds --><div class=\"upb_bg_img\" data-ultimate-bg=\"url(https:\/\/schatzkammer-thueringen.de\/wp-content\/uploads\/2019\/10\/Erfurt-Molsdorf_SchlossMolsdorf_Ansicht-von-Sueden_2020_MGlahn.jpg)\" data-image-id=\"id^3615|url^https:\/\/schatzkammer-thueringen.de\/wp-content\/uploads\/2019\/10\/Erfurt-Molsdorf_SchlossMolsdorf_Ansicht-von-Sueden_2020_MGlahn.jpg|caption^null|alt^null|title^Erfurt-Molsdorf_SchlossMolsdorf_Ansicht von S\u00fcden_2020_MGlahn|description^null\" data-ultimate-bg-style=\"vcpb-default\" data-bg-img-repeat=\"no-repeat\" data-bg-img-size=\"cover\" data-bg-img-position=\"center center\" data-parallx_sense=\"30\" data-bg-override=\"0\" data-bg_img_attach=\"scroll\" data-upb-overlay-color=\"\" data-upb-bg-animation=\"\" data-fadeout=\"\" data-bg-animation=\"left-animation\" data-bg-animation-type=\"h\" data-animation-repeat=\"repeat\" data-fadeout-percentage=\"30\" data-parallax-content=\"\" data-parallax-content-sense=\"30\" data-row-effect-mobile-disable=\"true\" data-img-parallax-mobile-disable=\"true\" data-rtl=\"false\"  data-custom-vc-row=\"\"  data-vc=\"8.7.2\"  data-is_old_vc=\"\"  data-theme-support=\"\"   data-overlay=\"false\" data-overlay-color=\"\" data-overlay-pattern=\"\" data-overlay-pattern-opacity=\"\" data-overlay-pattern-size=\"\"    ><\/div><div data-vc-full-width=\"true\" data-vc-full-width-temp=\"true\" data-vc-full-width-init=\"false\" class=\"vc_row wpb_row vc_row-fluid wpb_animate_when_almost_visible wpb_slideInUp slideInUp\"><div class=\"wpb_column vc_column_container vc_col-sm-12\"><div class=\"vc_column-inner\"><div class=\"wpb_wrapper\"><div class=\"ult-spacer spacer-69dd38aa31345\" data-id=\"69dd38aa31345\" data-height=\"30\" data-height-mobile=\"30\" data-height-tab=\"30\" data-height-tab-portrait=\"\" data-height-mobile-landscape=\"\" style=\"clear:both;display:block;\"><\/div><h2 style=\"text-align: center\" class=\"vc_custom_heading vc_do_custom_heading rot header-uppercase\" >Welcome to the<br \/>\nTreasure Chamber of Thuringia<\/h2><div class=\"ult-spacer spacer-69dd38aa3143f\" data-id=\"69dd38aa3143f\" data-height=\"30\" data-height-mobile=\"30\" data-height-tab=\"30\" data-height-tab-portrait=\"\" data-height-mobile-landscape=\"\" style=\"clear:both;display:block;\"><\/div><\/div><\/div><\/div><\/div><div class=\"vc_row-full-width vc_clearfix\"><\/div><div data-vc-full-width=\"true\" data-vc-full-width-temp=\"true\" data-vc-full-width-init=\"false\" class=\"vc_row wpb_row vc_row-fluid wpb_animate_when_almost_visible wpb_slideInUp slideInUp vc_row-o-equal-height vc_row-o-content-top vc_row-flex\"><div class=\"wpb_column vc_column_container vc_col-sm-12 vc_col-md-6\"><div class=\"vc_column-inner\"><div class=\"wpb_wrapper\">\n\t<div class=\"wpb_text_column wpb_content_element vc_custom_1772525883285\" >\n\t\t<div class=\"wpb_wrapper\">\n\t\t\t<p>Die Schatzkammer Th\u00fcringen vereint 20 Schl\u00f6sser, G\u00e4rten und Museen in ganz Th\u00fcringen. Gemeinsam machen sie die Vielfalt der th\u00fcringischen Residenzkultur mit Ausstellungen, Veranstaltungen und besonderen Angeboten f\u00fcr Kulturreisende erlebbar.<\/p>\n\n\t\t<\/div>\n\t<\/div>\n\n\t<div class=\"wpb_text_column wpb_content_element vc_custom_1772525930759\" >\n\t\t<div class=\"wpb_wrapper\">\n\t\t\t<p>Diese Website ist Ihr Wegweiser zu historischen Bauwerken, Parkanlagen und Museen. Entdecken Sie Hintergr\u00fcnde, Programme und Serviceinformationen f\u00fcr Ihren Besuch.<\/p>\n\n\t\t<\/div>\n\t<\/div>\n\n\t<div class=\"wpb_text_column wpb_content_element ohne-abstand\" >\n\t\t<div class=\"wpb_wrapper\">\n\t\t\t<p>Lassen Sie sich inspirieren, Th\u00fcringens Schl\u00f6sserlandschaft neu zu erkunden.<\/p>\n\n\t\t<\/div>\n\t<\/div>\n<div class=\"ult-spacer spacer-69dd38aa31857\" data-id=\"69dd38aa31857\" data-height=\"30\" data-height-mobile=\"30\" data-height-tab=\"30\" data-height-tab-portrait=\"\" data-height-mobile-landscape=\"\" style=\"clear:both;display:block;\"><\/div><\/div><\/div><\/div><div class=\"wpb_column vc_column_container vc_col-sm-12 vc_col-md-6\"><div class=\"vc_column-inner\"><div class=\"wpb_wrapper\"><div id=\"ultimate-video-857269dd38aa319a2\" class=\"ult-video  ult-adjust-bottom-margin ultimate-video-857269dd38aa319a2 ultv-836 schatten\"><div class=\"ultv-video ultv-aspect-ratio-16_9 ultv-subscribe-responsive-none\" data-videotype=\"uv_iframe\">\n\t\t\t\t\t\t<div class=\"ultv-video__outer-wrap\" data-autoplay=\"0\" data-device=\"false\"  data-iconbg=\"#3A3A3A\" data-overcolor=\"\" data-defaultbg=\"#1f1f1e\" data-defaultplay=\"defaulticon\"><div class=\"ultv-video__play\" data-src=\"https:\/\/www.youtube.com\/embed\/r-CTCMxx8gY?rel=0&#038;start&#038;end&#038;controls=1&#038;mute=0&#038;modestbranding=0&#038;autoplay=1\">\n\t\t\t\t\t\t\t\t<img decoding=\"async\" class=\"ultv-video__thumb\" src=\"https:\/\/i.ytimg.com\/vi\/r-CTCMxx8gY\/maxresdefault.jpg\"\/>\n\t\t\t\t\t\t\t\t<div class=\"ultv-video__play-icon  ultv-animation-none\" style=\"width:75px\"><svg height=\"100%\" version=\"1.1\" viewbox=\"0 0 68 48\" width=\"100%\"><path class=\"ultv-youtube-icon-bg\" d=\"m .66,37.62 c 0,0 .66,4.70 2.70,6.77 2.58,2.71 5.98,2.63 7.49,2.91 5.43,.52 23.10,.68 23.12,.68 .00,-1.3e-5 14.29,-0.02 23.81,-0.71 1.32,-0.15 4.22,-0.17 6.81,-2.89 2.03,-2.07 2.70,-6.77 2.70,-6.77 0,0 .67,-5.52 .67,-11.04 l 0,-5.17 c 0,-5.52 -0.67,-11.04 -0.67,-11.04 0,0 -0.66,-4.70 -2.70,-6.77 C 62.03,.86 59.13,.84 57.80,.69 48.28,0 34.00,0 34.00,0 33.97,0 19.69,0 10.18,.69 8.85,.84 5.95,.86 3.36,3.58 1.32,5.65 .66,10.35 .66,10.35 c 0,0 -0.55,4.50 -0.66,9.45 l 0,8.36 c .10,4.94 .66,9.45 .66,9.45 z\" fill=\"#1f1f1e\" ><\/path><path d=\"m 26.96,13.67 18.37,9.62 -18.37,9.55 -0.00,-19.17 z\" fill=\"#fff\"><\/path><path d=\"M 45.02,23.46 45.32,23.28 26.96,13.67 43.32,22.34 45.02,23.46 z\" fill=\"#ccc\"><\/path><\/svg><\/div> <\/div> <\/div><\/div><\/div><div class=\"ult-spacer spacer-69dd38aa31a11\" data-id=\"69dd38aa31a11\" data-height=\"30\" data-height-mobile=\"30\" data-height-tab=\"30\" data-height-tab-portrait=\"\" data-height-mobile-landscape=\"\" style=\"clear:both;display:block;\"><\/div><div class=\"vc_btn3-container vc_btn3-center vc_do_btn\" ><a class=\"vc_general vc_btn3 vc_btn3-size-md vc_btn3-shape-rounded vc_btn3-style-flat vc_btn3-color-danger\" href=\"http:\/\/schatzkammer-thueringen.de\/en\/ueber-uns\/\" title=\"About Us\">\u00bb Learn more about the Treasure Chamber<\/a><\/div><\/div><\/div><\/div><\/div><div class=\"vc_row-full-width vc_clearfix\"><\/div><div data-vc-full-width=\"true\" data-vc-full-width-temp=\"true\" data-vc-full-width-init=\"false\" class=\"vc_row wpb_row vc_row-fluid wpb_animate_when_almost_visible wpb_slideInUp slideInUp\"><div class=\"wpb_column vc_column_container vc_col-sm-12\"><div class=\"vc_column-inner\"><div class=\"wpb_wrapper\">\n\t<div class=\"wpb_text_column wpb_content_element divider\" >\n\t\t<div class=\"wpb_wrapper\">\n\t\t\t<hr \/>\n\n\t\t<\/div>\n\t<\/div>\n<\/div><\/div><\/div><\/div><div class=\"vc_row-full-width vc_clearfix\"><\/div><div data-vc-full-width=\"true\" data-vc-full-width-temp=\"true\" data-vc-full-width-init=\"false\" class=\"vc_row wpb_row vc_row-fluid wpb_animate_when_almost_visible wpb_slideInUp slideInUp\"><div class=\"wpb_column vc_column_container vc_col-sm-12\"><div class=\"vc_column-inner\"><div class=\"wpb_wrapper\"><h2 style=\"text-align: center\" class=\"vc_custom_heading vc_do_custom_heading header-uppercase\" >Experience the Treasure Chamber of Thuringia<\/h2><div class=\"ult-spacer spacer-69dd38aa321a9\" data-id=\"69dd38aa321a9\" data-height=\"30\" data-height-mobile=\"30\" data-height-tab=\"30\" data-height-tab-portrait=\"\" data-height-mobile-landscape=\"\" style=\"clear:both;display:block;\"><\/div><\/div><\/div><\/div><\/div><div class=\"vc_row-full-width vc_clearfix\"><\/div><div data-vc-full-width=\"true\" data-vc-full-width-temp=\"true\" data-vc-full-width-init=\"false\" data-vc-stretch-content=\"true\" class=\"vc_row wpb_row vc_row-fluid wpb_animate_when_almost_visible wpb_slideInUp slideInUp vc_row-no-padding vc_row-o-equal-height vc_row-flex\"><div class=\"hg-rot border-right wpb_column vc_column_container vc_col-sm-4\"><div class=\"vc_column-inner\"><div class=\"wpb_wrapper\">\n\t<div  class=\"wpb_single_image wpb_content_element vc_align_center wpb_content_element  null\">\n\t\t\n\t\t<figure class=\"wpb_wrapper vc_figure\">\n\t\t\t<a href=\"https:\/\/schatzkammer-thueringen.de\/en\/schloessertage-pfingsten\/\" target=\"_self\" class=\"vc_single_image-wrapper   vc_box_border_grey\"><img decoding=\"async\" class=\"vc_single_image-img\" src=\"https:\/\/schatzkammer-thueringen.de\/wp-content\/uploads\/2026\/02\/Schloessertage_2026_WebKachel.jpg\" width=\"800\" height=\"570\" alt=\"Roter Banner zu den Th\u00fcringer Schl\u00f6ssertagen 2026 mit Kost\u00fcmentwurf \u201eNarr\u201c f\u00fcr \u201eWas ihr wollt\u201c von William Shakespeare, Foto: Meininger Museen.\" title=\"Schl\u00f6ssertage_2026_WebKachel\" loading=\"lazy\" \/><\/a>\n\t\t<\/figure>\n\t<\/div>\n<div class=\"ult-content-box-container p-3 p-md-5\" >\t\t<div class=\"ult-content-box\" style=\"box-shadow: px px px px none;-webkit-transition: all 700ms ease;-moz-transition: all 700ms ease;-ms-transition: all 700ms ease;-o-transition: all 700ms ease;transition: all 700ms ease;\"  data-hover_box_shadow=\"none\"    ><h3 style=\"text-align: center\" class=\"vc_custom_heading vc_do_custom_heading equal8 weiss null\" >Thuringian Castles Days<br \/>\nMay 22nd until 25th, 2026 -<br \/>\nPerformed! Traveling People<br \/>\nand Court Theater<\/h3><div class=\"ult-spacer spacer-69dd38aa32fd8\" data-id=\"69dd38aa32fd8\" data-height=\"15\" data-height-mobile=\"15\" data-height-tab=\"15\" data-height-tab-portrait=\"\" data-height-mobile-landscape=\"\" style=\"clear:both;display:block;\"><\/div>\n\t<div class=\"wpb_text_column wpb_content_element weiss equal9 null\" >\n\t\t<div class=\"wpb_wrapper\">\n\t\t\t<p>At Pentecost, the Thuringian Castle Days will be held under the motto \u201cPerformed! Traveling People and Court Theater.\u201d The residences of the Treasure Chamber of Thuringia will become stages for jugglers, court actresses, and grand productions. Look forward to special tours, concerts, and interactive formats related to the world of theater between the street and the court. Discover it now!<\/p>\n\n\t\t<\/div>\n\t<\/div>\n<div class=\"ult-spacer spacer-69dd38aa33076\" data-id=\"69dd38aa33076\" data-height=\"15\" data-height-mobile=\"15\" data-height-tab=\"15\" data-height-tab-portrait=\"\" data-height-mobile-landscape=\"\" style=\"clear:both;display:block;\"><\/div><div class=\"vc_btn3-container  null vc_btn3-right vc_custom_1737638390845 vc_do_btn\" ><a class=\"vc_general vc_btn3 vc_btn3-size-md vc_btn3-shape-rounded vc_btn3-style-outline vc_btn3-color-white\" href=\"http:\/\/schatzkammer-thueringen.de\/en\/schloessertage-pfingsten\/\" title=\"Thr\u00fcringer Schl\u00f6ssertage 2025\">read more...<\/a><\/div>\t\t<\/div><\/div><\/div><\/div><\/div><div class=\"hg-rot border-right wpb_column vc_column_container vc_col-sm-4\"><div class=\"vc_column-inner\"><div class=\"wpb_wrapper\">\n\t<div  class=\"wpb_single_image wpb_content_element vc_align_center wpb_content_element  null\">\n\t\t\n\t\t<figure class=\"wpb_wrapper vc_figure\">\n\t\t\t<a href=\"https:\/\/schatzkammer-thueringen.de\/en\/schloesserkindertag\/\" target=\"_self\" class=\"vc_single_image-wrapper   vc_box_border_grey\"><img decoding=\"async\" class=\"vc_single_image-img\" src=\"https:\/\/schatzkammer-thueringen.de\/wp-content\/uploads\/2025\/01\/Schloesserkindertag_2025_Web_Kachel-Startseite_800x570px.jpg\" width=\"800\" height=\"570\" alt=\"Plakat zum Schl\u00f6sserkindertag mit Figur in historischer Kleidung und Text: \u201eKomm ins Schloss und reise in die Vergangenheit\u201c.\" title=\"Th\u00fcringer Schl\u00f6sserkindertag am 20. September\" loading=\"lazy\" \/><\/a>\n\t\t<\/figure>\n\t<\/div>\n<div class=\"ult-content-box-container p-3 p-md-5\" >\t\t<div class=\"ult-content-box\" style=\"box-shadow: px px px px none;-webkit-transition: all 700ms ease;-moz-transition: all 700ms ease;-ms-transition: all 700ms ease;-o-transition: all 700ms ease;transition: all 700ms ease;\"  data-hover_box_shadow=\"none\"    ><h3 style=\"text-align: center\" class=\"vc_custom_heading vc_do_custom_heading equal8 weiss null\" >Thuringian Castles Children's Day 2025<\/h3><div class=\"ult-spacer spacer-69dd38aa33cc6\" data-id=\"69dd38aa33cc6\" data-height=\"15\" data-height-mobile=\"15\" data-height-tab=\"15\" data-height-tab-portrait=\"\" data-height-mobile-landscape=\"\" style=\"clear:both;display:block;\"><\/div>\n\t<div class=\"wpb_text_column wpb_content_element weiss equal9 null\" >\n\t\t<div class=\"wpb_wrapper\">\n\t\t\t<p>This is how guests, young and old, celebrated \u2013 take a look at the best moments!<\/p>\n\n\t\t<\/div>\n\t<\/div>\n<div class=\"ult-spacer spacer-69dd38aa33d5f\" data-id=\"69dd38aa33d5f\" data-height=\"15\" data-height-mobile=\"15\" data-height-tab=\"15\" data-height-tab-portrait=\"\" data-height-mobile-landscape=\"\" style=\"clear:both;display:block;\"><\/div><div class=\"vc_btn3-container  null vc_btn3-right vc_custom_1752219029070 vc_do_btn\" ><a class=\"vc_general vc_btn3 vc_btn3-size-md vc_btn3-shape-rounded vc_btn3-style-outline vc_btn3-color-white\" href=\"http:\/\/schatzkammer-thueringen.de\/en\/schloesserkindertag\/\" title=\"Th\u00fcringer Schl\u00f6sserkindertag 2024\">read more...<\/a><\/div>\t\t<\/div><\/div><\/div><\/div><\/div><div class=\"hg-rot border-right wpb_column vc_column_container vc_col-sm-4\"><div class=\"vc_column-inner\"><div class=\"wpb_wrapper\">\n\t<div  class=\"wpb_single_image wpb_content_element vc_align_center wpb_content_element  null\">\n\t\t\n\t\t<figure class=\"wpb_wrapper vc_figure\">\n\t\t\t<a href=\"https:\/\/schatzkammer-thueringen.de\/en\/chorschaetze\/\" target=\"_self\" class=\"vc_single_image-wrapper   vc_box_border_grey\"><img decoding=\"async\" class=\"vc_single_image-img\" src=\"https:\/\/schatzkammer-thueringen.de\/wp-content\/uploads\/2025\/01\/Thu\u2560eringer-Chorscha\u2560etze_2026_Web_Kachel-Startseite_800x570px.jpg\" width=\"800\" height=\"570\" alt=\"Th\u00fcringer Chorsch\u00e4tze_2026_Web_Kachel Startseite_800x570px\" title=\"Th\u00fcringer Chorsch\u00e4tze_2026_Web_Kachel Startseite_800x570px\" loading=\"lazy\" \/><\/a>\n\t\t<\/figure>\n\t<\/div>\n<div class=\"ult-content-box-container p-3 p-md-5\" >\t\t<div class=\"ult-content-box\" style=\"box-shadow: px px px px none;-webkit-transition: all 700ms ease;-moz-transition: all 700ms ease;-ms-transition: all 700ms ease;-o-transition: all 700ms ease;transition: all 700ms ease;\"  data-hover_box_shadow=\"none\"    ><h3 style=\"text-align: center\" class=\"vc_custom_heading vc_do_custom_heading equal8 weiss null\" >Thuringian CHORal Treasures 2026<\/h3><div class=\"ult-spacer spacer-69dd38aa34cce\" data-id=\"69dd38aa34cce\" data-height=\"15\" data-height-mobile=\"15\" data-height-tab=\"15\" data-height-tab-portrait=\"\" data-height-mobile-landscape=\"\" style=\"clear:both;display:block;\"><\/div>\n\t<div class=\"wpb_text_column wpb_content_element weiss equal9 null\" >\n\t\t<div class=\"wpb_wrapper\">\n\t\t\t<p class=\"\" data-start=\"71\" data-end=\"598\">In June 2026, Thuringian choral culture will come to life in the magnificent halls and churches of the palaces and residences of the Treasure Chamber of Thuringia. Choirs from Thuringia and beyond are invited to take part in this unique festival and fill historic rooms with their voices. The festival promotes commitment, hospitality and cohesion and is organized by the Treasure Chamber of Thuringia in cooperation with the Chorverband Th\u00fcringen e.V.<\/p>\n\n\t\t<\/div>\n\t<\/div>\n<div class=\"ult-spacer spacer-69dd38aa34d68\" data-id=\"69dd38aa34d68\" data-height=\"15\" data-height-mobile=\"15\" data-height-tab=\"15\" data-height-tab-portrait=\"\" data-height-mobile-landscape=\"\" style=\"clear:both;display:block;\"><\/div><div class=\"vc_btn3-container  null vc_btn3-right vc_custom_1754402561611 vc_do_btn\" ><a class=\"vc_general vc_btn3 vc_btn3-size-md vc_btn3-shape-rounded vc_btn3-style-outline vc_btn3-color-white\" href=\"http:\/\/schatzkammer-thueringen.de\/en\/chorschaetze\/\" title=\"Thuringian CHORal Treasures 2026\">read more...<\/a><\/div>\t\t<\/div><\/div><\/div><\/div><\/div><\/div><div class=\"vc_row-full-width vc_clearfix\"><\/div><div data-vc-full-width=\"true\" data-vc-full-width-temp=\"true\" data-vc-full-width-init=\"false\" class=\"vc_row wpb_row vc_row-fluid wpb_animate_when_almost_visible wpb_slideInUp slideInUp\"><div class=\"wpb_column vc_column_container vc_col-sm-12\"><div class=\"vc_column-inner\"><div class=\"wpb_wrapper\"><div class=\"vc_empty_space\"   style=\"height: 32px\"><span class=\"vc_empty_space_inner\"><\/span><\/div><h3 style=\"text-align: left\" class=\"vc_custom_heading vc_do_custom_heading uppercase\" >News<\/h3><div class=\"ult-spacer spacer-69dd38aa352ab\" data-id=\"69dd38aa352ab\" data-height=\"10\" data-height-mobile=\"10\" data-height-tab=\"10\" data-height-tab-portrait=\"\" data-height-mobile-landscape=\"\" style=\"clear:both;display:block;\"><\/div><\/div><\/div><\/div><\/div><div class=\"vc_row-full-width vc_clearfix\"><\/div><div data-vc-full-width=\"true\" data-vc-full-width-temp=\"true\" data-vc-full-width-init=\"false\" class=\"vc_row wpb_row vc_row-fluid wpb_animate_when_almost_visible wpb_slideInUp slideInUp\"><div class=\"wpb_column vc_column_container vc_col-sm-10 vc_col-sm-offset-1 vc_col-xs-12\"><div class=\"vc_column-inner vc_custom_1738137498262\"><div class=\"wpb_wrapper\">\n\t<div class=\"wpb_text_column wpb_content_element\" >\n\t\t<div class=\"wpb_wrapper\">\n\t\t\t\n\n\n<div id=\"wpv-view-layout-1012\" class=\"js-wpv-view-layout js-wpv-layout-responsive js-wpv-view-layout-1012\" data-viewnumber=\"1012\" data-pagination=\"{&quot;id&quot;:&quot;1012&quot;,&quot;query&quot;:&quot;normal&quot;,&quot;type&quot;:&quot;disabled&quot;,&quot;effect&quot;:&quot;fade&quot;,&quot;duration&quot;:500,&quot;speed&quot;:5,&quot;pause_on_hover&quot;:&quot;disabled&quot;,&quot;stop_rollover&quot;:&quot;false&quot;,&quot;cache_pages&quot;:&quot;enabled&quot;,&quot;preload_images&quot;:&quot;enabled&quot;,&quot;preload_pages&quot;:&quot;enabled&quot;,&quot;preload_reach&quot;:1,&quot;spinner&quot;:&quot;builtin&quot;,&quot;spinner_image&quot;:&quot;https:\/\/schatzkammer-thueringen.de\/wp-content\/plugins\/wp-views\/embedded\/res\/img\/ajax-loader.gif&quot;,&quot;callback_next&quot;:&quot;&quot;,&quot;manage_history&quot;:&quot;disabled&quot;,&quot;has_controls_in_form&quot;:&quot;disabled&quot;,&quot;infinite_tolerance&quot;:&quot;0&quot;,&quot;max_pages&quot;:1,&quot;page&quot;:1,&quot;base_permalink&quot;:&quot;\/en\/wp-json\/wp\/v2\/pages\/25?wpv_view_count=1012&amp;wpv_paged=WPV_PAGE_NUM&quot;,&quot;loop&quot;:{&quot;type&quot;:&quot;&quot;,&quot;name&quot;:&quot;&quot;,&quot;data&quot;:[],&quot;id&quot;:0}}\" data-permalink=\"\/en\/wp-json\/wp\/v2\/pages\/25?wpv_view_count=1012\">\n\n\t\n\t\n\t<div class=\"container wpv-loop js-wpv-loop\">\n\t\n\t\t\n\t\t<div class=\"row\">\n\t\t\t<div class=\"col-sm-12\"><div class=\"row hg-grau hvr-grow-shadow\">\n\t<div class=\"col-sm-4\"><img loading=\"lazy\" decoding=\"async\" class=\"attachment-400x400 size-400x400\" src=\"https:\/\/schatzkammer-thueringen.de\/wp-content\/uploads\/2026\/03\/Plakat-KretzschmarSondermann-wpv_400x400_center_center.jpg\" width=\"400\" height=\"400\" alt=\"\" \/><\/div>\n    <div class=\"col-sm-8\"><h4>Sonderausstellung im Sommerpalais Greiz<\/h4>\n      <p>Zwei Sonderausstellungen zur Karikatur Im Sommerpalais Greiz werden zeitgleich zwei Sonderausstellun &#8230;<\/p>\n\n      <button class=\"btn grid-button\"><a href=\"https:\/\/schatzkammer-thueringen.de\/en\/kretzschmar\/\">read more<\/a><\/button>  \n\t<\/div>\n<\/div>\n \n \t\t<\/div>\n\t\t<\/div>\n\t\t\n\t\t\n\t\t<div class=\"row\">\n\t\t\t<div class=\"col-sm-12\"><div class=\"row hg-grau hvr-grow-shadow\">\n\t<div class=\"col-sm-4\"><img loading=\"lazy\" decoding=\"async\" class=\"attachment-400x400 size-400x400\" src=\"https:\/\/schatzkammer-thueringen.de\/wp-content\/uploads\/2019\/08\/slide_schloss-burgk_1-wpv_400x400_center_center.jpg\" width=\"400\" height=\"400\" alt=\"Schloss Burgk\" \/><\/div>\n    <div class=\"col-sm-8\"><h4>Sonderausstellung auf Schlo\u00df Burgk<\/h4>\n      <p>N\u00fcrnberg, China und gemalte Musik \u2013 Die Kunst des Eugen F. Strobel-Matza Die Sonderausstellung widme &#8230;<\/p>\n\n      <button class=\"btn grid-button\"><a href=\"https:\/\/schatzkammer-thueringen.de\/en\/strobel-matza\/\">read more<\/a><\/button>  \n\t<\/div>\n<\/div>\n \n \t\t<\/div>\n\t\t<\/div>\n\t\t\n\t\t\n\t\t<div class=\"row\">\n\t\t\t<div class=\"col-sm-12\"><div class=\"row hg-grau hvr-grow-shadow\">\n\t<div class=\"col-sm-4\"><img loading=\"lazy\" decoding=\"async\" class=\"attachment-400x400 size-400x400\" src=\"https:\/\/schatzkammer-thueringen.de\/wp-content\/uploads\/2026\/03\/Pracht-und-Prunk-Sonderausstellung-2026-wpv_400x400_center_center.jpg\" width=\"400\" height=\"400\" alt=\"\" \/><\/div>\n    <div class=\"col-sm-8\"><h4>Sonderausstellung im Neuen Palais Arnstadt<\/h4>\n      <p>Pracht und Prunk \u2013 Schierholz-Porzellan Die Sonderausstellung widmet sich der traditionsreichen Porz &#8230;<\/p>\n\n      <button class=\"btn grid-button\"><a href=\"https:\/\/schatzkammer-thueringen.de\/en\/pracht-und-prunk\/\">read more<\/a><\/button>  \n\t<\/div>\n<\/div>\n \n \t\t<\/div>\n\t\t<\/div>\n\t\t\n\t<\/div>\n\t\n\t\n\t\n<\/div>\n\n\n\t\t<\/div>\n\t<\/div>\n<div class=\"vc_btn3-container vc_btn3-right vc_do_btn\" ><a class=\"vc_general vc_btn3 vc_btn3-size-md vc_btn3-shape-rounded vc_btn3-style-flat vc_btn3-color-danger\" href=\"http:\/\/schatzkammer-thueringen.de\/en\/aktuelles\/\" title=\"\">\u00bb further topics<\/a><\/div><div class=\"ult-spacer spacer-69dd38aa4665a\" data-id=\"69dd38aa4665a\" data-height=\"30\" data-height-mobile=\"30\" data-height-tab=\"30\" data-height-tab-portrait=\"\" data-height-mobile-landscape=\"\" style=\"clear:both;display:block;\"><\/div><\/div><\/div><\/div><\/div><div class=\"vc_row-full-width vc_clearfix\"><\/div>\n<\/div>","protected":false},"excerpt":{"rendered":"{!{wpv-view name='startseite-headerbanner'}!} Entdecken Sie Deutschlands einzigartige Schl\u00f6sser und Parks Willkommen in der Schatzkammer Th\u00fcringen Die Schatzkammer Th\u00fcringen vereint 20 Schl\u00f6sser, G\u00e4rten und Museen in ganz Th\u00fcringen. Gemeinsam machen sie die Vielfalt der th\u00fcringischen Residenzkultur mit Ausstellungen, Veranstaltungen und besonderen Angeboten f\u00fcr Kulturreisende erlebbar. Diese Website ist Ihr Wegweiser zu historischen Bauwerken, Parkanlagen und Museen. Entdecken [...]","protected":false},"author":3,"featured_media":0,"parent":0,"menu_order":0,"comment_status":"closed","ping_status":"closed","template":"startseite.php","meta":{"footnotes":""},"class_list":["post-25","page","type-page","status-publish","hentry"],"_links":{"self":[{"href":"https:\/\/schatzkammer-thueringen.de\/en\/wp-json\/wp\/v2\/pages\/25","targetHints":{"allow":["GET"]}}],"collection":[{"href":"https:\/\/schatzkammer-thueringen.de\/en\/wp-json\/wp\/v2\/pages"}],"about":[{"href":"https:\/\/schatzkammer-thueringen.de\/en\/wp-json\/wp\/v2\/types\/page"}],"author":[{"embeddable":true,"href":"https:\/\/schatzkammer-thueringen.de\/en\/wp-json\/wp\/v2\/users\/3"}],"replies":[{"embeddable":true,"href":"https:\/\/schatzkammer-thueringen.de\/en\/wp-json\/wp\/v2\/comments?post=25"}],"version-history":[{"count":268,"href":"https:\/\/schatzkammer-thueringen.de\/en\/wp-json\/wp\/v2\/pages\/25\/revisions"}],"predecessor-version":[{"id":6948,"href":"https:\/\/schatzkammer-thueringen.de\/en\/wp-json\/wp\/v2\/pages\/25\/revisions\/6948"}],"wp:attachment":[{"href":"https:\/\/schatzkammer-thueringen.de\/en\/wp-json\/wp\/v2\/media?parent=25"}],"curies":[{"name":"wp","href":"https:\/\/api.w.org\/{rel}","templated":true}]}}