{"id":2953,"date":"2021-05-21T14:34:25","date_gmt":"2021-05-21T12:34:25","guid":{"rendered":"http:\/\/s1073265861.online.de\/?page_id=2953"},"modified":"2025-05-07T15:07:28","modified_gmt":"2025-05-07T13:07:28","slug":"themenjahr-gaerten-2021","status":"publish","type":"page","link":"https:\/\/schatzkammer-thueringen.de\/en\/themenjahr-gaerten-2021\/","title":{"rendered":"Themenjahr \u201eG\u00e4rten\u201c 2021"},"content":{"rendered":"<div class=\"wpb-content-wrapper\"><div data-vc-full-width=\"true\" data-vc-full-width-temp=\"true\" data-vc-full-width-init=\"false\" class=\"vc_row wpb_row vc_row-fluid\"><div class=\"wpb_column vc_column_container vc_col-sm-12\"><div class=\"vc_column-inner\"><div class=\"wpb_wrapper\"><div class=\"vc_empty_space\"   style=\"height: 10px\"><span class=\"vc_empty_space_inner\"><\/span><\/div><h1 style=\"text-align: left\" class=\"vc_custom_heading vc_do_custom_heading\" >R\u00fcckblick: Das war das Themenjahr \u201eG\u00e4rten\u201c 2021<\/h1><div class=\"vc_empty_space\"   style=\"height: 10px\"><span class=\"vc_empty_space_inner\"><\/span><\/div>\n\t<div class=\"wpb_text_column wpb_content_element\" >\n\t\t<div class=\"wpb_wrapper\">\n\t\t\t<p>I am text block. Click edit button to change this text. Lorem ipsum dolor sit amet, consectetur adipiscing elit. Ut elit tellus, luctus nec ullamcorper mattis, pulvinar dapibus leo. <a href=\"https:\/\/schatzkammer-thueringen.de\/wp-content\/uploads\/2025\/04\/250401_Anzeige-Sondershausen-Bauernkrieg-265-x-355-mm-1.pdf\" target=\"_blank\" rel=\"noopener\">Anzeige Sondershausen Bauernkrieg<\/a><\/p>\n\n\t\t<\/div>\n\t<\/div>\n<div class=\"vc_btn3-container vc_btn3-inline vc_do_btn\" ><a class=\"vc_general vc_btn3 vc_btn3-size-md vc_btn3-shape-rounded vc_btn3-style-modern vc_btn3-color-danger\" href=\"http:\/\/schatzkammer-thueringen.de\/wp-content\/uploads\/2025\/04\/250401_Anzeige-Sondershausen-Bauernkrieg-265-x-355-mm-1.pdf\" title=\"\" target=\"_blank\">Download<\/a><\/div><\/div><\/div><\/div><\/div><div class=\"vc_row-full-width vc_clearfix\"><\/div><div class=\"vc_row wpb_row vc_row-fluid\"><div class=\"wpb_column vc_column_container vc_col-sm-8\"><div class=\"vc_column-inner\"><div class=\"wpb_wrapper\"><h3 style=\"text-align: left\" class=\"vc_custom_heading vc_do_custom_heading\" >Historische Parks und G\u00e4rten als Au\u00dfenstandorte der BUGA Erfurt 2021<\/h3><div class=\"vc_empty_space\"   style=\"height: 32px\"><span class=\"vc_empty_space_inner\"><\/span><\/div>\n\t<div class=\"wpb_text_column wpb_content_element\" >\n\t\t<div class=\"wpb_wrapper\">\n\t\t\t<p>Auch wenn die Bundesgartenschau ihre zentralen Ausstellungsfl\u00e4chen mit dem Petersberg und dem ega-Park in Erfurt hat, so finden sich \u00fcber ganz Th\u00fcringen verstreut 25 Au\u00dfenstandorte, die zu g\u00e4rtnerischen Erkundungstouren einladen. Die Schatzkammer Th\u00fcringen ist dabei mit zehn historischen Park- und Gartenanlagen vertreten.<\/p>\n<p>Wie nirgends sonst l\u00e4sst sich in Th\u00fcringen ein halbes Jahrtausend f\u00fcrstliche Gartenkunstgeschichte auf engstem Raum erleben. Dazu z\u00e4hlen streng geformte barocke G\u00e4rten mitsamt ihren Orangerien sowie elegante fr\u00fche Landschaftsparks.<\/p>\n<p><strong>Entdecken auch Sie die Sch\u00f6nheit der f\u00fcrstlichen Parks und G\u00e4rten in Th\u00fcringen!<\/strong><\/p>\n<p>&nbsp;<\/p>\n<p>Das sind unsere Au\u00dfenstandorte:<\/p>\n<ul>\n<li><a href=\"https:\/\/schatzkammer-thueringen.de\/objekt\/park-altenstein-mit-schloss\/\">Schlosspark <strong>Altenstein<\/strong><\/a> in Bad Liebenstein<\/li>\n<li><a href=\"https:\/\/schatzkammer-thueringen.de\/objekt\/dornburger-schloesser\/\"><strong>Dornburger<\/strong> Schlossg\u00e4rten<\/a><\/li>\n<li><a href=\"https:\/\/schatzkammer-thueringen.de\/objekt\/schloss-und-park-ettersburg\/\">Schlosspark <strong>Ettersburg<\/strong><\/a><\/li>\n<li>Stadt <strong>Gotha<\/strong> mit <a href=\"https:\/\/schatzkammer-thueringen.de\/objekt\/herzoglicher-park-gotha\/\">Herzoglicher Orangerie, Herzoglichem Englischen Garten<\/a> und Wasserkunst am Hauptmarkt<\/li>\n<li><a href=\"https:\/\/schatzkammer-thueringen.de\/objekt\/fuerstlich-greizer-park\/\">F\u00fcrstlich <strong>Greizer<\/strong> Park<\/a><\/li>\n<li><a href=\"https:\/\/schatzkammer-thueringen.de\/objekt\/schloss-grosskochberg\/\">Schlosspark Kochberg<\/a> in <strong>Gro\u00dfkochberg<\/strong><\/li>\n<li><a href=\"https:\/\/schatzkammer-thueringen.de\/objekt\/schlossgarten-molsdorf\/\">Schlosspark <strong>Molsdorf<\/strong><\/a><\/li>\n<li><a href=\"https:\/\/schatzkammer-thueringen.de\/objekt\/park-an-der-ilm-in-weimar\/\">Park an der Ilm<\/a> mit Goethes Garten am Stern in <strong>Weimar<\/strong><\/li>\n<li><a href=\"https:\/\/schatzkammer-thueringen.de\/objekt\/schloss-und-park-belvedere-bei-weimar\/\">Schlosspark Belvedere<\/a> in<strong> Weimar<\/strong><\/li>\n<li><a href=\"https:\/\/schatzkammer-thueringen.de\/objekt\/schloss-und-park-tiefurt-in-weimar\/\">Schlosspark Tiefurt<\/a> in <strong>Weimar<\/strong><\/li>\n<\/ul>\n\n\t\t<\/div>\n\t<\/div>\n<\/div><\/div><\/div><div class=\"wpb_column vc_column_container vc_col-sm-4\"><div class=\"vc_column-inner\"><div class=\"wpb_wrapper\"><div class=\"ult-spacer spacer-69e16987726bd\" data-id=\"69e16987726bd\" data-height=\"10\" data-height-mobile=\"10\" data-height-tab=\"10\" data-height-tab-portrait=\"\" data-height-mobile-landscape=\"\" style=\"clear:both;display:block;\"><\/div>\n\t<div  class=\"wpb_single_image wpb_content_element vc_align_center wpb_content_element\">\n\t\t\n\t\t<figure class=\"wpb_wrapper vc_figure\">\n\t\t\t<a href=\"https:\/\/www.buga2021.de\/\" target=\"_blank\" class=\"vc_single_image-wrapper   vc_box_border_grey\"><img loading=\"lazy\" decoding=\"async\" width=\"1149\" height=\"706\" src=\"https:\/\/schatzkammer-thueringen.de\/wp-content\/uploads\/2021\/05\/buga21_aussenstandort_quer_rgb.jpg\" class=\"vc_single_image-img attachment-full\" alt=\"\" title=\"buga21_aussenstandort_quer_rgb\" srcset=\"https:\/\/schatzkammer-thueringen.de\/wp-content\/uploads\/2021\/05\/buga21_aussenstandort_quer_rgb.jpg 1149w, https:\/\/schatzkammer-thueringen.de\/wp-content\/uploads\/2021\/05\/buga21_aussenstandort_quer_rgb-18x12.jpg 18w, https:\/\/schatzkammer-thueringen.de\/wp-content\/uploads\/2021\/05\/buga21_aussenstandort_quer_rgb-300x184.jpg 300w, https:\/\/schatzkammer-thueringen.de\/wp-content\/uploads\/2021\/05\/buga21_aussenstandort_quer_rgb-768x472.jpg 768w, https:\/\/schatzkammer-thueringen.de\/wp-content\/uploads\/2021\/05\/buga21_aussenstandort_quer_rgb-1024x629.jpg 1024w\" sizes=\"auto, (max-width: 1149px) 100vw, 1149px\" \/><\/a>\n\t\t<\/figure>\n\t<\/div>\n\n\t<div class=\"wpb_text_column wpb_content_element\" >\n\t\t<div class=\"wpb_wrapper\">\n\t\t\t<p style=\"text-align: center;\"><strong>Bundesgartenschau 2021 in Erfurt<\/strong><br \/>\n(23.04. bis 10.10. 2021)<\/p>\n\n\t\t<\/div>\n\t<\/div>\n<div class=\"ult-spacer spacer-69e1698773373\" data-id=\"69e1698773373\" data-height=\"10\" data-height-mobile=\"10\" data-height-tab=\"10\" data-height-tab-portrait=\"\" data-height-mobile-landscape=\"\" style=\"clear:both;display:block;\"><\/div>\n\t<div  class=\"wpb_single_image wpb_content_element vc_align_center wpb_content_element\">\n\t\t\n\t\t<figure class=\"wpb_wrapper vc_figure\">\n\t\t\t<a href=\"https:\/\/gaerten.thueringen-entdecken.de\/\" target=\"_blank\" class=\"vc_single_image-wrapper   vc_box_border_grey\"><img loading=\"lazy\" decoding=\"async\" width=\"1600\" height=\"900\" src=\"https:\/\/schatzkammer-thueringen.de\/wp-content\/uploads\/2021\/05\/Blu\u0308tenPracht-Anzeige.jpg\" class=\"vc_single_image-img attachment-full\" alt=\"\" title=\"Blu\u0308tenPracht-Anzeige\" srcset=\"https:\/\/schatzkammer-thueringen.de\/wp-content\/uploads\/2021\/05\/Blu\u0308tenPracht-Anzeige.jpg 1600w, https:\/\/schatzkammer-thueringen.de\/wp-content\/uploads\/2021\/05\/Blu\u0308tenPracht-Anzeige-18x10.jpg 18w, https:\/\/schatzkammer-thueringen.de\/wp-content\/uploads\/2021\/05\/Blu\u0308tenPracht-Anzeige-300x169.jpg 300w, https:\/\/schatzkammer-thueringen.de\/wp-content\/uploads\/2021\/05\/Blu\u0308tenPracht-Anzeige-768x432.jpg 768w, https:\/\/schatzkammer-thueringen.de\/wp-content\/uploads\/2021\/05\/Blu\u0308tenPracht-Anzeige-1024x576.jpg 1024w, https:\/\/schatzkammer-thueringen.de\/wp-content\/uploads\/2021\/05\/Blu\u0308tenPracht-Anzeige-1536x864.jpg 1536w\" sizes=\"auto, (max-width: 1600px) 100vw, 1600px\" \/><\/a>\n\t\t<\/figure>\n\t<\/div>\n\n\t<div class=\"wpb_text_column wpb_content_element\" >\n\t\t<div class=\"wpb_wrapper\">\n\t\t\t<p>Gr\u00fcn, gr\u00fcner, Th\u00fcringen! Sind Sie auf der Suche nach <strong>Inspirationen f\u00fcr Ihre Gartenreise durch Th\u00fcringen<\/strong>? Dann schauen Sie doch einmal <strong><a href=\"https:\/\/gaerten.thueringen-entdecken.de\/\">hier<\/a><\/strong>.<\/p>\n\n\t\t<\/div>\n\t<\/div>\n\n\t<div  class=\"wpb_single_image wpb_content_element vc_align_center wpb_content_element\">\n\t\t\n\t\t<figure class=\"wpb_wrapper vc_figure\">\n\t\t\t<a href=\"https:\/\/www.thueringen-entdecken.de\/\" target=\"_blank\" class=\"vc_single_image-wrapper   vc_box_border_grey\"><img loading=\"lazy\" decoding=\"async\" width=\"1200\" height=\"581\" src=\"https:\/\/schatzkammer-thueringen.de\/wp-content\/uploads\/2019\/10\/partner_th_entdecken.png\" class=\"vc_single_image-img attachment-full\" alt=\"\" title=\"partner_th_entdecken\" srcset=\"https:\/\/schatzkammer-thueringen.de\/wp-content\/uploads\/2019\/10\/partner_th_entdecken.png 1200w, https:\/\/schatzkammer-thueringen.de\/wp-content\/uploads\/2019\/10\/partner_th_entdecken-18x9.png 18w, https:\/\/schatzkammer-thueringen.de\/wp-content\/uploads\/2019\/10\/partner_th_entdecken-300x145.png 300w, https:\/\/schatzkammer-thueringen.de\/wp-content\/uploads\/2019\/10\/partner_th_entdecken-768x372.png 768w, https:\/\/schatzkammer-thueringen.de\/wp-content\/uploads\/2019\/10\/partner_th_entdecken-1024x496.png 1024w\" sizes=\"auto, (max-width: 1200px) 100vw, 1200px\" \/><\/a>\n\t\t<\/figure>\n\t<\/div>\n<\/div><\/div><\/div><\/div><div class=\"vc_row wpb_row vc_row-fluid\"><div class=\"wpb_column vc_column_container vc_col-sm-12\"><div class=\"vc_column-inner\"><div class=\"wpb_wrapper\"><div class=\"wpb_gallery wpb_content_element vc_clearfix wpb_content_element\" ><div class=\"wpb_wrapper\"><div class=\"wpb_gallery_slides wpb_flexslider flexslider_fade flexslider\" data-interval=\"3\" data-flex_fx=\"fade\"><ul class=\"slides\"><li><a class=\"\" href=\"https:\/\/schatzkammer-thueringen.de\/wp-content\/uploads\/2021\/05\/DJI_0415-1024x682.jpg\" data-lightbox=\"lightbox[rel-2953-1251800777]\"><img loading=\"lazy\" decoding=\"async\" width=\"1024\" height=\"682\" src=\"https:\/\/schatzkammer-thueringen.de\/wp-content\/uploads\/2021\/05\/DJI_0415-1024x682.jpg\" class=\"attachment-large\" alt=\"\" title=\"Altenstein_Schloss Altenstein_Luftbild_2020_MGlahn\" srcset=\"https:\/\/schatzkammer-thueringen.de\/wp-content\/uploads\/2021\/05\/DJI_0415-1024x682.jpg 1024w, https:\/\/schatzkammer-thueringen.de\/wp-content\/uploads\/2021\/05\/DJI_0415-18x12.jpg 18w, https:\/\/schatzkammer-thueringen.de\/wp-content\/uploads\/2021\/05\/DJI_0415-300x200.jpg 300w, https:\/\/schatzkammer-thueringen.de\/wp-content\/uploads\/2021\/05\/DJI_0415-768x512.jpg 768w, https:\/\/schatzkammer-thueringen.de\/wp-content\/uploads\/2021\/05\/DJI_0415-1536x1023.jpg 1536w, https:\/\/schatzkammer-thueringen.de\/wp-content\/uploads\/2021\/05\/DJI_0415.jpg 1600w\" sizes=\"auto, (max-width: 1024px) 100vw, 1024px\" \/><\/a><\/li><li><a class=\"\" href=\"https:\/\/schatzkammer-thueringen.de\/wp-content\/uploads\/2021\/05\/DornburgerSchloesser_mit_Martstall_2020_MGlahn-1024x682.jpg\" data-lightbox=\"lightbox[rel-2953-1251800777]\"><img loading=\"lazy\" decoding=\"async\" width=\"1024\" height=\"682\" src=\"https:\/\/schatzkammer-thueringen.de\/wp-content\/uploads\/2021\/05\/DornburgerSchloesser_mit_Martstall_2020_MGlahn-1024x682.jpg\" class=\"attachment-large\" alt=\"\" title=\"DornburgerSchl\u00f6sser_mit_Martstall_2020_MGlahn\" srcset=\"https:\/\/schatzkammer-thueringen.de\/wp-content\/uploads\/2021\/05\/DornburgerSchloesser_mit_Martstall_2020_MGlahn-1024x682.jpg 1024w, https:\/\/schatzkammer-thueringen.de\/wp-content\/uploads\/2021\/05\/DornburgerSchloesser_mit_Martstall_2020_MGlahn-18x12.jpg 18w, https:\/\/schatzkammer-thueringen.de\/wp-content\/uploads\/2021\/05\/DornburgerSchloesser_mit_Martstall_2020_MGlahn-300x200.jpg 300w, https:\/\/schatzkammer-thueringen.de\/wp-content\/uploads\/2021\/05\/DornburgerSchloesser_mit_Martstall_2020_MGlahn-768x512.jpg 768w, https:\/\/schatzkammer-thueringen.de\/wp-content\/uploads\/2021\/05\/DornburgerSchloesser_mit_Martstall_2020_MGlahn-1536x1023.jpg 1536w, https:\/\/schatzkammer-thueringen.de\/wp-content\/uploads\/2021\/05\/DornburgerSchloesser_mit_Martstall_2020_MGlahn.jpg 1600w\" sizes=\"auto, (max-width: 1024px) 100vw, 1024px\" \/><\/a><\/li><li><a class=\"\" href=\"https:\/\/schatzkammer-thueringen.de\/wp-content\/uploads\/2019\/10\/DJI_0192-1024x682.jpg\" data-lightbox=\"lightbox[rel-2953-1251800777]\"><img loading=\"lazy\" decoding=\"async\" width=\"1024\" height=\"682\" src=\"https:\/\/schatzkammer-thueringen.de\/wp-content\/uploads\/2019\/10\/DJI_0192-1024x682.jpg\" class=\"attachment-large\" alt=\"\" title=\"Blick auf Schloss Ettersburg\" srcset=\"https:\/\/schatzkammer-thueringen.de\/wp-content\/uploads\/2019\/10\/DJI_0192-1024x682.jpg 1024w, https:\/\/schatzkammer-thueringen.de\/wp-content\/uploads\/2019\/10\/DJI_0192-300x200.jpg 300w, https:\/\/schatzkammer-thueringen.de\/wp-content\/uploads\/2019\/10\/DJI_0192-18x12.jpg 18w, https:\/\/schatzkammer-thueringen.de\/wp-content\/uploads\/2019\/10\/DJI_0192-768x511.jpg 768w, https:\/\/schatzkammer-thueringen.de\/wp-content\/uploads\/2019\/10\/DJI_0192-1536x1022.jpg 1536w, https:\/\/schatzkammer-thueringen.de\/wp-content\/uploads\/2019\/10\/DJI_0192-2048x1363.jpg 2048w, https:\/\/schatzkammer-thueringen.de\/wp-content\/uploads\/2019\/10\/DJI_0192.jpg 1200w\" sizes=\"auto, (max-width: 1024px) 100vw, 1024px\" \/><\/a><\/li><li><a class=\"\" href=\"https:\/\/schatzkammer-thueringen.de\/wp-content\/uploads\/2021\/05\/Gotha_Schloss-Friedenstein_Herzogliche-Orangerie_Luftbild_2020_MGlahn-1024x682.jpg\" data-lightbox=\"lightbox[rel-2953-1251800777]\"><img loading=\"lazy\" decoding=\"async\" width=\"1024\" height=\"682\" src=\"https:\/\/schatzkammer-thueringen.de\/wp-content\/uploads\/2021\/05\/Gotha_Schloss-Friedenstein_Herzogliche-Orangerie_Luftbild_2020_MGlahn-1024x682.jpg\" class=\"attachment-large\" alt=\"\" title=\"Gotha_Schloss Friedenstein_Herzogliche Orangerie_Luftbild_2020_MGlahn\" srcset=\"https:\/\/schatzkammer-thueringen.de\/wp-content\/uploads\/2021\/05\/Gotha_Schloss-Friedenstein_Herzogliche-Orangerie_Luftbild_2020_MGlahn-1024x682.jpg 1024w, https:\/\/schatzkammer-thueringen.de\/wp-content\/uploads\/2021\/05\/Gotha_Schloss-Friedenstein_Herzogliche-Orangerie_Luftbild_2020_MGlahn-18x12.jpg 18w, https:\/\/schatzkammer-thueringen.de\/wp-content\/uploads\/2021\/05\/Gotha_Schloss-Friedenstein_Herzogliche-Orangerie_Luftbild_2020_MGlahn-300x200.jpg 300w, https:\/\/schatzkammer-thueringen.de\/wp-content\/uploads\/2021\/05\/Gotha_Schloss-Friedenstein_Herzogliche-Orangerie_Luftbild_2020_MGlahn-768x512.jpg 768w, https:\/\/schatzkammer-thueringen.de\/wp-content\/uploads\/2021\/05\/Gotha_Schloss-Friedenstein_Herzogliche-Orangerie_Luftbild_2020_MGlahn-1536x1023.jpg 1536w, https:\/\/schatzkammer-thueringen.de\/wp-content\/uploads\/2021\/05\/Gotha_Schloss-Friedenstein_Herzogliche-Orangerie_Luftbild_2020_MGlahn.jpg 1600w\" sizes=\"auto, (max-width: 1024px) 100vw, 1024px\" \/><\/a><\/li><li><a class=\"\" href=\"https:\/\/schatzkammer-thueringen.de\/wp-content\/uploads\/2019\/08\/DJI_0436-1024x682.jpg\" data-lightbox=\"lightbox[rel-2953-1251800777]\"><img loading=\"lazy\" decoding=\"async\" width=\"1024\" height=\"682\" src=\"https:\/\/schatzkammer-thueringen.de\/wp-content\/uploads\/2019\/08\/DJI_0436-1024x682.jpg\" class=\"attachment-large\" alt=\"Sommerpalais Greiz\" title=\"Sommerpalais Greiz\" srcset=\"https:\/\/schatzkammer-thueringen.de\/wp-content\/uploads\/2019\/08\/DJI_0436-1024x682.jpg 1024w, https:\/\/schatzkammer-thueringen.de\/wp-content\/uploads\/2019\/08\/DJI_0436-300x200.jpg 300w, https:\/\/schatzkammer-thueringen.de\/wp-content\/uploads\/2019\/08\/DJI_0436-18x12.jpg 18w, https:\/\/schatzkammer-thueringen.de\/wp-content\/uploads\/2019\/08\/DJI_0436-768x511.jpg 768w, https:\/\/schatzkammer-thueringen.de\/wp-content\/uploads\/2019\/08\/DJI_0436-1536x1022.jpg 1536w, https:\/\/schatzkammer-thueringen.de\/wp-content\/uploads\/2019\/08\/DJI_0436-2048x1363.jpg 2048w, https:\/\/schatzkammer-thueringen.de\/wp-content\/uploads\/2019\/08\/DJI_0436.jpg 1200w\" sizes=\"auto, (max-width: 1024px) 100vw, 1024px\" \/><\/a><\/li><li><a class=\"\" href=\"\" data-lightbox=\"lightbox[rel-2953-1251800777]\"><\/a><\/li><li><a class=\"\" href=\"https:\/\/schatzkammer-thueringen.de\/wp-content\/uploads\/2021\/05\/Erfurt-Molsdorf_SchlossMolsdorf_Suedfassade_2020_MGlahn-1024x682.jpg\" data-lightbox=\"lightbox[rel-2953-1251800777]\"><img loading=\"lazy\" decoding=\"async\" width=\"1024\" height=\"682\" src=\"https:\/\/schatzkammer-thueringen.de\/wp-content\/uploads\/2021\/05\/Erfurt-Molsdorf_SchlossMolsdorf_Suedfassade_2020_MGlahn-1024x682.jpg\" class=\"attachment-large\" alt=\"\" title=\"Erfurt-Molsdorf_SchlossMolsdorf_S\u00fcdfassade_2020_MGlahn\" srcset=\"https:\/\/schatzkammer-thueringen.de\/wp-content\/uploads\/2021\/05\/Erfurt-Molsdorf_SchlossMolsdorf_Suedfassade_2020_MGlahn-1024x682.jpg 1024w, https:\/\/schatzkammer-thueringen.de\/wp-content\/uploads\/2021\/05\/Erfurt-Molsdorf_SchlossMolsdorf_Suedfassade_2020_MGlahn-18x12.jpg 18w, https:\/\/schatzkammer-thueringen.de\/wp-content\/uploads\/2021\/05\/Erfurt-Molsdorf_SchlossMolsdorf_Suedfassade_2020_MGlahn-300x200.jpg 300w, https:\/\/schatzkammer-thueringen.de\/wp-content\/uploads\/2021\/05\/Erfurt-Molsdorf_SchlossMolsdorf_Suedfassade_2020_MGlahn-768x512.jpg 768w, https:\/\/schatzkammer-thueringen.de\/wp-content\/uploads\/2021\/05\/Erfurt-Molsdorf_SchlossMolsdorf_Suedfassade_2020_MGlahn-1536x1023.jpg 1536w, https:\/\/schatzkammer-thueringen.de\/wp-content\/uploads\/2021\/05\/Erfurt-Molsdorf_SchlossMolsdorf_Suedfassade_2020_MGlahn.jpg 1600w\" sizes=\"auto, (max-width: 1024px) 100vw, 1024px\" \/><\/a><\/li><li><a class=\"\" href=\"https:\/\/schatzkammer-thueringen.de\/wp-content\/uploads\/2021\/05\/DJI_0825-1024x682.jpg\" data-lightbox=\"lightbox[rel-2953-1251800777]\"><img loading=\"lazy\" decoding=\"async\" width=\"1024\" height=\"682\" src=\"https:\/\/schatzkammer-thueringen.de\/wp-content\/uploads\/2021\/05\/DJI_0825-1024x682.jpg\" class=\"attachment-large\" alt=\"\" title=\"DJI_0825\" srcset=\"https:\/\/schatzkammer-thueringen.de\/wp-content\/uploads\/2021\/05\/DJI_0825-1024x682.jpg 1024w, https:\/\/schatzkammer-thueringen.de\/wp-content\/uploads\/2021\/05\/DJI_0825-18x12.jpg 18w, https:\/\/schatzkammer-thueringen.de\/wp-content\/uploads\/2021\/05\/DJI_0825-300x200.jpg 300w, https:\/\/schatzkammer-thueringen.de\/wp-content\/uploads\/2021\/05\/DJI_0825-768x512.jpg 768w, https:\/\/schatzkammer-thueringen.de\/wp-content\/uploads\/2021\/05\/DJI_0825-1536x1023.jpg 1536w, https:\/\/schatzkammer-thueringen.de\/wp-content\/uploads\/2021\/05\/DJI_0825.jpg 1600w\" sizes=\"auto, (max-width: 1024px) 100vw, 1024px\" \/><\/a><\/li><li><a class=\"\" href=\"https:\/\/schatzkammer-thueringen.de\/wp-content\/uploads\/2021\/05\/Weimar_Schloss-Belvedere_Luftbild-Gesamtanlage_2020_MGlahn-1024x682.jpg\" data-lightbox=\"lightbox[rel-2953-1251800777]\"><img loading=\"lazy\" decoding=\"async\" width=\"1024\" height=\"682\" src=\"https:\/\/schatzkammer-thueringen.de\/wp-content\/uploads\/2021\/05\/Weimar_Schloss-Belvedere_Luftbild-Gesamtanlage_2020_MGlahn-1024x682.jpg\" class=\"attachment-large\" alt=\"\" title=\"Weimar_Schloss Belvedere_Luftbild Gesamtanlage_2020_MGlahn\" srcset=\"https:\/\/schatzkammer-thueringen.de\/wp-content\/uploads\/2021\/05\/Weimar_Schloss-Belvedere_Luftbild-Gesamtanlage_2020_MGlahn-1024x682.jpg 1024w, https:\/\/schatzkammer-thueringen.de\/wp-content\/uploads\/2021\/05\/Weimar_Schloss-Belvedere_Luftbild-Gesamtanlage_2020_MGlahn-18x12.jpg 18w, https:\/\/schatzkammer-thueringen.de\/wp-content\/uploads\/2021\/05\/Weimar_Schloss-Belvedere_Luftbild-Gesamtanlage_2020_MGlahn-300x200.jpg 300w, https:\/\/schatzkammer-thueringen.de\/wp-content\/uploads\/2021\/05\/Weimar_Schloss-Belvedere_Luftbild-Gesamtanlage_2020_MGlahn-768x512.jpg 768w, https:\/\/schatzkammer-thueringen.de\/wp-content\/uploads\/2021\/05\/Weimar_Schloss-Belvedere_Luftbild-Gesamtanlage_2020_MGlahn-1536x1023.jpg 1536w, https:\/\/schatzkammer-thueringen.de\/wp-content\/uploads\/2021\/05\/Weimar_Schloss-Belvedere_Luftbild-Gesamtanlage_2020_MGlahn.jpg 1600w\" sizes=\"auto, (max-width: 1024px) 100vw, 1024px\" \/><\/a><\/li><li><a class=\"\" href=\"\" data-lightbox=\"lightbox[rel-2953-1251800777]\"><\/a><\/li><\/ul><\/div><\/div><\/div>\n\t<div class=\"wpb_text_column wpb_content_element divider\" >\n\t\t<div class=\"wpb_wrapper\">\n\t\t\t<hr \/>\n\n\t\t<\/div>\n\t<\/div>\n<\/div><\/div><\/div><\/div><div class=\"vc_row wpb_row vc_row-fluid\"><div class=\"wpb_column vc_column_container vc_col-sm-12\"><div class=\"vc_column-inner\"><div class=\"wpb_wrapper\"><h1 style=\"text-align: center\" class=\"vc_custom_heading vc_do_custom_heading\" >Das ist die Schatzkammer Th\u00fcringen<\/h1><\/div><\/div><\/div><\/div><div class=\"vc_row wpb_row vc_row-fluid vc_row-o-equal-height vc_row-flex\"><div class=\"wpb_column vc_column_container vc_col-sm-4\"><div class=\"vc_column-inner\"><div class=\"wpb_wrapper\"><div class=\"vc_empty_space\"   style=\"height: 32px\"><span class=\"vc_empty_space_inner\"><\/span><\/div>\n\t<div  class=\"wpb_single_image wpb_content_element vc_align_center wpb_content_element\">\n\t\t\n\t\t<figure class=\"wpb_wrapper vc_figure\">\n\t\t\t<a href=\"https:\/\/schatzkammer-thueringen.de\/tuer-auf-zur-schatzkammer\/schaetze\/\" target=\"_self\" class=\"vc_single_image-wrapper   vc_box_border_grey\"><img decoding=\"async\" class=\"vc_single_image-img \" src=\"https:\/\/schatzkammer-thueringen.de\/wp-content\/uploads\/2020\/08\/Kunstkammer-Schatzkammer-Th\u00fcringen-Fotograf-Marcus-Glahn-28-1200x710.jpg\" width=\"1200\" height=\"710\" alt=\"Schloss Friedenstein, Kunstkammer\" title=\"Schloss Friedenstein, Kunstkammer\" loading=\"lazy\" \/><\/a>\n\t\t<\/figure>\n\t<\/div>\n<div class=\"vc_empty_space\"   style=\"height: 5px\"><span class=\"vc_empty_space_inner\"><\/span><\/div><h3 style=\"text-align: center\" class=\"vc_custom_heading vc_do_custom_heading\" ><a href=\"http:\/\/schatzkammer-thueringen.de\/tuer-auf-zur-schatzkammer\/schaetze\/\" title=\"T\u00fcr auf zu Sch\u00e4tzen\">Einzigartige Sch\u00e4tze<\/a><\/h3><div class=\"vc_empty_space\"   style=\"height: 20px\"><span class=\"vc_empty_space_inner\"><\/span><\/div><\/div><\/div><\/div><div class=\"wpb_column vc_column_container vc_col-sm-4\"><div class=\"vc_column-inner\"><div class=\"wpb_wrapper\"><div class=\"vc_empty_space\"   style=\"height: 32px\"><span class=\"vc_empty_space_inner\"><\/span><\/div>\n\t<div  class=\"wpb_single_image wpb_content_element vc_align_center wpb_content_element\">\n\t\t\n\t\t<figure class=\"wpb_wrapper vc_figure\">\n\t\t\t<a href=\"https:\/\/schatzkammer-thueringen.de\/tuer-auf-zur-schatzkammer\/schloesser\/\" target=\"_self\" class=\"vc_single_image-wrapper   vc_box_border_grey\"><img decoding=\"async\" class=\"vc_single_image-img \" src=\"https:\/\/schatzkammer-thueringen.de\/wp-content\/uploads\/2019\/08\/slide_heidecksburg_Rudolstadt_3.jpg\" width=\"1200\" height=\"710\" alt=\"Schloss Heidecksburg in Rudolstadt\" title=\"Schloss Heidecksburg in Rudolstadt\" loading=\"lazy\" \/><\/a>\n\t\t<\/figure>\n\t<\/div>\n<div class=\"vc_empty_space\"   style=\"height: 5px\"><span class=\"vc_empty_space_inner\"><\/span><\/div><h3 style=\"text-align: center\" class=\"vc_custom_heading vc_do_custom_heading\" ><a href=\"http:\/\/schatzkammer-thueringen.de\/tuer-auf-zur-schatzkammer\/schloesser\/\" title=\"T\u00fcr auf zu Schl\u00f6ssern\">Prunkvolle Schl\u00f6sser<\/a><\/h3><div class=\"vc_empty_space\"   style=\"height: 20px\"><span class=\"vc_empty_space_inner\"><\/span><\/div><\/div><\/div><\/div><div class=\"wpb_column vc_column_container vc_col-sm-4\"><div class=\"vc_column-inner\"><div class=\"wpb_wrapper\"><div class=\"vc_empty_space\"   style=\"height: 32px\"><span class=\"vc_empty_space_inner\"><\/span><\/div>\n\t<div  class=\"wpb_single_image wpb_content_element vc_align_center wpb_content_element\">\n\t\t\n\t\t<figure class=\"wpb_wrapper vc_figure\">\n\t\t\t<a href=\"https:\/\/schatzkammer-thueringen.de\/tuer-auf-zur-schatzkammer\/tuer-auf-zu-gaerten\/\" target=\"_self\" class=\"vc_single_image-wrapper   vc_box_border_grey\"><\/a>\n\t\t<\/figure>\n\t<\/div>\n<div class=\"vc_empty_space\"   style=\"height: 5px\"><span class=\"vc_empty_space_inner\"><\/span><\/div><h3 style=\"text-align: center\" class=\"vc_custom_heading vc_do_custom_heading\" ><a href=\"http:\/\/schatzkammer-thueringen.de\/tuer-auf-zur-schatzkammer\/tuer-auf-zu-gaerten\/\" title=\"T\u00fcr auf zu G\u00e4rten\">Wundervolle Parks und Orangerieanlagen<\/a><\/h3><div class=\"vc_empty_space\"   style=\"height: 20px\"><span class=\"vc_empty_space_inner\"><\/span><\/div><\/div><\/div><\/div><\/div>\n<\/div>","protected":false},"excerpt":{"rendered":"R\u00fcckblick: Das war das Themenjahr \u201eG\u00e4rten\u201c 2021 I am text block. Click edit button to change this text. Lorem ipsum dolor sit amet, consectetur adipiscing elit. Ut elit tellus, luctus nec ullamcorper mattis, pulvinar dapibus leo. Anzeige Sondershausen Bauernkrieg DownloadHistorische Parks und G\u00e4rten als Au\u00dfenstandorte der BUGA Erfurt 2021 Auch wenn die Bundesgartenschau ihre zentralen [...]","protected":false},"author":3,"featured_media":0,"parent":0,"menu_order":0,"comment_status":"closed","ping_status":"closed","template":"","meta":{"footnotes":""},"class_list":["post-2953","page","type-page","status-publish","hentry"],"_links":{"self":[{"href":"https:\/\/schatzkammer-thueringen.de\/en\/wp-json\/wp\/v2\/pages\/2953","targetHints":{"allow":["GET"]}}],"collection":[{"href":"https:\/\/schatzkammer-thueringen.de\/en\/wp-json\/wp\/v2\/pages"}],"about":[{"href":"https:\/\/schatzkammer-thueringen.de\/en\/wp-json\/wp\/v2\/types\/page"}],"author":[{"embeddable":true,"href":"https:\/\/schatzkammer-thueringen.de\/en\/wp-json\/wp\/v2\/users\/3"}],"replies":[{"embeddable":true,"href":"https:\/\/schatzkammer-thueringen.de\/en\/wp-json\/wp\/v2\/comments?post=2953"}],"version-history":[{"count":63,"href":"https:\/\/schatzkammer-thueringen.de\/en\/wp-json\/wp\/v2\/pages\/2953\/revisions"}],"predecessor-version":[{"id":6368,"href":"https:\/\/schatzkammer-thueringen.de\/en\/wp-json\/wp\/v2\/pages\/2953\/revisions\/6368"}],"wp:attachment":[{"href":"https:\/\/schatzkammer-thueringen.de\/en\/wp-json\/wp\/v2\/media?parent=2953"}],"curies":[{"name":"wp","href":"https:\/\/api.w.org\/{rel}","templated":true}]}}