{"id":30,"date":"2019-02-27T15:01:01","date_gmt":"2019-02-27T14:01:01","guid":{"rendered":"http:\/\/s1073265861.online.de\/?page_id=30"},"modified":"2025-02-18T10:13:52","modified_gmt":"2025-02-18T09:13:52","slug":"schloesser-gaerten","status":"publish","type":"page","link":"https:\/\/schatzkammer-thueringen.de\/en\/schloesser-gaerten\/","title":{"rendered":"Schl\u00f6sser &#038; G\u00e4rten"},"content":{"rendered":"<div class=\"wpb-content-wrapper\"><div data-vc-full-width=\"true\" data-vc-full-width-temp=\"true\" data-vc-full-width-init=\"false\" data-vc-stretch-content=\"true\" class=\"vc_row wpb_row vc_row-fluid header-teaser vc_row-no-padding\"><div class=\"wpb_column vc_column_container vc_col-sm-12\"><div class=\"vc_column-inner\"><div class=\"wpb_wrapper\">\n\t<div class=\"wpb_text_column wpb_content_element\" >\n\t\t<div class=\"wpb_wrapper\">\n\t\t\t\n\n\n<div id=\"wpv-view-layout-4977\" class=\"js-wpv-view-layout js-wpv-layout-responsive js-wpv-view-layout-4977\" data-viewnumber=\"4977\" data-pagination=\"{&quot;id&quot;:&quot;4977&quot;,&quot;query&quot;:&quot;normal&quot;,&quot;type&quot;:&quot;disabled&quot;,&quot;effect&quot;:&quot;fade&quot;,&quot;duration&quot;:500,&quot;speed&quot;:5,&quot;pause_on_hover&quot;:&quot;enabled&quot;,&quot;stop_rollover&quot;:&quot;false&quot;,&quot;cache_pages&quot;:&quot;enabled&quot;,&quot;preload_images&quot;:&quot;enabled&quot;,&quot;preload_pages&quot;:&quot;enabled&quot;,&quot;preload_reach&quot;:1,&quot;spinner&quot;:&quot;builtin&quot;,&quot;spinner_image&quot;:&quot;&quot;,&quot;callback_next&quot;:&quot;&quot;,&quot;manage_history&quot;:&quot;disabled&quot;,&quot;has_controls_in_form&quot;:&quot;disabled&quot;,&quot;infinite_tolerance&quot;:0,&quot;max_pages&quot;:1,&quot;page&quot;:1,&quot;base_permalink&quot;:&quot;\/en\/wp-json\/wp\/v2\/pages\/30?wpv_view_count=4977&amp;wpv_paged=WPV_PAGE_NUM&quot;,&quot;loop&quot;:{&quot;type&quot;:&quot;&quot;,&quot;name&quot;:&quot;&quot;,&quot;data&quot;:[],&quot;id&quot;:0}}\" data-permalink=\"\/en\/wp-json\/wp\/v2\/pages\/30?wpv_view_count=4977\">\n\n\t\n\t\n\t\n\t\t<div class=\"row headerbanner\" style='background-image: url(\"https:\/\/schatzkammer-thueringen.de\/wp-content\/uploads\/2019\/12\/DJI_0398.jpg\");'>\n\t<div class=\"col\"><\/div>\n<\/div>\n\t\n\t\n\t\n\t\n<\/div>\n\n\n\t\t<\/div>\n\t<\/div>\n<\/div><\/div><\/div><\/div><div class=\"vc_row-full-width vc_clearfix\"><\/div><div data-vc-full-width=\"true\" data-vc-full-width-temp=\"true\" data-vc-full-width-init=\"false\" class=\"vc_row wpb_row vc_row-fluid bg-lichtgrau\"><div class=\"wpb_column vc_column_container vc_col-sm-12\"><div class=\"vc_column-inner\"><div class=\"wpb_wrapper\">\n\t<div class=\"wpb_text_column wpb_content_element null pb-2 pt-2\" >\n\t\t<div class=\"wpb_wrapper\">\n\t\t\t<div class=\"breadcrumb\"><div class=\"breadcrumb-box with_sepperators\"><p>You are here: <a href=\"https:\/\/schatzkammer-thueringen.de\/en\/\">Home<\/a><\/div><\/div>\n\n\t\t<\/div>\n\t<\/div>\n<\/div><\/div><\/div><\/div><div class=\"vc_row-full-width vc_clearfix\"><\/div><div data-vc-full-width=\"true\" data-vc-full-width-temp=\"true\" data-vc-full-width-init=\"false\" class=\"vc_row wpb_row vc_row-fluid\"><div class=\"wpb_column vc_column_container vc_col-sm-12\"><div class=\"vc_column-inner\"><div class=\"wpb_wrapper\"><div class=\"ult-spacer spacer-69dd45a748be2\" data-id=\"69dd45a748be2\" data-height=\"35\" data-height-mobile=\"35\" data-height-tab=\"35\" data-height-tab-portrait=\"\" data-height-mobile-landscape=\"\" style=\"clear:both;display:block;\"><\/div><h2 style=\"text-align: left\" class=\"vc_custom_heading vc_do_custom_heading\" >Overview of all castles and gardens<\/h2><div class=\"vc_empty_space\"   style=\"height: 10px\"><span class=\"vc_empty_space_inner\"><\/span><\/div>\n\t<div class=\"wpb_text_column wpb_content_element\" >\n\t\t<div class=\"wpb_wrapper\">\n\t\t\t\n\n\n<div id=\"wpv-view-layout-4994\" class=\"js-wpv-view-layout js-wpv-layout-responsive js-wpv-view-layout-4994\" data-viewnumber=\"4994\" data-pagination=\"{&quot;id&quot;:&quot;4994&quot;,&quot;query&quot;:&quot;normal&quot;,&quot;type&quot;:&quot;disabled&quot;,&quot;effect&quot;:&quot;fade&quot;,&quot;duration&quot;:500,&quot;speed&quot;:5,&quot;pause_on_hover&quot;:&quot;disabled&quot;,&quot;stop_rollover&quot;:&quot;false&quot;,&quot;cache_pages&quot;:&quot;enabled&quot;,&quot;preload_images&quot;:&quot;enabled&quot;,&quot;preload_pages&quot;:&quot;enabled&quot;,&quot;preload_reach&quot;:1,&quot;spinner&quot;:&quot;builtin&quot;,&quot;spinner_image&quot;:&quot;https:\/\/schatzkammer-thueringen.de\/wp-content\/plugins\/wp-views\/embedded\/res\/img\/ajax-loader.gif&quot;,&quot;callback_next&quot;:&quot;&quot;,&quot;manage_history&quot;:&quot;disabled&quot;,&quot;has_controls_in_form&quot;:&quot;disabled&quot;,&quot;infinite_tolerance&quot;:&quot;0&quot;,&quot;max_pages&quot;:0,&quot;page&quot;:1,&quot;base_permalink&quot;:&quot;\/en\/wp-json\/wp\/v2\/pages\/30?wpv_view_count=4994&amp;wpv_paged=WPV_PAGE_NUM&quot;,&quot;loop&quot;:{&quot;type&quot;:&quot;&quot;,&quot;name&quot;:&quot;&quot;,&quot;data&quot;:[],&quot;id&quot;:0}}\" data-permalink=\"\/en\/wp-json\/wp\/v2\/pages\/30?wpv_view_count=4994\">\n\n\t\n\t\n<div class=\"row\">\n\t\n\t\t<div class=\"col-xl-3 col-lg-4 col-md-6 hvr-grow mb-4\">\n\t<a href=\"https:\/\/schatzkammer-thueringen.de\/en\/objekt\/residenzschloss-altenburg\/\"><div class=\"col-12 objekt-grid-holder\">\n      <div class=\"grid-image\" style=\"background-image:url(https:\/\/schatzkammer-thueringen.de\/wp-content\/uploads\/2019\/08\/slide_resindenzschloss_altenburg-1024x606.jpg)\">\n        <div class=\"spacer\"><\/div>\n      <\/div>\n      <div class=\"grid-inhalt\">\n        <h4>Altenburg Residential Palace<\/h4>        \n      <\/div> \n \t<\/div>\n  <\/a>\n<\/div>\n\t\n\t\t<div class=\"col-xl-3 col-lg-4 col-md-6 hvr-grow mb-4\">\n\t<a href=\"https:\/\/schatzkammer-thueringen.de\/en\/objekt\/neues-palais-in-arnstadt\/\"><div class=\"col-12 objekt-grid-holder\">\n      <div class=\"grid-image\" style=\"background-image:url(https:\/\/schatzkammer-thueringen.de\/wp-content\/uploads\/2019\/08\/MG_9977_1600px-1024x683.jpg)\">\n        <div class=\"spacer\"><\/div>\n      <\/div>\n      <div class=\"grid-inhalt\">\n        <h4>Neues Palais Arnstadt<\/h4>        \n      <\/div> \n \t<\/div>\n  <\/a>\n<\/div>\n\t\n\t\t<div class=\"col-xl-3 col-lg-4 col-md-6 hvr-grow mb-4\">\n\t<a href=\"https:\/\/schatzkammer-thueringen.de\/en\/objekt\/park-altenstein-mit-schloss\/\"><div class=\"col-12 objekt-grid-holder\">\n      <div class=\"grid-image\" style=\"background-image:url(https:\/\/schatzkammer-thueringen.de\/wp-content\/uploads\/2019\/08\/Altenstein_Schloss_Brunnen_Slider_2019CBeyer-1024x448.jpg)\">\n        <div class=\"spacer\"><\/div>\n      <\/div>\n      <div class=\"grid-inhalt\">\n        <h4>Altenstein House and Park<\/h4>        \n      <\/div> \n \t<\/div>\n  <\/a>\n<\/div>\n\t\n\t\t<div class=\"col-xl-3 col-lg-4 col-md-6 hvr-grow mb-4\">\n\t<a href=\"https:\/\/schatzkammer-thueringen.de\/en\/objekt\/schloss-burgk\/\"><div class=\"col-12 objekt-grid-holder\">\n      <div class=\"grid-image\" style=\"background-image:url(https:\/\/schatzkammer-thueringen.de\/wp-content\/uploads\/2019\/08\/slide_schloss-burgk_2-1024x606.jpg)\">\n        <div class=\"spacer\"><\/div>\n      <\/div>\n      <div class=\"grid-inhalt\">\n        <h4>Burgk Castle<\/h4>        \n      <\/div> \n \t<\/div>\n  <\/a>\n<\/div>\n\t\n\t\t<div class=\"col-xl-3 col-lg-4 col-md-6 hvr-grow mb-4\">\n\t<a href=\"https:\/\/schatzkammer-thueringen.de\/en\/objekt\/dornburger-schloesser\/\"><div class=\"col-12 objekt-grid-holder\">\n      <div class=\"grid-image\" style=\"background-image:url(https:\/\/schatzkammer-thueringen.de\/wp-content\/uploads\/2019\/08\/dornburger_schloesser_7.jpg)\">\n        <div class=\"spacer\"><\/div>\n      <\/div>\n      <div class=\"grid-inhalt\">\n        <h4>Dornburg Palaces and Gardens<\/h4>        \n      <\/div> \n \t<\/div>\n  <\/a>\n<\/div>\n\t\n\t\t<div class=\"col-xl-3 col-lg-4 col-md-6 hvr-grow mb-4\">\n\t<a href=\"https:\/\/schatzkammer-thueringen.de\/en\/objekt\/schloss-und-park-ettersburg\/\"><div class=\"col-12 objekt-grid-holder\">\n      <div class=\"grid-image\" style=\"background-image:url(https:\/\/schatzkammer-thueringen.de\/wp-content\/uploads\/2019\/10\/slide_Park_Schloss_Ettersburg_1-1024x606.jpg)\">\n        <div class=\"spacer\"><\/div>\n      <\/div>\n      <div class=\"grid-inhalt\">\n        <h4>Ettersburg Castle and Park<\/h4>        \n      <\/div> \n \t<\/div>\n  <\/a>\n<\/div>\n\t\n\t\t<div class=\"col-xl-3 col-lg-4 col-md-6 hvr-grow mb-4\">\n\t<a href=\"https:\/\/schatzkammer-thueringen.de\/en\/objekt\/schloss-friedenstein-in-gotha\/\"><div class=\"col-12 objekt-grid-holder\">\n      <div class=\"grid-image\" style=\"background-image:url(https:\/\/schatzkammer-thueringen.de\/wp-content\/uploads\/2019\/03\/slide_schloss_Friedenstein_gotha_4-1024x606.jpg)\">\n        <div class=\"spacer\"><\/div>\n      <\/div>\n      <div class=\"grid-inhalt\">\n        <h4>Friedenstein Palace and Ducal Park<\/h4>        \n      <\/div> \n \t<\/div>\n  <\/a>\n<\/div>\n\t\n\t\t<div class=\"col-xl-3 col-lg-4 col-md-6 hvr-grow mb-4\">\n\t<a href=\"https:\/\/schatzkammer-thueringen.de\/en\/objekt\/sommerpalais-greiz\/\"><div class=\"col-12 objekt-grid-holder\">\n      <div class=\"grid-image\" style=\"background-image:url(https:\/\/schatzkammer-thueringen.de\/wp-content\/uploads\/2019\/12\/DJI_0398-1024x682.jpg)\">\n        <div class=\"spacer\"><\/div>\n      <\/div>\n      <div class=\"grid-inhalt\">\n        <h4>Greiz Summer Palace and Princely Greiz Park<\/h4>        \n      <\/div> \n \t<\/div>\n  <\/a>\n<\/div>\n\t\n\t\t<div class=\"col-xl-3 col-lg-4 col-md-6 hvr-grow mb-4\">\n\t<a href=\"https:\/\/schatzkammer-thueringen.de\/en\/objekt\/schloss-grosskochberg\/\"><div class=\"col-12 objekt-grid-holder\">\n      <div class=\"grid-image\" style=\"background-image:url(https:\/\/schatzkammer-thueringen.de\/wp-content\/uploads\/2019\/08\/slide_schloss_grosskochberg_1-1024x606.jpg)\">\n        <div class=\"spacer\"><\/div>\n      <\/div>\n      <div class=\"grid-inhalt\">\n        <h4>Kochberg Castle and Park<\/h4>        \n      <\/div> \n \t<\/div>\n  <\/a>\n<\/div>\n\t\n\t\t<div class=\"col-xl-3 col-lg-4 col-md-6 hvr-grow mb-4\">\n\t<a href=\"https:\/\/schatzkammer-thueringen.de\/en\/objekt\/veste-heldburg\/\"><div class=\"col-12 objekt-grid-holder\">\n      <div class=\"grid-image\" style=\"background-image:url(https:\/\/schatzkammer-thueringen.de\/wp-content\/uploads\/2019\/08\/slide_veste_heldburg_2-1024x606.jpg)\">\n        <div class=\"spacer\"><\/div>\n      <\/div>\n      <div class=\"grid-inhalt\">\n        <h4>Heldburg Castle<\/h4>        \n      <\/div> \n \t<\/div>\n  <\/a>\n<\/div>\n\t\n\t\t<div class=\"col-xl-3 col-lg-4 col-md-6 hvr-grow mb-4\">\n\t<a href=\"https:\/\/schatzkammer-thueringen.de\/en\/objekt\/schloss-elisabethenburg-in-meiningen\/\"><div class=\"col-12 objekt-grid-holder\">\n      <div class=\"grid-image\" style=\"background-image:url(https:\/\/schatzkammer-thueringen.de\/wp-content\/uploads\/2022\/10\/Meiningen_Schloss-Elisabethenburg_Luftbild_2020_MGlahn-1024x682.jpg)\">\n        <div class=\"spacer\"><\/div>\n      <\/div>\n      <div class=\"grid-inhalt\">\n        <h4>Elisabethenburg Castle<\/h4>        \n      <\/div> \n \t<\/div>\n  <\/a>\n<\/div>\n\t\n\t\t<div class=\"col-xl-3 col-lg-4 col-md-6 hvr-grow mb-4\">\n\t<a href=\"https:\/\/schatzkammer-thueringen.de\/en\/objekt\/schloss-molsdorf\/\"><div class=\"col-12 objekt-grid-holder\">\n      <div class=\"grid-image\" style=\"background-image:url(https:\/\/schatzkammer-thueringen.de\/wp-content\/uploads\/2019\/10\/Erfurt-Molsdorf_SchlossMolsdorf_Ansicht-von-Sueden_2020_MGlahn-1024x682.jpg)\">\n        <div class=\"spacer\"><\/div>\n      <\/div>\n      <div class=\"grid-inhalt\">\n        <h4>Molsdorf Palace<\/h4>        \n      <\/div> \n \t<\/div>\n  <\/a>\n<\/div>\n\t\n\t\t<div class=\"col-xl-3 col-lg-4 col-md-6 hvr-grow mb-4\">\n\t<a href=\"https:\/\/schatzkammer-thueringen.de\/en\/objekt\/schloss-heidecksburg-in-rudolstadt\/\"><div class=\"col-12 objekt-grid-holder\">\n      <div class=\"grid-image\" style=\"background-image:url(https:\/\/schatzkammer-thueringen.de\/wp-content\/uploads\/2019\/08\/slide_Heidecksburg_R_4_1200x710-1024x606.jpg)\">\n        <div class=\"spacer\"><\/div>\n      <\/div>\n      <div class=\"grid-inhalt\">\n        <h4>Heidecksburg Palace<\/h4>        \n      <\/div> \n \t<\/div>\n  <\/a>\n<\/div>\n\t\n\t\t<div class=\"col-xl-3 col-lg-4 col-md-6 hvr-grow mb-4\">\n\t<a href=\"https:\/\/schatzkammer-thueringen.de\/en\/objekt\/schloss-wilhelmsburg-in-schmalkalden\/\"><div class=\"col-12 objekt-grid-holder\">\n      <div class=\"grid-image\" style=\"background-image:url(https:\/\/schatzkammer-thueringen.de\/wp-content\/uploads\/2019\/08\/DJI_0785_klein-1024x683.jpg)\">\n        <div class=\"spacer\"><\/div>\n      <\/div>\n      <div class=\"grid-inhalt\">\n        <h4>Wilhelmsburg Castle<\/h4>        \n      <\/div> \n \t<\/div>\n  <\/a>\n<\/div>\n\t\n\t\t<div class=\"col-xl-3 col-lg-4 col-md-6 hvr-grow mb-4\">\n\t<a href=\"https:\/\/schatzkammer-thueringen.de\/en\/objekt\/schloss-schwarzburg\/\"><div class=\"col-12 objekt-grid-holder\">\n      <div class=\"grid-image\" style=\"background-image:url(https:\/\/schatzkammer-thueringen.de\/wp-content\/uploads\/2019\/12\/DJI_0027-1024x682.jpg)\">\n        <div class=\"spacer\"><\/div>\n      <\/div>\n      <div class=\"grid-inhalt\">\n        <h4>Schwarzburg Palace<\/h4>        \n      <\/div> \n \t<\/div>\n  <\/a>\n<\/div>\n\t\n\t\t<div class=\"col-xl-3 col-lg-4 col-md-6 hvr-grow mb-4\">\n\t<a href=\"https:\/\/schatzkammer-thueringen.de\/en\/objekt\/schloss-sondershausen\/\"><div class=\"col-12 objekt-grid-holder\">\n      <div class=\"grid-image\" style=\"background-image:url(https:\/\/schatzkammer-thueringen.de\/wp-content\/uploads\/2019\/12\/DJI_0102-1024x682.jpg)\">\n        <div class=\"spacer\"><\/div>\n      <\/div>\n      <div class=\"grid-inhalt\">\n        <h4>Sondershausen Residential Palace<\/h4>        \n      <\/div> \n \t<\/div>\n  <\/a>\n<\/div>\n\t\n\t\t<div class=\"col-xl-3 col-lg-4 col-md-6 hvr-grow mb-4\">\n\t<a href=\"https:\/\/schatzkammer-thueringen.de\/en\/objekt\/schloss-und-park-tiefurt-in-weimar\/\"><div class=\"col-12 objekt-grid-holder\">\n      <div class=\"grid-image\" style=\"background-image:url(https:\/\/schatzkammer-thueringen.de\/wp-content\/uploads\/2019\/10\/slide_park_tiefurt_weimar-1024x606.jpg)\">\n        <div class=\"spacer\"><\/div>\n      <\/div>\n      <div class=\"grid-inhalt\">\n        <h4>Tiefurt Castle and Park<\/h4>        \n      <\/div> \n \t<\/div>\n  <\/a>\n<\/div>\n\t\n\t\t<div class=\"col-xl-3 col-lg-4 col-md-6 hvr-grow mb-4\">\n\t<a href=\"https:\/\/schatzkammer-thueringen.de\/en\/objekt\/stadtschloss-weimar-und-ensemble-bastille\/\"><div class=\"col-12 objekt-grid-holder\">\n      <div class=\"grid-image\" style=\"background-image:url(https:\/\/schatzkammer-thueringen.de\/wp-content\/uploads\/2019\/08\/slider_Weimar-1024x446.jpg)\">\n        <div class=\"spacer\"><\/div>\n      <\/div>\n      <div class=\"grid-inhalt\">\n        <h4>The Grand Ducal Palace and Park on the Ilm<\/h4>        \n      <\/div> \n \t<\/div>\n  <\/a>\n<\/div>\n\t\n\t\t<div class=\"col-xl-3 col-lg-4 col-md-6 hvr-grow mb-4\">\n\t<a href=\"https:\/\/schatzkammer-thueringen.de\/en\/objekt\/schloss-und-park-belvedere-bei-weimar\/\"><div class=\"col-12 objekt-grid-holder\">\n      <div class=\"grid-image\" style=\"background-image:url(https:\/\/schatzkammer-thueringen.de\/wp-content\/uploads\/2019\/10\/DJI_0330-1024x682.jpg)\">\n        <div class=\"spacer\"><\/div>\n      <\/div>\n      <div class=\"grid-inhalt\">\n        <h4>Belvedere Castle and Park<\/h4>        \n      <\/div> \n \t<\/div>\n  <\/a>\n<\/div>\n\t\n\t\t<div class=\"col-xl-3 col-lg-4 col-md-6 hvr-grow mb-4\">\n\t<a href=\"https:\/\/schatzkammer-thueringen.de\/en\/objekt\/schloss-und-park-wilhelmsthal\/\"><div class=\"col-12 objekt-grid-holder\">\n      <div class=\"grid-image\" style=\"background-image:url(https:\/\/schatzkammer-thueringen.de\/wp-content\/uploads\/2019\/12\/DJI_0999-1024x683.jpg)\">\n        <div class=\"spacer\"><\/div>\n      <\/div>\n      <div class=\"grid-inhalt\">\n        <h4>Wilhelmsthal Castle and Park<\/h4>        \n      <\/div> \n \t<\/div>\n  <\/a>\n<\/div>\n\t\n<\/div>\n\t\n\t\n\t\n<\/div>\n\n\n\t\t<\/div>\n\t<\/div>\n<\/div><\/div><\/div><\/div><div class=\"vc_row-full-width vc_clearfix\"><\/div><div class=\"vc_row wpb_row vc_row-fluid\"><div class=\"wpb_column vc_column_container vc_col-sm-12\"><div class=\"vc_column-inner\"><div class=\"wpb_wrapper\">\n\t<div class=\"wpb_text_column wpb_content_element divider\" >\n\t\t<div class=\"wpb_wrapper\">\n\t\t\t<hr \/>\n\n\t\t<\/div>\n\t<\/div>\n<\/div><\/div><\/div><\/div><div class=\"vc_row wpb_row vc_row-fluid\"><div class=\"wpb_column vc_column_container vc_col-sm-12\"><div class=\"vc_column-inner\"><div class=\"wpb_wrapper\"><div class=\"vc_empty_space\"   style=\"height: 32px\"><span class=\"vc_empty_space_inner\"><\/span><\/div><h2 style=\"text-align: left\" class=\"vc_custom_heading vc_do_custom_heading\" >Locations of the Thuringian Castles and Gardens<\/h2><div class=\"vc_empty_space\"   style=\"height: 32px\"><span class=\"vc_empty_space_inner\"><\/span><\/div><div class=\"wpb_gmaps_widget wpb_content_element\"><div class=\"wpb_wrapper\"><div class=\"wpb_map_wraper\"><iframe loading=\"lazy\" src=\"https:\/\/www.google.com\/maps\/d\/embed?mid=1rBRsD5z8Dfxwo_f2Cc6CbNXHuZ67u2n_\" width=\"800\" height=\"500\"><\/iframe><\/div><\/div><\/div><div class=\"vc_empty_space\"   style=\"height: 32px\"><span class=\"vc_empty_space_inner\"><\/span><\/div><\/div><\/div><\/div><\/div>\n<\/div>","protected":false},"excerpt":{"rendered":"{!{wpv-view name='startseite-headerbanner'}!} Sie befinden sich hier: Startseite Alle Schl\u00f6sser &amp; G\u00e4rten in der \u00dcbersicht {!{wpv-view name='gridansicht-schloesser-gaerten'}!} Standorte der Th\u00fcringer Schl\u00f6sser und G\u00e4rten","protected":false},"author":3,"featured_media":768,"parent":0,"menu_order":0,"comment_status":"closed","ping_status":"closed","template":"startseite.php","meta":{"footnotes":""},"class_list":["post-30","page","type-page","status-publish","has-post-thumbnail","hentry"],"_links":{"self":[{"href":"https:\/\/schatzkammer-thueringen.de\/en\/wp-json\/wp\/v2\/pages\/30","targetHints":{"allow":["GET"]}}],"collection":[{"href":"https:\/\/schatzkammer-thueringen.de\/en\/wp-json\/wp\/v2\/pages"}],"about":[{"href":"https:\/\/schatzkammer-thueringen.de\/en\/wp-json\/wp\/v2\/types\/page"}],"author":[{"embeddable":true,"href":"https:\/\/schatzkammer-thueringen.de\/en\/wp-json\/wp\/v2\/users\/3"}],"replies":[{"embeddable":true,"href":"https:\/\/schatzkammer-thueringen.de\/en\/wp-json\/wp\/v2\/comments?post=30"}],"version-history":[{"count":14,"href":"https:\/\/schatzkammer-thueringen.de\/en\/wp-json\/wp\/v2\/pages\/30\/revisions"}],"predecessor-version":[{"id":5053,"href":"https:\/\/schatzkammer-thueringen.de\/en\/wp-json\/wp\/v2\/pages\/30\/revisions\/5053"}],"wp:featuredmedia":[{"embeddable":true,"href":"https:\/\/schatzkammer-thueringen.de\/en\/wp-json\/wp\/v2\/media\/768"}],"wp:attachment":[{"href":"https:\/\/schatzkammer-thueringen.de\/en\/wp-json\/wp\/v2\/media?parent=30"}],"curies":[{"name":"wp","href":"https:\/\/api.w.org\/{rel}","templated":true}]}}