{"id":4570,"date":"2024-08-28T14:49:37","date_gmt":"2024-08-28T12:49:37","guid":{"rendered":"http:\/\/s1073265861.online.de\/?page_id=4570"},"modified":"2026-04-09T16:10:16","modified_gmt":"2026-04-09T14:10:16","slug":"chorschaetze","status":"publish","type":"page","link":"https:\/\/schatzkammer-thueringen.de\/en\/chorschaetze\/","title":{"rendered":"Thuringian CHORal Treasures 2026"},"content":{"rendered":"<div class=\"wpb-content-wrapper\"><div data-vc-full-width=\"true\" data-vc-full-width-temp=\"true\" data-vc-full-width-init=\"false\" data-vc-stretch-content=\"true\" class=\"vc_row wpb_row vc_row-fluid no-margin no-padding vc_custom_1772012282049\"><div class=\"no-padding no-margin wpb_column vc_column_container vc_col-sm-12 vc_col-has-fill\"><div class=\"vc_column-inner vc_custom_1724744931347\"><div class=\"wpb_wrapper\"><div class=\"ult-spacer spacer-69dd34394199f\" data-id=\"69dd34394199f\" data-height=\"650\" data-height-mobile=\"230\" data-height-tab=\"400\" data-height-tab-portrait=\"400\" data-height-mobile-landscape=\"230\" style=\"clear:both;display:block;\"><\/div><\/div><\/div><\/div><\/div><div class=\"vc_row-full-width vc_clearfix\"><\/div><!-- Row Backgrounds --><div class=\"upb_bg_img\" data-ultimate-bg=\"url(https:\/\/schatzkammer-thueringen.de\/wp-content\/uploads\/2025\/01\/Thu\u2560eringer-Chorscha\u2560etze_2026_Webbanner-1200x600px.jpg)\" data-image-id=\"id^4811|url^https:\/\/schatzkammer-thueringen.de\/wp-content\/uploads\/2025\/01\/Thu\u2560eringer-Chorscha\u2560etze_2026_Webbanner-1200x600px.jpg|caption^null|alt^Th\u00fcringer Chorsch\u00e4tze 2026|title^Th\u00fcringer Chorsch\u00e4tze_2026_Webbanner-1200x600px|description^Farbenfrohes Veranstaltungsbanner f\u00fcr die Th\u00fcringer Chorsch\u00e4tze 2026 (19.\u201321. Juni). Drei Personen in barocker Kleidung treffen auf moderne Elemente wie Tablet und Kopfh\u00f6rer. Musiksymbole und Klangwellen betonen das zentrale Thema Chormusik \u2013 ein spielerischer Mix aus Tradition und Gegenwart.\" data-ultimate-bg-style=\"vcpb-default\" data-bg-img-repeat=\"repeat\" data-bg-img-size=\"cover\" data-bg-img-position=\"100% 30%\" data-parallx_sense=\"30\" data-bg-override=\"ex-full\" data-bg_img_attach=\"scroll\" data-upb-overlay-color=\"\" data-upb-bg-animation=\"\" data-fadeout=\"\" data-bg-animation=\"left-animation\" data-bg-animation-type=\"h\" data-animation-repeat=\"repeat\" data-fadeout-percentage=\"30\" data-parallax-content=\"\" data-parallax-content-sense=\"30\" data-row-effect-mobile-disable=\"true\" data-img-parallax-mobile-disable=\"true\" data-rtl=\"false\"  data-custom-vc-row=\"\"  data-vc=\"8.7.2\"  data-is_old_vc=\"\"  data-theme-support=\"\"   data-overlay=\"false\" data-overlay-color=\"\" data-overlay-pattern=\"\" data-overlay-pattern-opacity=\"\" data-overlay-pattern-size=\"\"    ><\/div><div data-vc-full-width=\"true\" data-vc-full-width-temp=\"true\" data-vc-full-width-init=\"false\" class=\"vc_row wpb_row vc_row-fluid bg-lichtgrau vc_custom_1738076341099\"><div class=\"wpb_column vc_column_container vc_col-sm-12\"><div class=\"vc_column-inner vc_custom_1738076359449\"><div class=\"wpb_wrapper\">\n\t<div class=\"wpb_text_column wpb_content_element null pb-2 pt-2\" >\n\t\t<div class=\"wpb_wrapper\">\n\t\t\t<div class=\"breadcrumb\"><div class=\"breadcrumb-box with_sepperators\"><p>You are here: <a href=\"https:\/\/schatzkammer-thueringen.de\/en\/\">Home<\/a><\/div><\/div>\n\n\t\t<\/div>\n\t<\/div>\n<\/div><\/div><\/div><\/div><div class=\"vc_row-full-width vc_clearfix\"><\/div><div class=\"vc_row wpb_row vc_row-fluid\"><div class=\"wpb_column vc_column_container vc_col-sm-12\"><div class=\"vc_column-inner\"><div class=\"wpb_wrapper\"><div class=\"ult-spacer spacer-69dd343943599\" data-id=\"69dd343943599\" data-height=\"35\" data-height-mobile=\"35\" data-height-tab=\"35\" data-height-tab-portrait=\"\" data-height-mobile-landscape=\"\" style=\"clear:both;display:block;\"><\/div><h2 style=\"text-align: center\" class=\"vc_custom_heading vc_do_custom_heading rot\" >Thuringian CHORal Treasures<\/h2><div class=\"ult-spacer spacer-69dd343943760\" data-id=\"69dd343943760\" data-height=\"10\" data-height-mobile=\"10\" data-height-tab=\"10\" data-height-tab-portrait=\"\" data-height-mobile-landscape=\"\" style=\"clear:both;display:block;\"><\/div><\/div><\/div><\/div><\/div><div id=\"1\" class=\"vc_row wpb_row vc_row-fluid\"><div class=\"wpb_column vc_column_container vc_col-sm-12\"><div class=\"vc_column-inner\"><div class=\"wpb_wrapper\"><div class=\"ult-spacer spacer-69dd3439439d2\" data-id=\"69dd3439439d2\" data-height=\"20\" data-height-mobile=\"20\" data-height-tab=\"20\" data-height-tab-portrait=\"\" data-height-mobile-landscape=\"\" style=\"clear:both;display:block;\"><\/div>\n\t<div class=\"wpb_text_column wpb_content_element divider\" >\n\t\t<div class=\"wpb_wrapper\">\n\t\t\t<hr \/>\n\n\t\t<\/div>\n\t<\/div>\n<div class=\"ult-spacer spacer-69dd343943a6e\" data-id=\"69dd343943a6e\" data-height=\"20\" data-height-mobile=\"20\" data-height-tab=\"20\" data-height-tab-portrait=\"\" data-height-mobile-landscape=\"\" style=\"clear:both;display:block;\"><\/div><\/div><\/div><\/div><\/div><div class=\"vc_row wpb_row vc_row-fluid\"><div class=\"wpb_column vc_column_container vc_col-sm-12\"><div class=\"vc_column-inner\"><div class=\"wpb_wrapper\">\n\t<div class=\"wpb_text_column wpb_content_element\" >\n\t\t<div class=\"wpb_wrapper\">\n\t\t\t<h3 style=\"text-align: center;\"><strong><em>Choral culture meets residential landscape -<br \/>\nJune 19 until 21, 2026<br \/>\n<\/em><\/strong><\/h3>\n<p>In 2026, the Thuringian CHORal Treasures will enter a new round. In June, the palaces and residences of the Treasure Chamber of Thuringia will once again open their magnificent halls and churches for the choir festival, creating a unique historical backdrop. Choirs from all over Thuringia and from other federal states are invited to take part in and contribute to this state-wide cultural event. With this invitation to sing together, the Treasure Chamber of Thuringia is setting an example of commitment, hospitality and solidarity. The voices of numerous singers bring the residence halls, festival halls and palace churches to life. The result is an impressive soundscape that fills the historic rooms. The festival is organized by the Residence Association Treasure Chamber of Thuringia in cooperation with the Chorverband Th\u00fcringen e.V.<\/p>\n\n\t\t<\/div>\n\t<\/div>\n<div class=\"ult-spacer spacer-69dd343943ce5\" data-id=\"69dd343943ce5\" data-height=\"20\" data-height-mobile=\"20\" data-height-tab=\"20\" data-height-tab-portrait=\"\" data-height-mobile-landscape=\"\" style=\"clear:both;display:block;\"><\/div><\/div><\/div><\/div><\/div><div class=\"vc_row wpb_row vc_row-fluid\"><div class=\"wpb_column vc_column_container vc_col-sm-6\"><div class=\"vc_column-inner\"><div class=\"wpb_wrapper\">\n\t<div class=\"wpb_text_column wpb_content_element\" >\n\t\t<div class=\"wpb_wrapper\">\n\t\t\t<h4 style=\"text-align: center;\"><strong><em>Impressions of the Thuringian CHORal Treasures 2024<br \/>\n<\/em><\/strong><\/h4>\n<p>The Thuringian CHORal Treasures took place for the second time in 2024 from June 7 to 9. Numerous Thuringian castles and residences, including Altenburg Residential Castle, Friedenstein Castle in Gotha and Wilhelmsburg Castle in Schmalkalden, were transformed into concert venues in a historic atmosphere. Around 1,000 singers from 43 choirs, including participants from Thuringia, Saxony, Berlin and Trier, filled the halls and churches with their singing.<\/p>\n<p>You can experience magical impressions from this year here.<\/p>\n\n\t\t<\/div>\n\t<\/div>\n<div class=\"ult-spacer spacer-69dd343943f97\" data-id=\"69dd343943f97\" data-height=\"30\" data-height-mobile=\"30\" data-height-tab=\"30\" data-height-tab-portrait=\"\" data-height-mobile-landscape=\"\" style=\"clear:both;display:block;\"><\/div><\/div><\/div><\/div><div class=\"wpb_column vc_column_container vc_col-sm-6\"><div class=\"vc_column-inner\"><div class=\"wpb_wrapper\">\n\t<div class=\"wpb_raw_code wpb_raw_html wpb_content_element\" >\n\t\t<div class=\"wpb_wrapper\">\n\t\t\t<div style=\"text-align:center;\">\n<iframe loading=\"lazy\" width=\"85%\" height=\"600\" src=\"https:\/\/www.youtube.com\/embed\/PfznZwxy7F8\" title=\"YouTube video player\" frameborder=\"0\" allow=\"accelerometer; autoplay; clipboard-write; encrypted-media; gyroscope; picture-in-picture; web-share\" referrerpolicy=\"strict-origin-when-cross-origin\" allowfullscreen><\/iframe>\n<\/div>\n\t\t<\/div>\n\t<\/div>\n<\/div><\/div><\/div><\/div>\n<\/div>","protected":false},"excerpt":{"rendered":"Sie befinden sich hier: Startseite Th\u00fcringer CHORsch\u00e4tze Chorkultur trifft Residenzenlandschaft \u2013 19. bis 21. Juni 2026 Im Jahr 2026 gehen die Th\u00fcringer CHORsch\u00e4tze in eine neue Runde. Im Juni \u00f6ffnen die Schl\u00f6sser und Residenzen der Schatzkammer Th\u00fcringen erneut ihre prachtvollen S\u00e4le und Kirchen f\u00fcr das Chorfestival und schaffen dabei eine einzigartige historische Kulisse. Ch\u00f6re aus [...]","protected":false},"author":15,"featured_media":4811,"parent":0,"menu_order":0,"comment_status":"closed","ping_status":"closed","template":"startseite.php","meta":{"footnotes":""},"class_list":["post-4570","page","type-page","status-publish","has-post-thumbnail","hentry"],"_links":{"self":[{"href":"https:\/\/schatzkammer-thueringen.de\/en\/wp-json\/wp\/v2\/pages\/4570","targetHints":{"allow":["GET"]}}],"collection":[{"href":"https:\/\/schatzkammer-thueringen.de\/en\/wp-json\/wp\/v2\/pages"}],"about":[{"href":"https:\/\/schatzkammer-thueringen.de\/en\/wp-json\/wp\/v2\/types\/page"}],"author":[{"embeddable":true,"href":"https:\/\/schatzkammer-thueringen.de\/en\/wp-json\/wp\/v2\/users\/15"}],"replies":[{"embeddable":true,"href":"https:\/\/schatzkammer-thueringen.de\/en\/wp-json\/wp\/v2\/comments?post=4570"}],"version-history":[{"count":126,"href":"https:\/\/schatzkammer-thueringen.de\/en\/wp-json\/wp\/v2\/pages\/4570\/revisions"}],"predecessor-version":[{"id":7158,"href":"https:\/\/schatzkammer-thueringen.de\/en\/wp-json\/wp\/v2\/pages\/4570\/revisions\/7158"}],"wp:featuredmedia":[{"embeddable":true,"href":"https:\/\/schatzkammer-thueringen.de\/en\/wp-json\/wp\/v2\/media\/4811"}],"wp:attachment":[{"href":"https:\/\/schatzkammer-thueringen.de\/en\/wp-json\/wp\/v2\/media?parent=4570"}],"curies":[{"name":"wp","href":"https:\/\/api.w.org\/{rel}","templated":true}]}}