{"id":4649,"date":"2024-09-03T09:08:02","date_gmt":"2024-09-03T07:08:02","guid":{"rendered":"http:\/\/s1073265861.online.de\/?page_id=4649"},"modified":"2025-10-02T14:17:34","modified_gmt":"2025-10-02T12:17:34","slug":"schloesserkindertag","status":"publish","type":"page","link":"https:\/\/schatzkammer-thueringen.de\/en\/schloesserkindertag\/","title":{"rendered":"Schl\u00f6sserkindertag &#8211; Programm"},"content":{"rendered":"<div class=\"wpb-content-wrapper\"><div data-vc-full-width=\"true\" data-vc-full-width-temp=\"true\" data-vc-full-width-init=\"false\" data-vc-stretch-content=\"true\" class=\"vc_row wpb_row vc_row-fluid no-margin no-padding vc_custom_1737039198402\"><div class=\"no-padding no-margin wpb_column vc_column_container vc_col-sm-12\"><div class=\"vc_column-inner\"><div class=\"wpb_wrapper\"><div class=\"ult-spacer spacer-69e4911855db4\" data-id=\"69e4911855db4\" data-height=\"650\" data-height-mobile=\"230\" data-height-tab=\"400\" data-height-tab-portrait=\"400\" data-height-mobile-landscape=\"230\" style=\"clear:both;display:block;\"><\/div><\/div><\/div><\/div><\/div><div class=\"vc_row-full-width vc_clearfix\"><\/div><!-- Row Backgrounds --><div class=\"upb_bg_img\" data-ultimate-bg=\"url(https:\/\/schatzkammer-thueringen.de\/wp-content\/uploads\/2025\/01\/Schloesserkindertag_2025_Webbanner_1200x600px.jpg)\" data-image-id=\"id^4851|url^https:\/\/schatzkammer-thueringen.de\/wp-content\/uploads\/2025\/01\/Schloesserkindertag_2025_Webbanner_1200x600px.jpg|caption^null|alt^null|title^Schl\u00f6sserkindertag_2025_Webbanner_1200x600px|description^null\" data-ultimate-bg-style=\"vcpb-default\" data-bg-img-repeat=\"repeat\" data-bg-img-size=\"cover\" data-bg-img-position=\"\" data-parallx_sense=\"30\" data-bg-override=\"0\" data-bg_img_attach=\"scroll\" data-upb-overlay-color=\"\" data-upb-bg-animation=\"\" data-fadeout=\"\" data-bg-animation=\"left-animation\" data-bg-animation-type=\"h\" data-animation-repeat=\"repeat\" data-fadeout-percentage=\"30\" data-parallax-content=\"\" data-parallax-content-sense=\"30\" data-row-effect-mobile-disable=\"true\" data-img-parallax-mobile-disable=\"true\" data-rtl=\"false\"  data-custom-vc-row=\"\"  data-vc=\"8.7.2\"  data-is_old_vc=\"\"  data-theme-support=\"\"   data-overlay=\"false\" data-overlay-color=\"\" data-overlay-pattern=\"\" data-overlay-pattern-opacity=\"\" data-overlay-pattern-size=\"\"    ><\/div><div data-vc-full-width=\"true\" data-vc-full-width-temp=\"true\" data-vc-full-width-init=\"false\" class=\"vc_row wpb_row vc_row-fluid bg-lichtgrau vc_custom_1738076341099\"><div class=\"wpb_column vc_column_container vc_col-sm-12\"><div class=\"vc_column-inner vc_custom_1738076359449\"><div class=\"wpb_wrapper\">\n\t<div class=\"wpb_text_column wpb_content_element null pb-2 pt-2\" >\n\t\t<div class=\"wpb_wrapper\">\n\t\t\t<div class=\"breadcrumb\"><div class=\"breadcrumb-box with_sepperators\"><p>Sie befinden sich hier: <a href=\"https:\/\/schatzkammer-thueringen.de\">Startseite<\/a><\/div><\/div>\n\n\t\t<\/div>\n\t<\/div>\n<\/div><\/div><\/div><\/div><div class=\"vc_row-full-width vc_clearfix\"><\/div><div class=\"vc_row wpb_row vc_row-fluid\"><div class=\"wpb_column vc_column_container vc_col-sm-12\"><div class=\"vc_column-inner\"><div class=\"wpb_wrapper\"><div class=\"ult-spacer spacer-69e4911857dd0\" data-id=\"69e4911857dd0\" data-height=\"30\" data-height-mobile=\"30\" data-height-tab=\"30\" data-height-tab-portrait=\"\" data-height-mobile-landscape=\"\" style=\"clear:both;display:block;\"><\/div><h2 style=\"text-align: center\" class=\"vc_custom_heading vc_do_custom_heading rot\" >Th\u00fcringer Schl\u00f6sserkindertag am 20. September 2025<\/h2><h4 style=\"text-align: center\" class=\"vc_custom_heading vc_do_custom_heading rot\" >Ein unvergesslicher Festtag f\u00fcr die ganze Familie<\/h4><div class=\"ult-spacer spacer-69e4911858067\" data-id=\"69e4911858067\" data-height=\"10\" data-height-mobile=\"10\" data-height-tab=\"10\" data-height-tab-portrait=\"\" data-height-mobile-landscape=\"\" style=\"clear:both;display:block;\"><\/div><\/div><\/div><\/div><\/div><div class=\"vc_row wpb_row vc_row-fluid\"><div class=\"wpb_column vc_column_container vc_col-sm-12\"><div class=\"vc_column-inner\"><div class=\"wpb_wrapper\">\n\t<div class=\"wpb_text_column wpb_content_element\" >\n\t\t<div class=\"wpb_wrapper\">\n\t\t\t<p style=\"text-align: center;\" data-start=\"201\" data-end=\"700\">Am 20. September 2025 feierten Kinder und Familien den <strong data-start=\"256\" data-end=\"291\">7. Th\u00fcringer Schl\u00f6sserkindertag<\/strong> \u2013 ein Tag voller Abenteuer, Fantasie und Geschichte. Ob beim <strong data-start=\"353\" data-end=\"430\">Historischen Schlossspektakel mit Lagerleben, Feuerzauber und Ritterkampf<\/strong>, beim <strong data-start=\"437\" data-end=\"477\">Drucken in der Kartenmacherwerkstatt<\/strong>, beim <strong data-start=\"484\" data-end=\"536\">Theater, Puppenspiel oder einer Zaubervorf\u00fchrung<\/strong> \u2013 \u00fcberall gab es etwas zu entdecken und zu staunen. M\u00e4rchenlesungen, Kost\u00fcmf\u00fchrungen und sogar ein Tanzkurs machten den Tag zu einem Erlebnis f\u00fcr Gro\u00df und Klein.<\/p>\n<p style=\"text-align: center;\" data-start=\"702\" data-end=\"920\">Der Schl\u00f6sserkindertag ist mittlerweile ein fester Termin im Kalender und wird jedes Jahr am <strong data-start=\"795\" data-end=\"812\">20. September<\/strong> gefeiert. Auch 2026 erwarten euch wieder viele \u00dcberraschungen und spannende Programme \u2013 bleibt neugierig!<\/p>\n<p style=\"text-align: center;\"><strong><em>Das Programm\u00a0 f\u00fcr den kommenden Schl\u00f6sserkindertag wird rechtzeitig bekannt gegeben. Bleibt gespannt!<br \/>\n<\/em><\/strong><\/p>\n\n\t\t<\/div>\n\t<\/div>\n<\/div><\/div><\/div><\/div><section id=\"Programm\u00fcbersicht\" class=\"vc_section\"><\/section><div class=\"vc_row wpb_row vc_row-fluid\"><div class=\"wpb_column vc_column_container vc_col-sm-12\"><div class=\"vc_column-inner\"><div class=\"wpb_wrapper\">\n\t<div class=\"wpb_text_column wpb_content_element divider\" >\n\t\t<div class=\"wpb_wrapper\">\n\t\t\t<hr \/>\n\n\t\t<\/div>\n\t<\/div>\n<div class=\"ult-spacer spacer-69e4911858b7d\" data-id=\"69e4911858b7d\" data-height=\"20\" data-height-mobile=\"20\" data-height-tab=\"20\" data-height-tab-portrait=\"\" data-height-mobile-landscape=\"\" style=\"clear:both;display:block;\"><\/div><\/div><\/div><\/div><\/div><div class=\"vc_row wpb_row vc_row-fluid\"><div class=\"wpb_column vc_column_container vc_col-sm-12\"><div class=\"vc_column-inner\"><div class=\"wpb_wrapper\"><div class=\"ult-spacer spacer-69e4911858e9f\" data-id=\"69e4911858e9f\" data-height=\"30\" data-height-mobile=\"30\" data-height-tab=\"30\" data-height-tab-portrait=\"\" data-height-mobile-landscape=\"\" style=\"clear:both;display:block;\"><\/div><h4 style=\"text-align: center\" class=\"vc_custom_heading vc_do_custom_heading\" >R\u00fcckblick: Das waren die bisherigen Schl\u00f6sserkindertage<\/h4><div class=\"ult-spacer spacer-69e4911858f79\" data-id=\"69e4911858f79\" data-height=\"30\" data-height-mobile=\"30\" data-height-tab=\"30\" data-height-tab-portrait=\"\" data-height-mobile-landscape=\"\" style=\"clear:both;display:block;\"><\/div><div class=\"wpb_gallery wpb_content_element vc_clearfix vc_custom_1754387883936 wpb_content_element\" ><div class=\"wpb_wrapper\"><div class=\"wpb_gallery_slides wpb_image_grid\" data-interval=\"3\"><ul class=\"wpb_image_grid_ul\"><li class=\"isotope-item\"><a class=\"\" href=\"https:\/\/schatzkammer-thueringen.de\/wp-content\/uploads\/2023\/11\/DSCF5145_klein-1024x819.jpg\" data-lightbox=\"lightbox[rel-4649-45860569]\"><img loading=\"lazy\" decoding=\"async\" width=\"150\" height=\"150\" src=\"https:\/\/schatzkammer-thueringen.de\/wp-content\/uploads\/2023\/11\/DSCF5145_klein-150x150.jpg\" class=\"attachment-thumbnail\" alt=\"\" title=\"DSCF5145_klein\" \/><\/a><\/li><li class=\"isotope-item\"><a class=\"\" href=\"https:\/\/schatzkammer-thueringen.de\/wp-content\/uploads\/2023\/11\/DSCF5172_klein-1024x819.jpg\" data-lightbox=\"lightbox[rel-4649-45860569]\"><img loading=\"lazy\" decoding=\"async\" width=\"150\" height=\"150\" src=\"https:\/\/schatzkammer-thueringen.de\/wp-content\/uploads\/2023\/11\/DSCF5172_klein-150x150.jpg\" class=\"attachment-thumbnail\" alt=\"Kinder und Familien bei den M\u00e4rchensonntagen im Schloss \u2013 lachende Kinder mit Gesichtsbemalung auf Kissen im Veranstaltungsraum.\" title=\"Kinderprogramm im Schloss: Mit Begeisterung dabei\" \/><\/a><\/li><li class=\"isotope-item\"><a class=\"\" href=\"https:\/\/schatzkammer-thueringen.de\/wp-content\/uploads\/2023\/11\/DSCF5227_klein-1024x819.jpg\" data-lightbox=\"lightbox[rel-4649-45860569]\"><img loading=\"lazy\" decoding=\"async\" width=\"150\" height=\"150\" src=\"https:\/\/schatzkammer-thueringen.de\/wp-content\/uploads\/2023\/11\/DSCF5227_klein-150x150.jpg\" class=\"attachment-thumbnail\" alt=\"\" title=\"DSCF5227_klein\" \/><\/a><\/li><li class=\"isotope-item\"><a class=\"\" href=\"https:\/\/schatzkammer-thueringen.de\/wp-content\/uploads\/2023\/11\/DSCF5476_klein-746x1024.jpg\" data-lightbox=\"lightbox[rel-4649-45860569]\"><img loading=\"lazy\" decoding=\"async\" width=\"150\" height=\"150\" src=\"https:\/\/schatzkammer-thueringen.de\/wp-content\/uploads\/2023\/11\/DSCF5476_klein-150x150.jpg\" class=\"attachment-thumbnail\" alt=\"\" title=\"DSCF5476_klein\" \/><\/a><\/li><li class=\"isotope-item\"><a class=\"\" href=\"https:\/\/schatzkammer-thueringen.de\/wp-content\/uploads\/2023\/11\/DSCF5471_klein-1024x819.jpg\" data-lightbox=\"lightbox[rel-4649-45860569]\"><img loading=\"lazy\" decoding=\"async\" width=\"150\" height=\"150\" src=\"https:\/\/schatzkammer-thueringen.de\/wp-content\/uploads\/2023\/11\/DSCF5471_klein-150x150.jpg\" class=\"attachment-thumbnail\" alt=\"\" title=\"DSCF5471_klein\" \/><\/a><\/li><li class=\"isotope-item\"><a class=\"\" href=\"https:\/\/schatzkammer-thueringen.de\/wp-content\/uploads\/2023\/11\/DSCF5425_klein-1024x819.jpg\" data-lightbox=\"lightbox[rel-4649-45860569]\"><img loading=\"lazy\" decoding=\"async\" width=\"150\" height=\"150\" src=\"https:\/\/schatzkammer-thueringen.de\/wp-content\/uploads\/2023\/11\/DSCF5425_klein-150x150.jpg\" class=\"attachment-thumbnail\" alt=\"\" title=\"DSCF5425_klein\" \/><\/a><\/li><li class=\"isotope-item\"><a class=\"\" href=\"https:\/\/schatzkammer-thueringen.de\/wp-content\/uploads\/2023\/11\/DSCF5308_klein-1024x819.jpg\" data-lightbox=\"lightbox[rel-4649-45860569]\"><img loading=\"lazy\" decoding=\"async\" width=\"150\" height=\"150\" src=\"https:\/\/schatzkammer-thueringen.de\/wp-content\/uploads\/2023\/11\/DSCF5308_klein-150x150.jpg\" class=\"attachment-thumbnail\" alt=\"\" title=\"DSCF5308_klein\" \/><\/a><\/li><li class=\"isotope-item\"><a class=\"\" href=\"https:\/\/schatzkammer-thueringen.de\/wp-content\/uploads\/2023\/11\/DSCF5420_klein-1024x819.jpg\" data-lightbox=\"lightbox[rel-4649-45860569]\"><img loading=\"lazy\" decoding=\"async\" width=\"150\" height=\"150\" src=\"https:\/\/schatzkammer-thueringen.de\/wp-content\/uploads\/2023\/11\/DSCF5420_klein-150x150.jpg\" class=\"attachment-thumbnail\" alt=\"\" title=\"DSCF5420_klein\" \/><\/a><\/li><li class=\"isotope-item\"><a class=\"\" href=\"https:\/\/schatzkammer-thueringen.de\/wp-content\/uploads\/2023\/11\/DSCF5326_klein-1024x819.jpg\" data-lightbox=\"lightbox[rel-4649-45860569]\"><img loading=\"lazy\" decoding=\"async\" width=\"150\" height=\"150\" src=\"https:\/\/schatzkammer-thueringen.de\/wp-content\/uploads\/2023\/11\/DSCF5326_klein-150x150.jpg\" class=\"attachment-thumbnail\" alt=\"\" title=\"DSCF5326_klein\" \/><\/a><\/li><li class=\"isotope-item\"><a class=\"\" href=\"https:\/\/schatzkammer-thueringen.de\/wp-content\/uploads\/2023\/11\/DSCF5351_klein-1024x819.jpg\" data-lightbox=\"lightbox[rel-4649-45860569]\"><img loading=\"lazy\" decoding=\"async\" width=\"150\" height=\"150\" src=\"https:\/\/schatzkammer-thueringen.de\/wp-content\/uploads\/2023\/11\/DSCF5351_klein-150x150.jpg\" class=\"attachment-thumbnail\" alt=\"\" title=\"DSCF5351_klein\" \/><\/a><\/li><li class=\"isotope-item\"><a class=\"\" href=\"https:\/\/schatzkammer-thueringen.de\/wp-content\/uploads\/2020\/11\/MG_4043-1024x683.jpg\" data-lightbox=\"lightbox[rel-4649-45860569]\"><img loading=\"lazy\" decoding=\"async\" width=\"150\" height=\"150\" src=\"https:\/\/schatzkammer-thueringen.de\/wp-content\/uploads\/2020\/11\/MG_4043-150x150.jpg\" class=\"attachment-thumbnail\" alt=\"\" title=\"_MG_4043\" \/><\/a><\/li><li class=\"isotope-item\"><a class=\"\" href=\"https:\/\/schatzkammer-thueringen.de\/wp-content\/uploads\/2020\/11\/MG_4559-1024x683.jpg\" data-lightbox=\"lightbox[rel-4649-45860569]\"><img loading=\"lazy\" decoding=\"async\" width=\"150\" height=\"150\" src=\"https:\/\/schatzkammer-thueringen.de\/wp-content\/uploads\/2020\/11\/MG_4559-150x150.jpg\" class=\"attachment-thumbnail\" alt=\"\" title=\"_MG_4559\" \/><\/a><\/li><li class=\"isotope-item\"><a class=\"\" href=\"https:\/\/schatzkammer-thueringen.de\/wp-content\/uploads\/2020\/11\/MG_4858-1024x683.jpg\" data-lightbox=\"lightbox[rel-4649-45860569]\"><img loading=\"lazy\" decoding=\"async\" width=\"150\" height=\"150\" src=\"https:\/\/schatzkammer-thueringen.de\/wp-content\/uploads\/2020\/11\/MG_4858-150x150.jpg\" class=\"attachment-thumbnail\" alt=\"\" title=\"_MG_4858\" \/><\/a><\/li><li class=\"isotope-item\"><a class=\"\" href=\"https:\/\/schatzkammer-thueringen.de\/wp-content\/uploads\/2020\/11\/MG_5081-1024x683.jpg\" data-lightbox=\"lightbox[rel-4649-45860569]\"><img loading=\"lazy\" decoding=\"async\" width=\"150\" height=\"150\" src=\"https:\/\/schatzkammer-thueringen.de\/wp-content\/uploads\/2020\/11\/MG_5081-150x150.jpg\" class=\"attachment-thumbnail\" alt=\"\" title=\"_MG_5081\" \/><\/a><\/li><li class=\"isotope-item\"><a class=\"\" href=\"https:\/\/schatzkammer-thueringen.de\/wp-content\/uploads\/2020\/11\/MG_5290-1024x683.jpg\" data-lightbox=\"lightbox[rel-4649-45860569]\"><img loading=\"lazy\" decoding=\"async\" width=\"150\" height=\"150\" src=\"https:\/\/schatzkammer-thueringen.de\/wp-content\/uploads\/2020\/11\/MG_5290-150x150.jpg\" class=\"attachment-thumbnail\" alt=\"\" title=\"_MG_5290\" \/><\/a><\/li><li class=\"isotope-item\"><a class=\"\" href=\"https:\/\/schatzkammer-thueringen.de\/wp-content\/uploads\/2020\/11\/MG_5386-1024x683.jpg\" data-lightbox=\"lightbox[rel-4649-45860569]\"><img loading=\"lazy\" decoding=\"async\" width=\"150\" height=\"150\" src=\"https:\/\/schatzkammer-thueringen.de\/wp-content\/uploads\/2020\/11\/MG_5386-150x150.jpg\" class=\"attachment-thumbnail\" alt=\"\" title=\"_MG_5386\" \/><\/a><\/li><\/ul><\/div><\/div><\/div><\/div><\/div><\/div><\/div>\n<\/div>","protected":false},"excerpt":{"rendered":"Sie befinden sich hier: Startseite Th\u00fcringer Schl\u00f6sserkindertag am 20. September 2025Ein unvergesslicher Festtag f\u00fcr die ganze Familie Am 20. September 2025 feierten Kinder und Familien den 7. Th\u00fcringer Schl\u00f6sserkindertag \u2013 ein Tag voller Abenteuer, Fantasie und Geschichte. Ob beim Historischen Schlossspektakel mit Lagerleben, Feuerzauber und Ritterkampf, beim Drucken in der Kartenmacherwerkstatt, beim Theater, Puppenspiel oder [...]","protected":false},"author":15,"featured_media":0,"parent":0,"menu_order":0,"comment_status":"closed","ping_status":"closed","template":"startseite.php","meta":{"footnotes":""},"class_list":["post-4649","page","type-page","status-publish","hentry"],"_links":{"self":[{"href":"https:\/\/schatzkammer-thueringen.de\/en\/wp-json\/wp\/v2\/pages\/4649","targetHints":{"allow":["GET"]}}],"collection":[{"href":"https:\/\/schatzkammer-thueringen.de\/en\/wp-json\/wp\/v2\/pages"}],"about":[{"href":"https:\/\/schatzkammer-thueringen.de\/en\/wp-json\/wp\/v2\/types\/page"}],"author":[{"embeddable":true,"href":"https:\/\/schatzkammer-thueringen.de\/en\/wp-json\/wp\/v2\/users\/15"}],"replies":[{"embeddable":true,"href":"https:\/\/schatzkammer-thueringen.de\/en\/wp-json\/wp\/v2\/comments?post=4649"}],"version-history":[{"count":54,"href":"https:\/\/schatzkammer-thueringen.de\/en\/wp-json\/wp\/v2\/pages\/4649\/revisions"}],"predecessor-version":[{"id":6123,"href":"https:\/\/schatzkammer-thueringen.de\/en\/wp-json\/wp\/v2\/pages\/4649\/revisions\/6123"}],"wp:attachment":[{"href":"https:\/\/schatzkammer-thueringen.de\/en\/wp-json\/wp\/v2\/media?parent=4649"}],"curies":[{"name":"wp","href":"https:\/\/api.w.org\/{rel}","templated":true}]}}