{"id":5430,"date":"2025-06-05T12:31:37","date_gmt":"2025-06-05T10:31:37","guid":{"rendered":"http:\/\/s1073265861.online.de\/?page_id=5430"},"modified":"2026-02-11T12:15:56","modified_gmt":"2026-02-11T11:15:56","slug":"aufruf-choere","status":"publish","type":"page","link":"https:\/\/schatzkammer-thueringen.de\/en\/aufruf-choere\/","title":{"rendered":"aufruf-choere"},"content":{"rendered":"<div class=\"wpb-content-wrapper\"><div class=\"vc_row wpb_row vc_row-fluid\"><div class=\"wpb_column vc_column_container vc_col-sm-12\"><div class=\"vc_column-inner\"><div class=\"wpb_wrapper\"><div class=\"ult-spacer spacer-69e382fc17529\" data-id=\"69e382fc17529\" data-height=\"30\" data-height-mobile=\"30\" data-height-tab=\"30\" data-height-tab-portrait=\"\" data-height-mobile-landscape=\"\" style=\"clear:both;display:block;\"><\/div><h2 style=\"text-align: center\" class=\"vc_custom_heading vc_do_custom_heading rot\" >Th\u00fcringer CHORsch\u00e4tze<\/h2><div class=\"ult-spacer spacer-69e382fc17716\" data-id=\"69e382fc17716\" data-height=\"10\" data-height-mobile=\"10\" data-height-tab=\"10\" data-height-tab-portrait=\"\" data-height-mobile-landscape=\"\" style=\"clear:both;display:block;\"><\/div><\/div><\/div><\/div><\/div><div class=\"vc_row wpb_row vc_row-fluid\"><div class=\"wpb_column vc_column_container vc_col-sm-12\"><div class=\"vc_column-inner\"><div class=\"wpb_wrapper\">\n\t<div class=\"wpb_text_column wpb_content_element\" >\n\t\t<div class=\"wpb_wrapper\">\n\t\t\t<h3 style=\"text-align: center;\">Jetzt mitgestalten und dabei sein!<\/h3>\n\n\t\t<\/div>\n\t<\/div>\n<div class=\"ult-spacer spacer-69e382fc184d0\" data-id=\"69e382fc184d0\" data-height=\"10\" data-height-mobile=\"10\" data-height-tab=\"10\" data-height-tab-portrait=\"\" data-height-mobile-landscape=\"\" style=\"clear:both;display:block;\"><\/div>\n\t<div class=\"wpb_text_column wpb_content_element\" >\n\t\t<div class=\"wpb_wrapper\">\n\t\t\t<p><strong>Vom 19. bis 21. Juni 2026<\/strong> hei\u00dft es wieder: B\u00fchne frei f\u00fcr eindrucksvolle Chormusik an au\u00dfergew\u00f6hnlichen Orten! Die <strong>3. Th\u00fcringer Chorsch\u00e4tze<\/strong> laden Ch\u00f6re aus ganz Deutschland ein, Teil eines einzigartigen Kulturwochenendes zu werden.<\/p>\n<p>Historische Schl\u00f6sser, stimmungsvolle Kirchen und malerische Parkanlagen in ganz Th\u00fcringen verwandeln sich in Konzertr\u00e4ume mit besonderem Flair. Ob Klassik, Gospel oder Volkslied \u2013 jedes Repertoire ist willkommen!<\/p>\n\n\t\t<\/div>\n\t<\/div>\n\n\t<div class=\"wpb_text_column wpb_content_element\" >\n\t\t<div class=\"wpb_wrapper\">\n\t\t\t<p><strong>Euer Auftritt bei den Chorsch\u00e4tzen<\/strong><\/p>\n<p>Die <strong>Schatzkammer Th\u00fcringen<\/strong> und der <strong>Chorverband Th\u00fcringen e.\u202fV.<\/strong> gestalten dieses Musikfest gemeinsam und setzen damit ein Zeichen f\u00fcr Gemeinschaft, kulturelle Vielfalt und musikalisches Engagement. Ob erfahrener Konzertchor oder junge Singgruppe \u2013 <strong>jede Stimme z\u00e4hlt!<\/strong> Wir freuen uns auf eure Teilnahme und darauf, gemeinsam mit euch Musik lebendig werden zu lassen.<\/p>\n\n\t\t<\/div>\n\t<\/div>\n\n\t<div class=\"wpb_text_column wpb_content_element divider\" >\n\t\t<div class=\"wpb_wrapper\">\n\t\t\t<hr \/>\n\n\t\t<\/div>\n\t<\/div>\n<\/div><\/div><\/div><\/div><div class=\"vc_row wpb_row vc_row-fluid\"><div class=\"wpb_column vc_column_container vc_col-sm-12\"><div class=\"vc_column-inner\"><div class=\"wpb_wrapper\">\n\t<div class=\"wpb_text_column wpb_content_element\" >\n\t\t<div class=\"wpb_wrapper\">\n\t\t\t<p><strong>Alle Infos auf einen Blick<\/strong><\/p>\n\n\t\t<\/div>\n\t<\/div>\n<div class=\"vc_row wpb_row vc_inner vc_row-fluid\"><div class=\"wpb_column vc_column_container vc_col-sm-6\"><div class=\"vc_column-inner vc_custom_1752155368329\"><div class=\"wpb_wrapper\">\n\t<div class=\"wpb_text_column wpb_content_element\" >\n\t\t<div class=\"wpb_wrapper\">\n\t\t\t<ul>\n<li><strong>Veranstaltungsorte &amp; Spielbedingungen<\/strong><br \/>\nDetaillierte Informationen zu den m\u00f6glichen Spielorten, deren B\u00fchnenbedingungen und Ausstattung findet ihr hier:<\/li>\n<\/ul>\n\n\t\t<\/div>\n\t<\/div>\n<div class=\"vc_btn3-container vc_btn3-right vc_do_btn\" ><a class=\"vc_general vc_btn3 vc_btn3-size-md vc_btn3-shape-rounded vc_btn3-style-flat vc_btn3-color-danger\" href=\"http:\/\/schatzkammer-thueringen.de\/thueringer-chorschaetze-die-residenzen\/\" title=\"Veranstaltungsorte\">\u00bb zu den Veranstaltungsorten<\/a><\/div>\n\t<div class=\"wpb_text_column wpb_content_element\" >\n\t\t<div class=\"wpb_wrapper\">\n\t\t\t<ul>\n<li><strong>Anmeldung &amp; Organisation<\/strong><br \/>\nDie Anmeldung erfolgt ausschlie\u00dflich \u00fcber den <a href=\"https:\/\/chorverband-thueringen.de\/\" target=\"_blank\" rel=\"noopener\"><strong>Chorverband Th\u00fcringen e.\u202fV.<\/strong><\/a> \u2013 alle wichtigen Details zur Teilnahme gibt\u2019s hier:<\/li>\n<\/ul>\n\n\t\t<\/div>\n\t<\/div>\n<div class=\"vc_btn3-container vc_btn3-right vc_do_btn\" ><a class=\"vc_general vc_btn3 vc_btn3-size-md vc_btn3-shape-rounded vc_btn3-style-flat vc_btn3-color-danger\" href=\"https:\/\/chorverband-thueringen.de\/659-thueringer-chorschaetze\" title=\"Chorverband Th\u00fcringen e.V.\">\u00bb zur Anmeldung<\/a><\/div>\n\t<div class=\"wpb_text_column wpb_content_element\" >\n\t\t<div class=\"wpb_wrapper\">\n\t\t\t<ul>\n<li><strong>Chorreise leicht gemacht<\/strong><br \/>\nDas Reiseunternehmen <a href=\"https:\/\/www.donell.de\/\" target=\"_blank\" rel=\"noopener\"><strong>Donell Gruppenreisen GmbH<\/strong><\/a> unterst\u00fctzt euch bei der Planung und Durchf\u00fchrung eurer Chorreise:<\/li>\n<\/ul>\n\n\t\t<\/div>\n\t<\/div>\n<div class=\"vc_btn3-container vc_btn3-right vc_do_btn\" ><a class=\"vc_general vc_btn3 vc_btn3-size-md vc_btn3-shape-rounded vc_btn3-style-flat vc_btn3-color-danger\" href=\"https:\/\/www.chorreisen.de\/reisen\/Thueringer-Chorschaetze--1448\/\" title=\"\u00dcbersicht Termine\">\u00bb zur Reiseplanung<\/a><\/div><\/div><\/div><\/div><div class=\"wpb_column vc_column_container vc_col-sm-6\"><div class=\"vc_column-inner vc_custom_1752155375524\"><div class=\"wpb_wrapper\"><div class=\"ult-spacer spacer-69e382fc192e4\" data-id=\"69e382fc192e4\" data-height=\"30\" data-height-mobile=\"30\" data-height-tab=\"30\" data-height-tab-portrait=\"\" data-height-mobile-landscape=\"\" style=\"clear:both;display:block;\"><\/div><div class=\"wpb_images_carousel wpb_content_element vc_clearfix wpb_content_element white\"><div class=\"wpb_wrapper\"><div id=\"vc_images-carousel-1-1776517884\" data-ride=\"vc_carousel\" data-wrap=\"false\" style=\"width: 620px;\" data-interval=\"5000\" data-auto-height=\"yes\" data-mode=\"horizontal\" data-partial=\"false\" data-per-view=\"1\" data-hide-on-end=\"false\" class=\"vc_slide vc_images_carousel\"><ol class=\"vc_carousel-indicators\"><li data-target=\"#vc_images-carousel-1-1776517884\" data-slide-to=\"0\"><\/li><li data-target=\"#vc_images-carousel-1-1776517884\" data-slide-to=\"1\"><\/li><li data-target=\"#vc_images-carousel-1-1776517884\" data-slide-to=\"2\"><\/li><li data-target=\"#vc_images-carousel-1-1776517884\" data-slide-to=\"3\"><\/li><li data-target=\"#vc_images-carousel-1-1776517884\" data-slide-to=\"4\"><\/li><li data-target=\"#vc_images-carousel-1-1776517884\" data-slide-to=\"5\"><\/li><li data-target=\"#vc_images-carousel-1-1776517884\" data-slide-to=\"6\"><\/li><\/ol><div class=\"vc_carousel-inner\"><div class=\"vc_carousel-slideline\"><div class=\"vc_carousel-slideline-inner\"><div class=\"vc_item\"><div class=\"vc_inner\"><a class=\"\" href=\"https:\/\/schatzkammer-thueringen.de\/wp-content\/uploads\/2024\/06\/DSCF2978-1024x739.jpg\" data-lightbox=\"lightbox[rel-5430-885211830]\"><img decoding=\"async\" class=\"\" src=\"https:\/\/schatzkammer-thueringen.de\/wp-content\/uploads\/2024\/06\/DSCF2978-620x518.jpg\" width=\"620\" height=\"518\" alt=\"Smallbirds der Kinder.Musikwerkstatt Jena\" title=\"DSCF2978\" loading=\"lazy\" \/><\/a><\/div><\/div><div class=\"vc_item\"><div class=\"vc_inner\"><a class=\"\" href=\"https:\/\/schatzkammer-thueringen.de\/wp-content\/uploads\/2024\/06\/DSCF3004-1024x768.jpg\" data-lightbox=\"lightbox[rel-5430-885211830]\"><img decoding=\"async\" class=\"\" src=\"https:\/\/schatzkammer-thueringen.de\/wp-content\/uploads\/2024\/06\/DSCF3004-620x518.jpg\" width=\"620\" height=\"518\" alt=\"Smallbirds der Kinder.Musikwerkstatt Jena mit Publikum\" title=\"DSCF3004\" loading=\"lazy\" \/><\/a><\/div><\/div><div class=\"vc_item\"><div class=\"vc_inner\"><a class=\"\" href=\"https:\/\/schatzkammer-thueringen.de\/wp-content\/uploads\/2024\/06\/DSCF3154-1024x794.jpg\" data-lightbox=\"lightbox[rel-5430-885211830]\"><img decoding=\"async\" class=\"\" src=\"https:\/\/schatzkammer-thueringen.de\/wp-content\/uploads\/2024\/06\/DSCF3154-620x518.jpg\" width=\"620\" height=\"518\" alt=\"Vokalensemble &#039;Octavians&#039;\" title=\"DSCF3154\" loading=\"lazy\" \/><\/a><\/div><\/div><div class=\"vc_item\"><div class=\"vc_inner\"><a class=\"\" href=\"https:\/\/schatzkammer-thueringen.de\/wp-content\/uploads\/2024\/06\/DSCF3664-1024x746.jpg\" data-lightbox=\"lightbox[rel-5430-885211830]\"><img decoding=\"async\" class=\"\" src=\"https:\/\/schatzkammer-thueringen.de\/wp-content\/uploads\/2024\/06\/DSCF3664-620x518.jpg\" width=\"620\" height=\"518\" alt=\"DSCF3664\" title=\"DSCF3664\" loading=\"lazy\" \/><\/a><\/div><\/div><div class=\"vc_item\"><div class=\"vc_inner\"><a class=\"\" href=\"https:\/\/schatzkammer-thueringen.de\/wp-content\/uploads\/2024\/06\/DSCF3823-1024x762.jpg\" data-lightbox=\"lightbox[rel-5430-885211830]\"><img decoding=\"async\" class=\"\" src=\"https:\/\/schatzkammer-thueringen.de\/wp-content\/uploads\/2024\/06\/DSCF3823-620x518.jpg\" width=\"620\" height=\"518\" alt=\"DSCF3823\" title=\"DSCF3823\" loading=\"lazy\" \/><\/a><\/div><\/div><div class=\"vc_item\"><div class=\"vc_inner\"><a class=\"\" href=\"https:\/\/schatzkammer-thueringen.de\/wp-content\/uploads\/2024\/06\/DSCF3574-728x1024.jpg\" data-lightbox=\"lightbox[rel-5430-885211830]\"><img decoding=\"async\" class=\"\" src=\"https:\/\/schatzkammer-thueringen.de\/wp-content\/uploads\/2024\/06\/DSCF3574-620x518.jpg\" width=\"620\" height=\"518\" alt=\"DSCF3574\" title=\"DSCF3574\" loading=\"lazy\" \/><\/a><\/div><\/div><div class=\"vc_item\"><div class=\"vc_inner\"><a class=\"\" href=\"https:\/\/schatzkammer-thueringen.de\/wp-content\/uploads\/2024\/06\/DSCF3283-1024x808.jpg\" data-lightbox=\"lightbox[rel-5430-885211830]\"><img decoding=\"async\" class=\"\" src=\"https:\/\/schatzkammer-thueringen.de\/wp-content\/uploads\/2024\/06\/DSCF3283-620x518.jpg\" width=\"620\" height=\"518\" alt=\"DSCF3283\" title=\"DSCF3283\" loading=\"lazy\" \/><\/a><\/div><\/div><\/div><\/div><\/div><a class=\"vc_left vc_carousel-control\" href=\"#vc_images-carousel-1-1776517884\" data-slide=\"prev\"><span class=\"icon-prev\"><\/span><\/a><a class=\"vc_right vc_carousel-control\" href=\"#vc_images-carousel-1-1776517884\" data-slide=\"next\"><span class=\"icon-next\"><\/span><\/a><\/div><\/div><\/div><\/div><\/div><\/div><\/div><div class=\"vc_row wpb_row vc_inner vc_row-fluid\"><div class=\"wpb_column vc_column_container vc_col-sm-12\"><div class=\"vc_column-inner\"><div class=\"wpb_wrapper\"><div class=\"ult-spacer spacer-69e382fc1ccff\" data-id=\"69e382fc1ccff\" data-height=\"30\" data-height-mobile=\"30\" data-height-tab=\"30\" data-height-tab-portrait=\"\" data-height-mobile-landscape=\"\" style=\"clear:both;display:block;\"><\/div><\/div><\/div><\/div><\/div>\n\t<div class=\"wpb_text_column wpb_content_element\" >\n\t\t<div class=\"wpb_wrapper\">\n\t\t\t<p><strong>Lasst eure Stimmen erklingen \u2013 in der Schatzkammer Th\u00fcringen<\/strong><\/p>\n<p>Jetzt informieren, anmelden und Teil der Th\u00fcringer Chorsch\u00e4tze werden. Wir freuen uns auf euch!<\/p>\n\n\t\t<\/div>\n\t<\/div>\n\n\t<div class=\"wpb_text_column wpb_content_element divider\" >\n\t\t<div class=\"wpb_wrapper\">\n\t\t\t<hr \/>\n\n\t\t<\/div>\n\t<\/div>\n<\/div><\/div><\/div><\/div><div class=\"vc_row wpb_row vc_row-fluid\"><div class=\"wpb_column vc_column_container vc_col-sm-8\"><div class=\"vc_column-inner vc_custom_1752154630129\"><div class=\"wpb_wrapper\">\n\t<div class=\"wpb_text_column wpb_content_element\" >\n\t\t<div class=\"wpb_wrapper\">\n\t\t\t<p><strong>H\u00e4ufige Fragen (FAQ)<\/strong><\/p>\n<p><strong>Wer kann teilnehmen?<\/strong><br \/>\nAlle Ch\u00f6re \u2013 unabh\u00e4ngig von Gr\u00f6\u00dfe, Alter, Repertoire oder Tr\u00e4gerstruktur \u2013 sind herzlich eingeladen mitzumachen.<\/p>\n<p><strong>Wie l\u00e4uft die Anmeldung ab?<\/strong><br \/>\nDie Anmeldung erfolgt \u00fcber den Chorverband Th\u00fcringen e.\u202fV. Dort besprecht und plant ihr gemeinsam eure Wunschtermine und Auftrittsorte. Zur Anmeldung geht es <a href=\"https:\/\/chorverband-thueringen.de\/659-thueringer-chorschaetze\" target=\"_blank\" rel=\"noopener\">hier<\/a>.<\/p>\n<p><strong>Gibt es eine Teilnahmegeb\u00fchr?<\/strong><br \/>\nDie Teilnahme ist kostenlos. Alle teilnehmenden Ch\u00f6re erhalten je nach Ensemblegr\u00f6\u00dfe eine pauschale Aufwandsentsch\u00e4digung zudem wird an den Spielorten f\u00fcr eine kleine St\u00e4rkung gesorgt. Die generelle Anreise, eure Unterkunft und Verpflegung organisiert ihr selbstst\u00e4ndig \u2013 <a href=\"https:\/\/www.chorreisen.de\/reisen\/Thueringer-Chorschaetze--1448\/\" target=\"_blank\" rel=\"noopener\">Donell Gruppenreisen GmbH<\/a> unterst\u00fctzt euch gern dabei.<\/p>\n<p><strong>K\u00f6nnen mehrere Konzerte gespielt werden?<\/strong><br \/>\nJa \u2013 sofern es terminlich passt und Spielorte verf\u00fcgbar sind, ist das m\u00f6glich. Bitte bei der Anmeldung entsprechend angeben und besprechen.<\/p>\n<p><strong>Gibt es technische Ausstattung vor Ort?<\/strong><br \/>\nDie Gegebenheiten sind je nach Ort unterschiedlich \u2013 alle Details findet ihr <a href=\"https:\/\/schatzkammer-thueringen.de\/thueringer-chorschaetze-die-residenzen\/\">hier<\/a>.<\/p>\n\n\t\t<\/div>\n\t<\/div>\n<\/div><\/div><\/div><div class=\"wpb_column vc_column_container vc_col-sm-4 vc_col-has-fill\"><div class=\"vc_column-inner vc_custom_1752154593769\"><div class=\"wpb_wrapper\">\n\t<div class=\"wpb_text_column wpb_content_element\" >\n\t\t<div class=\"wpb_wrapper\">\n\t\t\t<p><strong>Kontakt &amp; R\u00fcckfragen<\/strong><\/p>\n<p>Ihr habt Fragen zur Anmeldung, zur Programmgestaltung oder zu den Veranstaltungsorten? Wir helfen euch gern weiter!<\/p>\n<p><strong>Ansprechpartner f\u00fcr die Th\u00fcringer Chorsch\u00e4tze 2026:<\/strong><\/p>\n<p><em>Schatzkammer Th\u00fcringen<\/em><br \/>\nDorothee Schmidt<br \/>\nEventmanagement<br \/>\n<strong>E-Mail:\u00a0\u00a0<\/strong> <a href=\"mailto:dorothee.schmidt@schatzkammer-thueringen.de\">info@schatzkammer-thueringen.de<\/a><br \/>\n<strong>Telefon:<\/strong> +49 (0)3621 8234 512<br \/>\n(wochentags von 9 bis 15 Uhr)<\/p>\n<p><em>Chorverband Th\u00fcringen e.V.<\/em><br \/>\nJosephin Heurtel<br \/>\nGesch\u00e4ftsf\u00fchrerin<br \/>\n<strong>E-Mail:\u00a0\u00a0<\/strong> <a href=\"mailto:info@chorverband-thueringen.de\">info@chorverband-thueringen.de<\/a><br \/>\n<strong>Telefon:<\/strong> +49 (0)3643 801 9084<br \/>\n(wochentags von 9 bis 15 Uhr)<\/p>\n\n\t\t<\/div>\n\t<\/div>\n<\/div><\/div><\/div><\/div><div class=\"vc_row wpb_row vc_row-fluid\"><div class=\"wpb_column vc_column_container vc_col-sm-12\"><div class=\"vc_column-inner\"><div class=\"wpb_wrapper\"><div class=\"ult-spacer spacer-69e382fc1d6b0\" data-id=\"69e382fc1d6b0\" data-height=\"40\" data-height-mobile=\"40\" data-height-tab=\"40\" data-height-tab-portrait=\"\" data-height-mobile-landscape=\"\" style=\"clear:both;display:block;\"><\/div><\/div><\/div><\/div><\/div>\n<\/div>","protected":false},"excerpt":{"rendered":"Th\u00fcringer CHORsch\u00e4tze Jetzt mitgestalten und dabei sein! Vom 19. bis 21. Juni 2026 hei\u00dft es wieder: B\u00fchne frei f\u00fcr eindrucksvolle Chormusik an au\u00dfergew\u00f6hnlichen Orten! Die 3. Th\u00fcringer Chorsch\u00e4tze laden Ch\u00f6re aus ganz Deutschland ein, Teil eines einzigartigen Kulturwochenendes zu werden. Historische Schl\u00f6sser, stimmungsvolle Kirchen und malerische Parkanlagen in ganz Th\u00fcringen verwandeln sich in Konzertr\u00e4ume mit [...]","protected":false},"author":15,"featured_media":5574,"parent":0,"menu_order":0,"comment_status":"closed","ping_status":"closed","template":"","meta":{"footnotes":""},"class_list":["post-5430","page","type-page","status-publish","has-post-thumbnail","hentry"],"_links":{"self":[{"href":"https:\/\/schatzkammer-thueringen.de\/en\/wp-json\/wp\/v2\/pages\/5430","targetHints":{"allow":["GET"]}}],"collection":[{"href":"https:\/\/schatzkammer-thueringen.de\/en\/wp-json\/wp\/v2\/pages"}],"about":[{"href":"https:\/\/schatzkammer-thueringen.de\/en\/wp-json\/wp\/v2\/types\/page"}],"author":[{"embeddable":true,"href":"https:\/\/schatzkammer-thueringen.de\/en\/wp-json\/wp\/v2\/users\/15"}],"replies":[{"embeddable":true,"href":"https:\/\/schatzkammer-thueringen.de\/en\/wp-json\/wp\/v2\/comments?post=5430"}],"version-history":[{"count":77,"href":"https:\/\/schatzkammer-thueringen.de\/en\/wp-json\/wp\/v2\/pages\/5430\/revisions"}],"predecessor-version":[{"id":7159,"href":"https:\/\/schatzkammer-thueringen.de\/en\/wp-json\/wp\/v2\/pages\/5430\/revisions\/7159"}],"wp:featuredmedia":[{"embeddable":true,"href":"https:\/\/schatzkammer-thueringen.de\/en\/wp-json\/wp\/v2\/media\/5574"}],"wp:attachment":[{"href":"https:\/\/schatzkammer-thueringen.de\/en\/wp-json\/wp\/v2\/media?parent=5430"}],"curies":[{"name":"wp","href":"https:\/\/api.w.org\/{rel}","templated":true}]}}