{"id":6600,"date":"2026-03-02T13:31:41","date_gmt":"2026-03-02T12:31:41","guid":{"rendered":"https:\/\/schatzkammer-thueringen.de\/?page_id=6600"},"modified":"2026-04-07T11:06:03","modified_gmt":"2026-04-07T09:06:03","slug":"links","status":"publish","type":"page","link":"https:\/\/schatzkammer-thueringen.de\/en\/links\/","title":{"rendered":"Link"},"content":{"rendered":"<div class=\"wpb-content-wrapper\"><div data-vc-full-width=\"true\" data-vc-full-width-temp=\"true\" data-vc-full-width-init=\"false\" data-vc-stretch-content=\"true\" class=\"vc_row wpb_row vc_row-fluid hg-rot border-right vc_custom_1771923810433 vc_row-has-fill vc_row-no-padding\"><div class=\"wpb_column vc_column_container vc_col-sm-12 vc_col-lg-offset-4 vc_col-lg-4 vc_col-has-fill\"><div class=\"vc_column-inner vc_custom_1771923710537\"><div class=\"wpb_wrapper\">\n\t<div  class=\"wpb_single_image wpb_content_element vc_align_center wpb_content_element vc_custom_1771924079185\">\n\t\t\n\t\t<figure class=\"wpb_wrapper vc_figure\">\n\t\t\t<div class=\"vc_single_image-wrapper vc_box_border_circle  vc_box_border_grey\"><img decoding=\"async\" class=\"vc_single_image-img\" src=\"https:\/\/schatzkammer-thueringen.de\/wp-content\/uploads\/2026\/02\/Schatzkammer_Profilbild_youtube_800x800px-75x75.png\" width=\"75\" height=\"75\" alt=\"Schatzkammer_Profilbild_youtube_800x800px\" title=\"Schatzkammer_Profilbild_youtube_800x800px\" loading=\"lazy\" \/><\/div>\n\t\t<\/figure>\n\t<\/div>\n<h4 style=\"color: #FFFFFF;text-align: center\" class=\"vc_custom_heading vc_do_custom_heading\" >Treasure Chamber of Thuringia<\/h4><h6 style=\"color: #FFFFFF;text-align: center\" class=\"vc_custom_heading vc_do_custom_heading\" >Th\u00fcringens einzigartige Residenzenlandschaft<\/h6><div class=\"vc_custom_1771919589948 uavc-icons-center uavc-icons\">\n<a class=\"aio-tooltip 69e1a7e8448e1\" href=\"https:\/\/www.instagram.com\/schatzkammer.thueringen\/\" title=\"Treasure Chamber of Thuringia\"  data-toggle=\"tooltip\" data-placement=\"\"><div class=\"aio-icon circle\" data-animation=\"\" data-animation-delay=\"03\" style=\"color:#C71818;background:#FFFFFF;font-size:25px;margin-right:10px;\">\n\t<i class=\"Defaults-instagram\"><\/i>\n<\/div><\/a>\n<a class=\"aio-tooltip 69e1a7e844903\" href=\"https:\/\/www.facebook.com\/schatzkammer.thueringen\/\" title=\"Treasure Chamber of Thuringia\"  data-toggle=\"tooltip\" data-placement=\"\"><div class=\"aio-icon circle\" data-animation=\"\" data-animation-delay=\"03\" style=\"color:#C71818;background:#FFFFFF;font-size:25px;margin-right:10px;\">\n\t<i class=\"Defaults-facebook facebook-f\"><\/i>\n<\/div><\/a><\/div><div id=\"ultimate-video-930069e1a7e84492f\" class=\"ult-video  vc_custom_1771859299559 ult-adjust-bottom-margin ultimate-video-930069e1a7e84492f ultv-1460\"><div class=\"ultv-video ultv-aspect-ratio-16_9 ultv-subscribe-responsive-none\" data-videotype=\"uv_iframe\">\n\t\t\t\t\t\t<div class=\"ultv-video__outer-wrap\" data-autoplay=\"0\" data-device=\"false\"  data-iconbg=\"#3A3A3A\" data-overcolor=\"\" data-defaultbg=\"#1f1f1e\" data-defaultplay=\"defaulticon\"><div class=\"ultv-video__play\" data-src=\"https:\/\/www.youtube.com\/embed\/r-CTCMxx8gY?rel=0&#038;start&#038;end&#038;controls=1&#038;mute=0&#038;modestbranding=0&#038;autoplay=1\">\n\t\t\t\t\t\t\t\t<img decoding=\"async\" class=\"ultv-video__thumb\" src=\"https:\/\/i.ytimg.com\/vi\/r-CTCMxx8gY\/maxresdefault.jpg\"\/>\n\t\t\t\t\t\t\t\t<div class=\"ultv-video__play-icon  ultv-animation-none\" style=\"width:75px\"><svg height=\"100%\" version=\"1.1\" viewbox=\"0 0 68 48\" width=\"100%\"><path class=\"ultv-youtube-icon-bg\" d=\"m .66,37.62 c 0,0 .66,4.70 2.70,6.77 2.58,2.71 5.98,2.63 7.49,2.91 5.43,.52 23.10,.68 23.12,.68 .00,-1.3e-5 14.29,-0.02 23.81,-0.71 1.32,-0.15 4.22,-0.17 6.81,-2.89 2.03,-2.07 2.70,-6.77 2.70,-6.77 0,0 .67,-5.52 .67,-11.04 l 0,-5.17 c 0,-5.52 -0.67,-11.04 -0.67,-11.04 0,0 -0.66,-4.70 -2.70,-6.77 C 62.03,.86 59.13,.84 57.80,.69 48.28,0 34.00,0 34.00,0 33.97,0 19.69,0 10.18,.69 8.85,.84 5.95,.86 3.36,3.58 1.32,5.65 .66,10.35 .66,10.35 c 0,0 -0.55,4.50 -0.66,9.45 l 0,8.36 c .10,4.94 .66,9.45 .66,9.45 z\" fill=\"#1f1f1e\" ><\/path><path d=\"m 26.96,13.67 18.37,9.62 -18.37,9.55 -0.00,-19.17 z\" fill=\"#fff\"><\/path><path d=\"M 45.02,23.46 45.32,23.28 26.96,13.67 43.32,22.34 45.02,23.46 z\" fill=\"#ccc\"><\/path><\/svg><\/div> <\/div> <\/div><\/div><\/div><div class=\"vc_btn3-container vc_btn3-center vc_do_btn\" ><a style=\"background-color:#DE3434; color:#FFFFFF;\" class=\"vc_general vc_btn3 vc_btn3-size-md vc_btn3-shape-round vc_btn3-style-custom vc_btn3-block\" href=\"https:\/\/schatzkammer-thueringen.de\/en\/schloesser-gaerten\/\" title=\"Schl\u00f6sser &amp; G\u00e4rten\">Schl\u00f6sser und G\u00e4rten<\/a><\/div><div class=\"vc_btn3-container vc_btn3-center vc_do_btn\" ><a style=\"background-color:#DE3434; color:#FFFFFF;\" class=\"vc_general vc_btn3 vc_btn3-size-md vc_btn3-shape-round vc_btn3-style-custom vc_btn3-block\" href=\"https:\/\/schatzkammer-thueringen.de\/en\/themenwelten\/\" title=\"Themenwelten\">Themenwelten<\/a><\/div><div class=\"vc_btn3-container vc_btn3-center vc_do_btn\" ><a style=\"background-color:#DE3434; color:#FFFFFF;\" class=\"vc_general vc_btn3 vc_btn3-size-md vc_btn3-shape-round vc_btn3-style-custom vc_btn3-block\" href=\"https:\/\/schatzkammer-thueringen.de\/en\/schloessertage-pfingsten\/\" title=\"Thuringian Castles Days\">Th\u00fcringer Schl\u00f6ssertage 2026<\/a><\/div><div class=\"vc_btn3-container vc_btn3-center vc_do_btn\" ><a style=\"background-color:#DE3434; color:#FFFFFF;\" class=\"vc_general vc_btn3 vc_btn3-size-md vc_btn3-shape-round vc_btn3-style-custom vc_btn3-block\" href=\"https:\/\/schatzkammer-thueringen.de\/en\/chorschaetze\/\" title=\"Thuringian CHORal Treasures 2026\">Th\u00fcringer Chorsch\u00e4tze 2026<\/a><\/div><div class=\"vc_btn3-container vc_btn3-center vc_do_btn\" ><a style=\"background-color:#DE3434; color:#FFFFFF;\" class=\"vc_general vc_btn3 vc_btn3-size-md vc_btn3-shape-round vc_btn3-style-custom vc_btn3-block\" href=\"https:\/\/schatzkammer-thueringen.de\/en\/schloesserkindertag\/\" title=\"Thuringian Castle Children&#039;s Day\">Thuringian Castle Children's Day<\/a><\/div><div class=\"vc_btn3-container vc_btn3-center vc_do_btn\" ><a style=\"background-color:#DE3434; color:#FFFFFF;\" class=\"vc_general vc_btn3 vc_btn3-size-md vc_btn3-shape-round vc_btn3-style-custom vc_btn3-block\" href=\"https:\/\/schatzkammer-thueringen.de\/en\/aktuelles\/\" title=\"News\">News<\/a><\/div>\n\t<div class=\"wpb_text_column wpb_content_element vc_custom_1771923883606\" >\n\t\t<div class=\"wpb_wrapper\">\n\t\t\t<h6 style=\"text-align: center;\"><span style=\"color: #ffffff;\"><a style=\"color: #ffffff;\" href=\"https:\/\/schatzkammer-thueringen.de\/en\/impressum\/\">Imprint<\/a> | <a style=\"color: #ffffff;\" href=\"https:\/\/schatzkammer-thueringen.de\/en\/datenschutzerklaerung\/\">Data protection<\/a><\/span><\/h6>\n\n\t\t<\/div>\n\t<\/div>\n<\/div><\/div><\/div><\/div><div class=\"vc_row-full-width vc_clearfix\"><\/div>\n<\/div>","protected":false},"excerpt":{"rendered":"Schatzkammer Th\u00fcringenTh\u00fcringens einzigartige Residenzenlandschaft Schl\u00f6sser und G\u00e4rtenThemenweltenTh\u00fcringer Schl\u00f6ssertage 2026Th\u00fcringer Chorsch\u00e4tze 2026Schl\u00f6sserkindertagAktuelles Impressum | Datenschutz","protected":false},"author":15,"featured_media":0,"parent":0,"menu_order":0,"comment_status":"closed","ping_status":"closed","template":"","meta":{"footnotes":""},"class_list":["post-6600","page","type-page","status-publish","hentry"],"_links":{"self":[{"href":"https:\/\/schatzkammer-thueringen.de\/en\/wp-json\/wp\/v2\/pages\/6600","targetHints":{"allow":["GET"]}}],"collection":[{"href":"https:\/\/schatzkammer-thueringen.de\/en\/wp-json\/wp\/v2\/pages"}],"about":[{"href":"https:\/\/schatzkammer-thueringen.de\/en\/wp-json\/wp\/v2\/types\/page"}],"author":[{"embeddable":true,"href":"https:\/\/schatzkammer-thueringen.de\/en\/wp-json\/wp\/v2\/users\/15"}],"replies":[{"embeddable":true,"href":"https:\/\/schatzkammer-thueringen.de\/en\/wp-json\/wp\/v2\/comments?post=6600"}],"version-history":[{"count":61,"href":"https:\/\/schatzkammer-thueringen.de\/en\/wp-json\/wp\/v2\/pages\/6600\/revisions"}],"predecessor-version":[{"id":7101,"href":"https:\/\/schatzkammer-thueringen.de\/en\/wp-json\/wp\/v2\/pages\/6600\/revisions\/7101"}],"wp:attachment":[{"href":"https:\/\/schatzkammer-thueringen.de\/en\/wp-json\/wp\/v2\/media?parent=6600"}],"curies":[{"name":"wp","href":"https:\/\/api.w.org\/{rel}","templated":true}]}}