{"id":954,"date":"2019-10-10T14:40:50","date_gmt":"2019-10-10T12:40:50","guid":{"rendered":"http:\/\/s1073265861.online.de\/?page_id=954"},"modified":"2026-02-11T12:19:02","modified_gmt":"2026-02-11T11:19:02","slug":"impressum","status":"publish","type":"page","link":"https:\/\/schatzkammer-thueringen.de\/en\/impressum\/","title":{"rendered":"Imprint"},"content":{"rendered":"<div class=\"wpb-content-wrapper\"><div class=\"vc_row wpb_row vc_row-fluid\"><div class=\"wpb_column vc_column_container vc_col-sm-12\"><div class=\"vc_column-inner\"><div class=\"wpb_wrapper\"><div class=\"vc_empty_space\"   style=\"height: 100px\"><span class=\"vc_empty_space_inner\"><\/span><\/div><h2 style=\"text-align: left\" class=\"vc_custom_heading vc_do_custom_heading\" >Imprint<\/h2><div class=\"vc_empty_space\"   style=\"height: 32px\"><span class=\"vc_empty_space_inner\"><\/span><\/div>\n\t<div class=\"wpb_text_column wpb_content_element link-rot\" >\n\t\t<div class=\"wpb_wrapper\">\n\t\t\t<h4>Friedenstein Foundation Gotha<\/h4>\n<p>Friedenstein Palace<br \/>\nSchlossplatz 1<br \/>\n99867 Gotha<\/p>\n<p>Phone: +49 3621 \/ 82 34-0<br \/>\nFax: +49 3621 \/ 82 34-290<br \/>\nE-Mail: <a href=\"\/en\/service@stiftung-friedenstein.de\/\" target=\"_blank\" rel=\"noopener noreferrer\">service@stiftung-friedenstein.de<\/a><br \/>\nWebsite: <a href=\"https:\/\/www.stiftungfriedenstein.de\/\/\">www.stiftung-friedenstein.de<\/a><\/p>\n<p>The Friedenstein Foundation Gotha is a foundation under civil law.<\/p>\n<p><strong>Authorized representative<\/strong><br \/>\nDr. Tobias Pfeifer-Helke, Foundation Director<\/p>\n<p><strong>Competent supervisory authority<\/strong><br \/>\nThuringian Ministry of the Interior and Municipal Affairs<\/p>\n<p><strong>Image rights<\/strong><\/p>\n<p>Das Bildmaterial ist urheberrechtlich gesch\u00fctzt. Die Rechte liegen, sofern nicht anders gekennzeichnet, bei der Friedenstein Stiftung Gotha. Der Anbieter bem\u00fcht sich intensiv, alle Inhaber von Abbildungsrechten ausfindig zu machen. Personen und Institutionen, die m\u00f6glicherweise nicht ermittelt werden konnten, bitten wir um Nachricht.<\/p>\n<p>\u00a9 Schatzkammer Th\u00fcringen; Foto:<br \/>\nMarcus Glahn;<br \/>\nCandy Welz;<br \/>\nPhilipp Hort<\/p>\n<p><strong>Responsible for content according to \u00a7 6 MDStV<\/strong><br \/>\nDr. Tobias Pfeifer-Helke<\/p>\n<p><strong>Rechtshinweise<\/strong><br \/>\nAlle Rechte vorbehalten. Es ist insbesondere nicht gestattet, ohne ausdr\u00fcckliche Genehmigung der Friedenstein Stiftung Gotha diese Ver\u00f6ffentlichung oder Teile daraus f\u00fcr gewerbliche Zwecke zu \u00fcbernehmen, zu \u00fcbersetzen, zu vervielf\u00e4ltigen, auf Mikrofilm\/-fiche oder in elektronische Systeme einzuspeichern oder in irgendeiner Weise zu ver\u00e4ndern.<\/p>\n<p><strong>Haftung<\/strong><br \/>\nAlle Informationen und angebotenen Materialien beruhen auf als zuverl\u00e4ssig erachteten Quellen. Die Friedenstein Stiftung Gotha nimmt jedoch keine Gew\u00e4hr f\u00fcr Inhalt, Richtigkeit und Vollst\u00e4ndigkeit der Angaben und angebotenen Materialien. Trotz sorgf\u00e4ltiger inhaltlicher Kontrolle \u00fcbernimmt die Friedenstein Stiftung Gotha keine Haftung f\u00fcr die Inhalte externer Links. F\u00fcr den Inhalt der verlinkten Seiten sind ausschlie\u00dflich deren Betreiber verantwortlich.<\/p>\n<p>The reprint and evaluation of press releases is permitted.<\/p>\n<p>Die Seiten werden laufend aktualisiert und erweitert. \u00dcber Anregungen freuen wir uns. Bitte schreiben Sie an die info@schatzkammer-thueringen.de.<\/p>\n<p><strong>Realization<\/strong><br \/>\n<a href=\"https:\/\/www.hsag.info\/\">hsag Heidelberger Services AG<\/a><br \/>\nE-Mail: <a href=\"mailto:info@hsag.info\">info@hsag.info<\/a><\/p>\n\n\t\t<\/div>\n\t<\/div>\n<\/div><\/div><\/div><\/div>\n<\/div>","protected":false},"excerpt":{"rendered":"Impressum Friedenstein Stiftung Gotha Schloss Friedenstein Schlossplatz 1 99867 Gotha Telefon: 0 36 21 \/ 82 34-0 Telefax: 0 36 21 \/ 82 34-290 E-Mail: service@stiftung-friedenstein.de Internet: www.stiftung-friedenstein.de Die Friedenstein Stiftung Gotha ist eine Stiftung des b\u00fcrgerlichen Rechts. Vertretungsberechtigte Person Dr. Tobias Pfeifer-Helke, Stiftungsdirektor Zust\u00e4ndige Aufsichtsbeh\u00f6rde Th\u00fcringer Ministerium f\u00fcr Inneres und Kommunales Bildrechte Das Bildmaterial [...]","protected":false},"author":3,"featured_media":4822,"parent":0,"menu_order":0,"comment_status":"closed","ping_status":"closed","template":"","meta":{"footnotes":""},"class_list":["post-954","page","type-page","status-publish","has-post-thumbnail","hentry"],"_links":{"self":[{"href":"https:\/\/schatzkammer-thueringen.de\/en\/wp-json\/wp\/v2\/pages\/954","targetHints":{"allow":["GET"]}}],"collection":[{"href":"https:\/\/schatzkammer-thueringen.de\/en\/wp-json\/wp\/v2\/pages"}],"about":[{"href":"https:\/\/schatzkammer-thueringen.de\/en\/wp-json\/wp\/v2\/types\/page"}],"author":[{"embeddable":true,"href":"https:\/\/schatzkammer-thueringen.de\/en\/wp-json\/wp\/v2\/users\/3"}],"replies":[{"embeddable":true,"href":"https:\/\/schatzkammer-thueringen.de\/en\/wp-json\/wp\/v2\/comments?post=954"}],"version-history":[{"count":7,"href":"https:\/\/schatzkammer-thueringen.de\/en\/wp-json\/wp\/v2\/pages\/954\/revisions"}],"predecessor-version":[{"id":6444,"href":"https:\/\/schatzkammer-thueringen.de\/en\/wp-json\/wp\/v2\/pages\/954\/revisions\/6444"}],"wp:featuredmedia":[{"embeddable":true,"href":"https:\/\/schatzkammer-thueringen.de\/en\/wp-json\/wp\/v2\/media\/4822"}],"wp:attachment":[{"href":"https:\/\/schatzkammer-thueringen.de\/en\/wp-json\/wp\/v2\/media?parent=954"}],"curies":[{"name":"wp","href":"https:\/\/api.w.org\/{rel}","templated":true}]}}